{"id":78943,"date":"2021-03-05T10:52:13","date_gmt":"2021-03-05T10:52:13","guid":{"rendered":"https:\/\/scramblestuff.com\/eu\/eu-shipping-information\/"},"modified":"2025-08-09T13:11:21","modified_gmt":"2025-08-09T12:11:21","slug":"eu-shipping-information","status":"publish","type":"page","link":"https:\/\/scramblestuff.com\/eu\/de\/eu-shipping-information\/","title":{"rendered":"LIEFERUNG in die EU"},"content":{"rendered":"\n<h4 class=\"wp-block-heading\">Versand<\/h4>\n\n<p>Bestellungen, die vor 12:00 Uhr (UK Time) get\u00e4tigt werden, werden am selben Tag versendet.<\/p>\n\n<p>Bestellungen, die freitags nach 12:00 Uhr (UK Time) get\u00e4tigt werden, werden am darauffolgenden Montag versendet.<\/p>\n\n<p>Bitte beachte, dass es aufgrund externer Ereignisse zu Lieferverz\u00f6gerungen kommen kann.<\/p>\n\n<p><strong>UPS Versand<\/strong><\/p>\n\n<p>Wir bieten einen pauschalen Versand von <strong>8 \u20ac<\/strong> auf das europ\u00e4ische Festland.<\/p>\n\n<p>Bestellungen, die per UPS verschickt werden, werden in der Regel innerhalb von 1 &#8211; 4 Tagen zugestellt, je nach deinem Standort.<\/p>\n\n<p><em><strong>Fedex Shipping<\/strong><\/em><\/p>\n\n<p>Durchschnittliche Lieferzeiten reichen von 1 \u2013 4 Arbeitstagen, abh\u00e4ngig von deiner Lieferadresse.<\/p>\n\n<p>Du bekommst eine Best\u00e4tigungsmail mit der Trackingnummer und einem Link zur FedEx Webseite. Dort gibt es die M\u00f6glichkeit, dich f\u00fcr Status-Updates zu deiner Lieferung zu registrieren.<\/p>\n\n<p><em><strong>Internationale Post<\/strong><\/em><\/p>\n\n<p>Bestellungen mittels internationaler Post nutzen das lokale Postservice. Royal Mail \u00fcbergibt das Paket an dein lokales Postservice (zum Beispiel: deutsche Post, La Poste, Correos) und du kannst es weiter verfolgen. Durchschnittliche Lieferzeiten reichen von 3 \u2013 5 Arbeitstagen, abh\u00e4ngig von deinem Standort, k\u00f6nnen aber auch bis zu 3 Wochen dauern.<\/p>\n\n<p>Bitte beachte, dass w\u00e4hrend unserem Black Friday-Sale die kostenfreie Lieferung nicht zur Verf\u00fcgung steht.<\/p>\n\n<h4 class=\"wp-block-heading\">Steuer<\/h4>\n\n<p>Deine Bestellungen werden aus unserem UK Lager versendet. Scramble Sports LTD ist in UK beheimatet, aber f\u00fcr die VAT(Mehrwertsteuer) in der EU registriert. Alle unsere Preise beinhalten die Mehrwertsteuer, welche wir einbeziehen und an die zust\u00e4ndigen Stellen abgeben. Du musst also keine weiteren Steuern oder Geb\u00fchren mehr zahlen! Sollte dies doch passieren und dir werden weitere Geb\u00fchren verrechnet, bitte kontaktiere uns unter <strong>help@scramblestuff.com<\/strong> mit genauen Details und wir helfen dir es zu l\u00f6sen.<\/p>\n\n<h4 class=\"wp-block-heading\">R\u00dcCKGABE<\/h4>\n\n<p>Falls du nicht komplett zufrieden bist mit deiner Bestellung, kannst du diese ganz einfach retournieren. Bitte im Original-Zustand und innerhalb von 28 Tagen ab Erhalt. Gerne kannst du uns unter <strong>help@scramblestuff.com<\/strong> kontaktieren und wir senden dir ein R\u00fccksendeformular und genauere Details zur Retournierung zu.<\/p>\n\n<p>Aus hygienischen Gr\u00fcnden k\u00f6nnen wir schon im Training getragene Kleidung nicht erstatten! Dies hat keine Auswirkung auf deine gesetzlichen Rechte. Wenn m\u00f6glich sollen die Retouren in Original-Verpackung, mit allen beigef\u00fcgten Dokumenten und dem R\u00fccksendeformular beigelegt, retourniert werden. Es ist sehr wichtig, dass wir die Nummer deiner Bestellung wissen, so dass wir deine korrekten Daten haben, und die Information, ob du eine Erstattung oder einen Umtausch m\u00f6chtest. Ohne diese Daten k\u00f6nnen wir den Erstattungsprozess nicht beginnen. F\u00fclle also das Formular bitte vollst\u00e4ndig aus.<\/p>\n\n<p>Wir bitten dich sorgf\u00e4ltig mit der Ware umzugehen. Das hei\u00dft: Du kannst die Teile nat\u00fcrlich anprobieren, aber entferne bitte keine Schilder und behalte die Original-Verpackung. Die Ware darf nicht beschmutzt, gerissen oder besch\u00e4digt werden.<\/p>\n\n<p>Wir halten uns an alle nationalen und internationalen Gesetze bez\u00fcglich Retouren und R\u00fcckerstattung.<\/p>\n\n<p>Gerne kannst Du uns unter <strong>help@scramblestuff.com<\/strong> kontaktieren, falls du weitere Fragen zu deiner R\u00fccksendung hast.<\/p>\n","protected":false},"excerpt":{"rendered":"<p>Versand Bestellungen, die vor 12:00 Uhr (UK Time) get\u00e4tigt werden, werden am selben Tag versendet. Bestellungen, die freitags nach 12:00 Uhr (UK Time) get\u00e4tigt werden, werden am darauffolgenden Montag versendet. Bitte beachte, dass es aufgrund externer Ereignisse zu Lieferverz\u00f6gerungen kommen kann. UPS Versand Wir bieten einen pauschalen Versand von 8 \u20ac auf das europ\u00e4ische Festland.<\/p>\n<div><a class=\"btn-filled btn\" href=\"https:\/\/scramblestuff.com\/eu\/de\/eu-shipping-information\/\" title=\"LIEFERUNG in die EU\">Weiterlesen<\/a><\/div>\n","protected":false},"author":1,"featured_media":0,"parent":0,"menu_order":0,"comment_status":"closed","ping_status":"closed","template":"page-templates\/no-sidebar.php","meta":{"_editorskit_title_hidden":false,"_editorskit_reading_time":0,"_editorskit_is_block_options_detached":false,"_editorskit_block_options_position":"{}","footnotes":""},"class_list":["post-78943","page","type-page","status-publish","hentry"],"_links":{"self":[{"href":"https:\/\/scramblestuff.com\/eu\/de\/wp-json\/wp\/v2\/pages\/78943","targetHints":{"allow":["GET"]}}],"collection":[{"href":"https:\/\/scramblestuff.com\/eu\/de\/wp-json\/wp\/v2\/pages"}],"about":[{"href":"https:\/\/scramblestuff.com\/eu\/de\/wp-json\/wp\/v2\/types\/page"}],"author":[{"embeddable":true,"href":"https:\/\/scramblestuff.com\/eu\/de\/wp-json\/wp\/v2\/users\/1"}],"replies":[{"embeddable":true,"href":"https:\/\/scramblestuff.com\/eu\/de\/wp-json\/wp\/v2\/comments?post=78943"}],"version-history":[{"count":9,"href":"https:\/\/scramblestuff.com\/eu\/de\/wp-json\/wp\/v2\/pages\/78943\/revisions"}],"predecessor-version":[{"id":97869,"href":"https:\/\/scramblestuff.com\/eu\/de\/wp-json\/wp\/v2\/pages\/78943\/revisions\/97869"}],"wp:attachment":[{"href":"https:\/\/scramblestuff.com\/eu\/de\/wp-json\/wp\/v2\/media?parent=78943"}],"curies":[{"name":"wp","href":"https:\/\/api.w.org\/{rel}","templated":true}]}}