{"id":75496,"date":"2023-03-03T12:31:27","date_gmt":"2023-03-03T12:31:27","guid":{"rendered":"https:\/\/scramblestuff.com\/eu\/p\/kihon-belt-brown\/"},"modified":"2025-11-04T15:35:46","modified_gmt":"2025-11-04T15:35:46","slug":"kihon-belt-brown","status":"publish","type":"product","link":"https:\/\/scramblestuff.com\/eu\/de\/p\/kihon-belt-brown\/","title":{"rendered":"Kihon Belt &#8211; Braun"},"content":{"rendered":"<p>Diese Jiu-Jitsu-G\u00fcrtel sind perfekt, um deinen Gi zu binden. Nicht so geeignet f\u00fcr No-Gi, aber das ist in Ordnung, denn No-Gi ist das &#8222;Teufels-Jiujitsu&#8220;, und Helios sch\u00fcttelt entt\u00e4uscht den Kopf vom Himmel, jedes Mal, wenn du es machst. Sie bestehen aus hochwertiger Baumwolle und einem besonderen Perlwebmuster-&#8222;Rank Tab&#8220; mit einer angenehmen Textur. Ideal, um deinen G\u00fcrtel sch\u00f6n fest zu binden, damit dich keine Anf\u00e4nger mit ihm w\u00fcrgen k\u00f6nnen.<\/p>\n<p>A0 \u2013 225cm<\/p>\n<p>A1 \u2013 255cm<\/p>\n<p>A2 \u2013 290cm<\/p>\n<p>A3 \u2013 305cm<\/p>\n<p>A4 \u2013 320cm<\/p>\n","protected":false},"excerpt":{"rendered":"<p>Hochwertige Materialien und Verarbeitung<br \/>\nIndividueller &#8222;Tanren&#8220; Kalligraphie-Aufn\u00e4her<br \/>\nEinzigartige Perlenwebstreifenleiste<\/p>\n","protected":false},"featured_media":87194,"comment_status":"open","ping_status":"closed","template":"","meta":{"_editorskit_title_hidden":false,"_editorskit_reading_time":0,"_editorskit_is_block_options_detached":false,"_editorskit_block_options_position":"{}"},"product_brand":[],"product_cat":[185,217],"product_tag":[],"giftcard-category":[],"class_list":{"0":"post-75496","1":"product","2":"type-product","3":"status-publish","4":"has-post-thumbnail","6":"product_cat-alle-produkte","7":"product_cat-bjj-gurtel","9":"first","10":"instock","11":"taxable","12":"shipping-taxable","13":"purchasable","14":"product-type-variable"},"_links":{"self":[{"href":"https:\/\/scramblestuff.com\/eu\/de\/wp-json\/wp\/v2\/product\/75496","targetHints":{"allow":["GET"]}}],"collection":[{"href":"https:\/\/scramblestuff.com\/eu\/de\/wp-json\/wp\/v2\/product"}],"about":[{"href":"https:\/\/scramblestuff.com\/eu\/de\/wp-json\/wp\/v2\/types\/product"}],"replies":[{"embeddable":true,"href":"https:\/\/scramblestuff.com\/eu\/de\/wp-json\/wp\/v2\/comments?post=75496"}],"wp:featuredmedia":[{"embeddable":true,"href":"https:\/\/scramblestuff.com\/eu\/de\/wp-json\/wp\/v2\/media\/87194"}],"wp:attachment":[{"href":"https:\/\/scramblestuff.com\/eu\/de\/wp-json\/wp\/v2\/media?parent=75496"}],"wp:term":[{"taxonomy":"product_brand","embeddable":true,"href":"https:\/\/scramblestuff.com\/eu\/de\/wp-json\/wp\/v2\/product_brand?post=75496"},{"taxonomy":"product_cat","embeddable":true,"href":"https:\/\/scramblestuff.com\/eu\/de\/wp-json\/wp\/v2\/product_cat?post=75496"},{"taxonomy":"product_tag","embeddable":true,"href":"https:\/\/scramblestuff.com\/eu\/de\/wp-json\/wp\/v2\/product_tag?post=75496"},{"taxonomy":"giftcard-category","embeddable":true,"href":"https:\/\/scramblestuff.com\/eu\/de\/wp-json\/wp\/v2\/giftcard-category?post=75496"}],"curies":[{"name":"wp","href":"https:\/\/api.w.org\/{rel}","templated":true}]}}