{"id":75526,"date":"2023-01-18T10:17:23","date_gmt":"2023-01-18T10:17:23","guid":{"rendered":"https:\/\/scramblestuff.com\/eu\/p\/scramble-grip-trainers-new\/"},"modified":"2026-01-21T10:31:06","modified_gmt":"2026-01-21T10:31:06","slug":"scramble-griffkraft-trainer-neu","status":"publish","type":"product","link":"https:\/\/scramblestuff.com\/eu\/de\/p\/scramble-griffkraft-trainer-neu\/","title":{"rendered":"Scramble Griffkraft-Trainer"},"content":{"rendered":"<p><em>Oft imitiert, nie \u00fcbertroffen. Jetzt mit hinzugef\u00fcgtem Revers \u2013 in Erwartung, dass minderwertige Marken es versuchen zu kopieren.<\/em><\/p>\n<p>Hasst du es nicht auch, wenn ein wirklich gro\u00dfer Kerl mit einem beeindruckenden Schnurrbart deine Hand sch\u00fcttelt und sie zu Staub zerquetscht? W\u00fcrdest du dir nicht auch w\u00fcnschen, du h\u00e4ttest einen Grip wie Tom Selleck?<\/p>\n<p>Du kannst jetzt den Griff aller Griffe haben, dank des Scramble Griffkraft-Trainers.<\/p>\n<p>Wir haben uns eine ganze Weile den Kopf zerbrochen, um die einfachste M\u00f6glichkeit zu finden, den effektivsten Griffkraft-Trainer herzustellen. Und dies ist das Ergebnis. Es ist aus robustem 550gsm Pearl-Weave-BJJ-Kimono-Stoff gefertigt und l\u00e4sst sich leicht an Klimmzugstangen, Kettlebells und \u00e4hnlichen Gegenst\u00e4nden befestigen.<\/p>\n<p>\u00dcbe deinen Reversgriff, Spider-Guard-Griff, Pistolen- oder Joystick-Griff&#8230; die M\u00f6glichkeiten sind endlos. Jeden Griff, den du bei deinem Gegner anwenden kannst, kannst du auch hiermit praktizieren.<\/p>\n<p>Verbessere die Griffkraft f\u00fcr Jiu Jitsu, Judo, No-Gi und sogar MMA mit dem Scramble Griffkraft-Trainer.<\/p>\n<p>Jede Bestellung besteht aus einem Paar Griffkraft-Trainer, d.h. zwei (2) Griffkraft-Trainer.<\/p>\n","protected":false},"excerpt":{"rendered":"<p>Hochspezifisches Grifftraining f\u00fcr BJJ. Die einfache Konstruktion verleiht St\u00e4rke und Haltbarkeit. Erlange diesen so wichtigen, ultra-kraftvollen, starken H\u00e4ndedruck.<\/p>\n","protected":false},"featured_media":87614,"comment_status":"open","ping_status":"closed","template":"","meta":{"_editorskit_title_hidden":false,"_editorskit_reading_time":0,"_editorskit_is_block_options_detached":false,"_editorskit_block_options_position":"{}"},"product_brand":[],"product_cat":[185,181],"product_tag":[],"giftcard-category":[],"class_list":{"0":"post-75526","1":"product","2":"type-product","3":"status-publish","4":"has-post-thumbnail","6":"product_cat-alle-produkte","7":"product_cat-zubehor","9":"first","10":"instock","11":"taxable","12":"shipping-taxable","13":"purchasable","14":"product-type-simple"},"_links":{"self":[{"href":"https:\/\/scramblestuff.com\/eu\/de\/wp-json\/wp\/v2\/product\/75526","targetHints":{"allow":["GET"]}}],"collection":[{"href":"https:\/\/scramblestuff.com\/eu\/de\/wp-json\/wp\/v2\/product"}],"about":[{"href":"https:\/\/scramblestuff.com\/eu\/de\/wp-json\/wp\/v2\/types\/product"}],"replies":[{"embeddable":true,"href":"https:\/\/scramblestuff.com\/eu\/de\/wp-json\/wp\/v2\/comments?post=75526"}],"wp:featuredmedia":[{"embeddable":true,"href":"https:\/\/scramblestuff.com\/eu\/de\/wp-json\/wp\/v2\/media\/87614"}],"wp:attachment":[{"href":"https:\/\/scramblestuff.com\/eu\/de\/wp-json\/wp\/v2\/media?parent=75526"}],"wp:term":[{"taxonomy":"product_brand","embeddable":true,"href":"https:\/\/scramblestuff.com\/eu\/de\/wp-json\/wp\/v2\/product_brand?post=75526"},{"taxonomy":"product_cat","embeddable":true,"href":"https:\/\/scramblestuff.com\/eu\/de\/wp-json\/wp\/v2\/product_cat?post=75526"},{"taxonomy":"product_tag","embeddable":true,"href":"https:\/\/scramblestuff.com\/eu\/de\/wp-json\/wp\/v2\/product_tag?post=75526"},{"taxonomy":"giftcard-category","embeddable":true,"href":"https:\/\/scramblestuff.com\/eu\/de\/wp-json\/wp\/v2\/giftcard-category?post=75526"}],"curies":[{"name":"wp","href":"https:\/\/api.w.org\/{rel}","templated":true}]}}