{"id":75556,"date":"2022-11-29T15:56:28","date_gmt":"2022-11-29T15:56:28","guid":{"rendered":"https:\/\/scramblestuff.com\/eu\/p\/scramble-logotype-handwraps\/"},"modified":"2025-08-09T13:50:57","modified_gmt":"2025-08-09T12:50:57","slug":"scramble-logotype-handbandagen","status":"publish","type":"product","link":"https:\/\/scramblestuff.com\/eu\/de\/p\/scramble-logotype-handbandagen\/","title":{"rendered":"Scramble Logotype-Handbandagen"},"content":{"rendered":"<p>Wir wissen, dass einige von euch auch gerne etwas schlagkr\u00e4ftiges Training machen, also haben wir diese Handbandagen entwickelt, um sicherzustellen, dass eure verschwitzten Pfoten gut aussehen und sich gut anf\u00fchlen unter diesen Handschuhen. An einem Ende der Bandage befindet sich eine Daumenschlaufe, am anderen Ende ein Klettverschluss, um die Anwendung so einfach wie m\u00f6glich zu machen. Anleitungen zum tats\u00e4chlich richtigen Binden der H\u00e4nde sind nicht enthalten, also schau auf YouTube, wenn du nicht m\u00f6chtest, dass es aussieht, wie eine schnell angebrachte Wundauflage.<\/p>\n","protected":false},"excerpt":{"rendered":"<p>Logotype Handbandagen<br \/>\n&#8211; 210 inch Handwraps<br \/>\n&#8211; Polyester mit Sublimationsdruck<br \/>\n&#8211; Daumenschlaufe und Klettverschluss<br \/>\n&#8211; Wiederholtes Logomuster<\/p>\n","protected":false},"featured_media":87674,"comment_status":"open","ping_status":"closed","template":"","meta":{"_editorskit_title_hidden":false,"_editorskit_reading_time":0,"_editorskit_is_block_options_detached":false,"_editorskit_block_options_position":"{}"},"product_brand":[],"product_cat":[404,181],"product_tag":[],"giftcard-category":[],"class_list":{"0":"post-75556","1":"product","2":"type-product","3":"status-publish","4":"has-post-thumbnail","6":"product_cat-mma-de","7":"product_cat-zubehor","9":"first","10":"outofstock","11":"taxable","12":"shipping-taxable","13":"purchasable","14":"product-type-simple"},"_links":{"self":[{"href":"https:\/\/scramblestuff.com\/eu\/de\/wp-json\/wp\/v2\/product\/75556","targetHints":{"allow":["GET"]}}],"collection":[{"href":"https:\/\/scramblestuff.com\/eu\/de\/wp-json\/wp\/v2\/product"}],"about":[{"href":"https:\/\/scramblestuff.com\/eu\/de\/wp-json\/wp\/v2\/types\/product"}],"replies":[{"embeddable":true,"href":"https:\/\/scramblestuff.com\/eu\/de\/wp-json\/wp\/v2\/comments?post=75556"}],"wp:featuredmedia":[{"embeddable":true,"href":"https:\/\/scramblestuff.com\/eu\/de\/wp-json\/wp\/v2\/media\/87674"}],"wp:attachment":[{"href":"https:\/\/scramblestuff.com\/eu\/de\/wp-json\/wp\/v2\/media?parent=75556"}],"wp:term":[{"taxonomy":"product_brand","embeddable":true,"href":"https:\/\/scramblestuff.com\/eu\/de\/wp-json\/wp\/v2\/product_brand?post=75556"},{"taxonomy":"product_cat","embeddable":true,"href":"https:\/\/scramblestuff.com\/eu\/de\/wp-json\/wp\/v2\/product_cat?post=75556"},{"taxonomy":"product_tag","embeddable":true,"href":"https:\/\/scramblestuff.com\/eu\/de\/wp-json\/wp\/v2\/product_tag?post=75556"},{"taxonomy":"giftcard-category","embeddable":true,"href":"https:\/\/scramblestuff.com\/eu\/de\/wp-json\/wp\/v2\/giftcard-category?post=75556"}],"curies":[{"name":"wp","href":"https:\/\/api.w.org\/{rel}","templated":true}]}}