{"id":75557,"date":"2022-11-29T15:02:18","date_gmt":"2022-11-29T15:02:18","guid":{"rendered":"https:\/\/scramblestuff.com\/eu\/p\/strong-beard-tee-v3\/"},"modified":"2024-06-04T22:27:22","modified_gmt":"2024-06-04T21:27:22","slug":"strong-beard-tee-v3","status":"publish","type":"product","link":"https:\/\/scramblestuff.com\/eu\/de\/p\/strong-beard-tee-v3\/","title":{"rendered":"Strong Beard Tee V3"},"content":{"rendered":"<p>Das Scramble Strong Beard Tee ist eines unserer legend\u00e4rsten Produkte. Es wurde sozusagen als Neuheit konzipiert, basierend auf etwas, das ein Freund gesagt hat (&#8222;starker Bart, starker Kampf!&#8220;). Es flog buchst\u00e4blich aus den Regalen und war fast augenblicklich ausverkauft. Es ist im Laufe der Jahre in vielen Varianten erschienen, aber was es wirklich besonders machte, war, als Tom Hardy es bei einigen Interviews trug. Tom Hardy in einem &#8222;Scramble Strong Beard Tee&#8220; = Big News. Jeden Tag erhalten wir unz\u00e4hlige Anfragen von Leuten, die nach &#8222;Tom Hardy Scramble Beard Tee&#8220; suchen. Hier ist es also wieder, aus 100% superweicher, schwerer Bio-Baumwolle. Wir haben auch ein paar Zentimeter in der L\u00e4nge hinzugef\u00fcgt, um dir zu helfen, deinen Bierbauch zu bedecken (Statistiken zeigen, dass B\u00e4rte und Bierb\u00e4uche eine starke statistische \u00dcberschneidung haben) ODER um zu verhindern, dass es hochrutscht, wenn du nach oben greifst, um dir durch deine pr\u00e4chtige Haarm\u00e4hne zu streichen. Nie l\u00fcgen, nie betr\u00fcgen, nie aufgeben, nie rasieren!<\/p>\n","protected":false},"excerpt":{"rendered":"<p>Legend\u00e4res Scramble Strong Beard Tee<\/p>\n<p>Verbesserte Passform &amp; Verarbeitung<br \/>\nSchadensmultiplikator, wenn mit einem Bart getragen<\/p>\n","protected":false},"featured_media":73262,"comment_status":"open","ping_status":"closed","template":"","meta":{"_editorskit_title_hidden":false,"_editorskit_reading_time":0,"_editorskit_is_block_options_detached":false,"_editorskit_block_options_position":"{}"},"product_brand":[],"product_cat":[185,189,27,209,231],"product_tag":[],"giftcard-category":[],"class_list":{"0":"post-75557","1":"product","2":"type-product","3":"status-publish","4":"has-post-thumbnail","6":"product_cat-alle-produkte","7":"product_cat-freizeitkleidung","8":"product_cat-sale","9":"product_cat-t-shirts-de","10":"product_cat-verkauf","12":"first","13":"outofstock","14":"taxable","15":"shipping-taxable","16":"purchasable","17":"product-type-variable"},"_links":{"self":[{"href":"https:\/\/scramblestuff.com\/eu\/de\/wp-json\/wp\/v2\/product\/75557","targetHints":{"allow":["GET"]}}],"collection":[{"href":"https:\/\/scramblestuff.com\/eu\/de\/wp-json\/wp\/v2\/product"}],"about":[{"href":"https:\/\/scramblestuff.com\/eu\/de\/wp-json\/wp\/v2\/types\/product"}],"replies":[{"embeddable":true,"href":"https:\/\/scramblestuff.com\/eu\/de\/wp-json\/wp\/v2\/comments?post=75557"}],"wp:featuredmedia":[{"embeddable":true,"href":"https:\/\/scramblestuff.com\/eu\/de\/wp-json\/wp\/v2\/media\/73262"}],"wp:attachment":[{"href":"https:\/\/scramblestuff.com\/eu\/de\/wp-json\/wp\/v2\/media?parent=75557"}],"wp:term":[{"taxonomy":"product_brand","embeddable":true,"href":"https:\/\/scramblestuff.com\/eu\/de\/wp-json\/wp\/v2\/product_brand?post=75557"},{"taxonomy":"product_cat","embeddable":true,"href":"https:\/\/scramblestuff.com\/eu\/de\/wp-json\/wp\/v2\/product_cat?post=75557"},{"taxonomy":"product_tag","embeddable":true,"href":"https:\/\/scramblestuff.com\/eu\/de\/wp-json\/wp\/v2\/product_tag?post=75557"},{"taxonomy":"giftcard-category","embeddable":true,"href":"https:\/\/scramblestuff.com\/eu\/de\/wp-json\/wp\/v2\/giftcard-category?post=75557"}],"curies":[{"name":"wp","href":"https:\/\/api.w.org\/{rel}","templated":true}]}}