{"id":75563,"date":"2022-11-29T11:16:19","date_gmt":"2022-11-29T11:16:19","guid":{"rendered":"https:\/\/scramblestuff.com\/eu\/p\/scramble-core-shorts-black\/"},"modified":"2025-08-09T13:43:23","modified_gmt":"2025-08-09T12:43:23","slug":"scramble-core-shorts-schwarz","status":"publish","type":"product","link":"https:\/\/scramblestuff.com\/eu\/de\/p\/scramble-core-shorts-schwarz\/","title":{"rendered":"Scramble Core Shorts &#8211; Schwarz"},"content":{"rendered":"<div>\n<p>Unsere Base Shorts wurden mit dezentem und schlichtem Design entworfen, mit Fokus auf einer sportlichen Schnittf\u00fchrung, hochwertigen Materialien und makelloser Verarbeitung. Die Base Shorts sind f\u00fcr Grappling, No-Gi und MMA-Training sowie f\u00fcr alle anderen sportlichen Aktivit\u00e4ten geeignet. Sie sind eng anliegend mit einem elastischen Bund und lassen sich gut mit eng anliegender Unterw\u00e4sche wie unseren Vale-Tudo-Shorts kombinieren.<\/p>\n<\/div>\n<div>Dies sind schwarze Grappling-Shorts, die den Richtlinien der International Brazilian Jiu-Jitsu Federation (IBJJF) f\u00fcr das Tragen im No-Gi entsprechen. Das Druckverfahren ist sublimiert, sodass du sicher sein kannst, dass die Grafiken niemals verblassen, sich abl\u00f6sen, Risse bekommen oder zerfallen werden.<\/div>\n","protected":false},"excerpt":{"rendered":"<div>Neue Passform &#8211; kein Klettverschluss, engere Passform<br \/>\nHochwertige Materialien<br \/>\nDehnbar mit freiem Bewegungsspielraum<\/div>\n<div>Sublimations-Druck rei\u00dft nicht, bl\u00e4ttert nicht ab und verblasst nicht<\/div>\n","protected":false},"featured_media":74960,"comment_status":"open","ping_status":"closed","template":"","meta":{"_editorskit_title_hidden":false,"_editorskit_reading_time":0,"_editorskit_is_block_options_detached":false,"_editorskit_block_options_position":"{}"},"product_brand":[],"product_cat":[185,410,213,404,234],"product_tag":[],"giftcard-category":[],"class_list":{"0":"post-75563","1":"product","2":"type-product","3":"status-publish","4":"has-post-thumbnail","6":"product_cat-alle-produkte","7":"product_cat-grappling-shorts-de","8":"product_cat-kampfwear","9":"product_cat-mma-de","10":"product_cat-mma-kurze-hose","12":"first","13":"outofstock","14":"taxable","15":"shipping-taxable","16":"purchasable","17":"product-type-variable"},"_links":{"self":[{"href":"https:\/\/scramblestuff.com\/eu\/de\/wp-json\/wp\/v2\/product\/75563","targetHints":{"allow":["GET"]}}],"collection":[{"href":"https:\/\/scramblestuff.com\/eu\/de\/wp-json\/wp\/v2\/product"}],"about":[{"href":"https:\/\/scramblestuff.com\/eu\/de\/wp-json\/wp\/v2\/types\/product"}],"replies":[{"embeddable":true,"href":"https:\/\/scramblestuff.com\/eu\/de\/wp-json\/wp\/v2\/comments?post=75563"}],"wp:featuredmedia":[{"embeddable":true,"href":"https:\/\/scramblestuff.com\/eu\/de\/wp-json\/wp\/v2\/media\/74960"}],"wp:attachment":[{"href":"https:\/\/scramblestuff.com\/eu\/de\/wp-json\/wp\/v2\/media?parent=75563"}],"wp:term":[{"taxonomy":"product_brand","embeddable":true,"href":"https:\/\/scramblestuff.com\/eu\/de\/wp-json\/wp\/v2\/product_brand?post=75563"},{"taxonomy":"product_cat","embeddable":true,"href":"https:\/\/scramblestuff.com\/eu\/de\/wp-json\/wp\/v2\/product_cat?post=75563"},{"taxonomy":"product_tag","embeddable":true,"href":"https:\/\/scramblestuff.com\/eu\/de\/wp-json\/wp\/v2\/product_tag?post=75563"},{"taxonomy":"giftcard-category","embeddable":true,"href":"https:\/\/scramblestuff.com\/eu\/de\/wp-json\/wp\/v2\/giftcard-category?post=75563"}],"curies":[{"name":"wp","href":"https:\/\/api.w.org\/{rel}","templated":true}]}}