{"id":75609,"date":"2022-11-16T15:18:29","date_gmt":"2022-11-16T15:18:29","guid":{"rendered":"https:\/\/scramblestuff.com\/eu\/p\/scramball\/"},"modified":"2023-11-27T17:53:50","modified_gmt":"2023-11-27T17:53:50","slug":"scramball","status":"publish","type":"product","link":"https:\/\/scramblestuff.com\/eu\/de\/p\/scramball\/","title":{"rendered":"Scramball"},"content":{"rendered":"<p>Wir alle wissen, dass BJJ der beste Sport der Welt ist, dicht gefolgt von MMA. Aber hier bei Scramble nimmt Fussball, knapp nach Ultimate Frisbee, den vierten Platz ein. Nicht viele Leute haben Spa\u00df am Laufen, aber einem Ball hinterherzujagen macht viel mehr Spa\u00df. Hunde machen es, jetzt kannst du es auch! Die Weltmeisterschaft steht bevor (oder hat bereits stattgefunden, je nachdem, wann du das liest), und wir sind total gespannt darauf zu sehen, wie England im Viertelfinale ausscheidet (oder wir sind bereits ausgeschieden, egal). Um das zu feiern, haben wir ein limitiertes Sammlerst\u00fcck kreiert, das einzigartig ist: SCRAMBALL F\u00fclle ihn mit Luft, tritt dagegen, lass ihn von W\u00e4nden abprallen. Die M\u00f6glichkeiten sind unendlich.<\/p>\n<p>Jeder Ball wird mit einer Tasche geliefert, die auch als Gi-Tasche verwendet werden kann. So kannst du diesen Kraftprotz direkt bis zum Fitnessstudio dribbeln. Spa\u00df beiseite, wir haben diesen Fu\u00dfball nach h\u00f6chstm\u00f6glichen Standards hergestellt. Wenn du ihn also wirklich im Park nutzen m\u00f6chtest, f\u00fcr dein Sonntagsliga-Team oder um eigene Tricks zu machen, kannst du sicher sein, dass du es mit einem hochwertigen Spielball machst.<\/p>\n","protected":false},"excerpt":{"rendered":"<p>Der Scramball<br \/>\n-Gr\u00f6\u00dfe 5, 420g, entsprechend dem Regelgewicht der Premier League<br \/>\n&#8211; Thermisch verschwei\u00dftes PU-Leder<br \/>\n&#8211; Geformte Rillen f\u00fcr Flugstabilit\u00e4t<br \/>\n&#8211; F\u00fcr alle Wetterbedingungen geeignet<br \/>\n&#8211; Man kann auch ein Smiley-Gesicht darauf malen und ihm einen Namen geben, wenn man auf einer einsamen Insel gestrandet ist<\/p>\n","protected":false},"featured_media":72677,"comment_status":"open","ping_status":"closed","template":"","meta":{"_editorskit_title_hidden":false,"_editorskit_reading_time":0,"_editorskit_is_block_options_detached":false,"_editorskit_block_options_position":"{}"},"product_brand":[],"product_cat":[185,27,231,181],"product_tag":[],"giftcard-category":[],"class_list":{"0":"post-75609","1":"product","2":"type-product","3":"status-publish","4":"has-post-thumbnail","6":"product_cat-alle-produkte","7":"product_cat-sale","8":"product_cat-verkauf","9":"product_cat-zubehor","11":"first","12":"instock","13":"sale","14":"taxable","15":"shipping-taxable","16":"purchasable","17":"product-type-simple"},"_links":{"self":[{"href":"https:\/\/scramblestuff.com\/eu\/de\/wp-json\/wp\/v2\/product\/75609","targetHints":{"allow":["GET"]}}],"collection":[{"href":"https:\/\/scramblestuff.com\/eu\/de\/wp-json\/wp\/v2\/product"}],"about":[{"href":"https:\/\/scramblestuff.com\/eu\/de\/wp-json\/wp\/v2\/types\/product"}],"replies":[{"embeddable":true,"href":"https:\/\/scramblestuff.com\/eu\/de\/wp-json\/wp\/v2\/comments?post=75609"}],"wp:featuredmedia":[{"embeddable":true,"href":"https:\/\/scramblestuff.com\/eu\/de\/wp-json\/wp\/v2\/media\/72677"}],"wp:attachment":[{"href":"https:\/\/scramblestuff.com\/eu\/de\/wp-json\/wp\/v2\/media?parent=75609"}],"wp:term":[{"taxonomy":"product_brand","embeddable":true,"href":"https:\/\/scramblestuff.com\/eu\/de\/wp-json\/wp\/v2\/product_brand?post=75609"},{"taxonomy":"product_cat","embeddable":true,"href":"https:\/\/scramblestuff.com\/eu\/de\/wp-json\/wp\/v2\/product_cat?post=75609"},{"taxonomy":"product_tag","embeddable":true,"href":"https:\/\/scramblestuff.com\/eu\/de\/wp-json\/wp\/v2\/product_tag?post=75609"},{"taxonomy":"giftcard-category","embeddable":true,"href":"https:\/\/scramblestuff.com\/eu\/de\/wp-json\/wp\/v2\/giftcard-category?post=75609"}],"curies":[{"name":"wp","href":"https:\/\/api.w.org\/{rel}","templated":true}]}}