{"id":75610,"date":"2022-11-15T15:09:45","date_gmt":"2022-11-15T15:09:45","guid":{"rendered":"https:\/\/scramblestuff.com\/eu\/p\/mochi-hoody-black\/"},"modified":"2023-11-24T18:16:34","modified_gmt":"2023-11-24T18:16:34","slug":"mochi-hoodie-schwarz","status":"publish","type":"product","link":"https:\/\/scramblestuff.com\/eu\/de\/p\/mochi-hoodie-schwarz\/","title":{"rendered":"Mochi Hoodie &#8211; Schwarz"},"content":{"rendered":"<p>Es ist &#8222;nur&#8220; ein Chenille-besticktes Logo auf dem Hoodie.. Aber wei\u00dft du was? Das Scramble-Logo hat tats\u00e4chlich nach all diesen Jahren eine Bedeutung, also &#8222;HA&#8220;- wir k\u00f6nnen einfach ein Logo auf einen Hoodie setzen und fertig. ALLERDINGS! Dies ist nicht EINFACH NUR ein Logo. Es ist ein echtes aufgesticktes Logo aus Chenille. Wei\u00dft du, was das bedeutet? WEI\u00dfT DU ES? Tja, ich auch nicht. Aber es f\u00fchlt sich wirklich gut an. Wirklich sehr gut. Ganz weich und flauschig und&#8230;.einfach gut. Nicht sehr machohaft, aber trotzdem. Gut. Du wirst es merken, wenn du es bekommst. Es ist wunderbar,<\/p>\n","protected":false},"excerpt":{"rendered":"<p>Superweich und bequem<br \/>\nHochwertiger Chenille-Stoff<br \/>\nWeich und schmackhaft wie ein Mochi! Aber bitte nicht essen, okay?<\/p>\n","protected":false},"featured_media":72459,"comment_status":"open","ping_status":"closed","template":"","meta":{"_editorskit_title_hidden":false,"_editorskit_reading_time":0,"_editorskit_is_block_options_detached":false,"_editorskit_block_options_position":"{}"},"product_brand":[],"product_cat":[185,189,193,27,231],"product_tag":[],"giftcard-category":[],"class_list":{"0":"post-75610","1":"product","2":"type-product","3":"status-publish","4":"has-post-thumbnail","6":"product_cat-alle-produkte","7":"product_cat-freizeitkleidung","8":"product_cat-hauben-sweats","9":"product_cat-sale","10":"product_cat-verkauf","12":"first","13":"outofstock","14":"taxable","15":"shipping-taxable","16":"purchasable","17":"product-type-variable"},"_links":{"self":[{"href":"https:\/\/scramblestuff.com\/eu\/de\/wp-json\/wp\/v2\/product\/75610","targetHints":{"allow":["GET"]}}],"collection":[{"href":"https:\/\/scramblestuff.com\/eu\/de\/wp-json\/wp\/v2\/product"}],"about":[{"href":"https:\/\/scramblestuff.com\/eu\/de\/wp-json\/wp\/v2\/types\/product"}],"replies":[{"embeddable":true,"href":"https:\/\/scramblestuff.com\/eu\/de\/wp-json\/wp\/v2\/comments?post=75610"}],"wp:featuredmedia":[{"embeddable":true,"href":"https:\/\/scramblestuff.com\/eu\/de\/wp-json\/wp\/v2\/media\/72459"}],"wp:attachment":[{"href":"https:\/\/scramblestuff.com\/eu\/de\/wp-json\/wp\/v2\/media?parent=75610"}],"wp:term":[{"taxonomy":"product_brand","embeddable":true,"href":"https:\/\/scramblestuff.com\/eu\/de\/wp-json\/wp\/v2\/product_brand?post=75610"},{"taxonomy":"product_cat","embeddable":true,"href":"https:\/\/scramblestuff.com\/eu\/de\/wp-json\/wp\/v2\/product_cat?post=75610"},{"taxonomy":"product_tag","embeddable":true,"href":"https:\/\/scramblestuff.com\/eu\/de\/wp-json\/wp\/v2\/product_tag?post=75610"},{"taxonomy":"giftcard-category","embeddable":true,"href":"https:\/\/scramblestuff.com\/eu\/de\/wp-json\/wp\/v2\/giftcard-category?post=75610"}],"curies":[{"name":"wp","href":"https:\/\/api.w.org\/{rel}","templated":true}]}}