{"id":75672,"date":"2022-11-02T11:00:42","date_gmt":"2022-11-02T11:00:42","guid":{"rendered":"https:\/\/scramblestuff.com\/eu\/p\/bakashort\/"},"modified":"2026-01-21T16:24:17","modified_gmt":"2026-01-21T16:24:17","slug":"bakashort","status":"publish","type":"product","link":"https:\/\/scramblestuff.com\/eu\/de\/p\/bakashort\/","title":{"rendered":"Baka Shorts"},"content":{"rendered":"<p>Das Baka-Set sollte urspr\u00fcnglich Baku genannt werden, wie in &#8222;bakuhatsu&#8220;, was auf Japanisch &#8222;Explosion&#8220; bedeutet, weil die Scramble-Logos &#8222;explodiert&#8220; sind. Aber wir haben uns f\u00fcr Baka entschieden, weil es lustig ist, da &#8222;baka&#8220; auf Japanisch &#8222;Dummkopf&#8220; oder &#8222;Idiot&#8220; bedeutet. &#8222;Baka survivor&#8220;! Wie dem auch sei, es spielt keine Rolle, denn dies ist eines der besten No-Gi-Sets, das wir je herausgebracht haben.<\/p>\n","protected":false},"excerpt":{"rendered":"<p>\u00dcbergro\u00dfe Scramble-Logos, die aus den N\u00e4hten platzen<br \/>\nTeil des BAKA No-Gi-Sets<br \/>\nWissen Sie, was Baka bedeutet?<br \/>\nAthletischer, taillierter Schnitt<\/p>\n","protected":false},"featured_media":86879,"comment_status":"open","ping_status":"closed","template":"","meta":{"_editorskit_title_hidden":false,"_editorskit_reading_time":0,"_editorskit_is_block_options_detached":false,"_editorskit_block_options_position":"{}"},"product_brand":[],"product_cat":[185,410,213,404,234],"product_tag":[447],"giftcard-category":[],"class_list":{"0":"post-75672","1":"product","2":"type-product","3":"status-publish","4":"has-post-thumbnail","6":"product_cat-alle-produkte","7":"product_cat-grappling-shorts-de","8":"product_cat-kampfwear","9":"product_cat-mma-de","10":"product_cat-mma-kurze-hose","11":"product_tag-baka-de","13":"first","14":"instock","15":"taxable","16":"shipping-taxable","17":"purchasable","18":"product-type-variable"},"_links":{"self":[{"href":"https:\/\/scramblestuff.com\/eu\/de\/wp-json\/wp\/v2\/product\/75672","targetHints":{"allow":["GET"]}}],"collection":[{"href":"https:\/\/scramblestuff.com\/eu\/de\/wp-json\/wp\/v2\/product"}],"about":[{"href":"https:\/\/scramblestuff.com\/eu\/de\/wp-json\/wp\/v2\/types\/product"}],"replies":[{"embeddable":true,"href":"https:\/\/scramblestuff.com\/eu\/de\/wp-json\/wp\/v2\/comments?post=75672"}],"wp:featuredmedia":[{"embeddable":true,"href":"https:\/\/scramblestuff.com\/eu\/de\/wp-json\/wp\/v2\/media\/86879"}],"wp:attachment":[{"href":"https:\/\/scramblestuff.com\/eu\/de\/wp-json\/wp\/v2\/media?parent=75672"}],"wp:term":[{"taxonomy":"product_brand","embeddable":true,"href":"https:\/\/scramblestuff.com\/eu\/de\/wp-json\/wp\/v2\/product_brand?post=75672"},{"taxonomy":"product_cat","embeddable":true,"href":"https:\/\/scramblestuff.com\/eu\/de\/wp-json\/wp\/v2\/product_cat?post=75672"},{"taxonomy":"product_tag","embeddable":true,"href":"https:\/\/scramblestuff.com\/eu\/de\/wp-json\/wp\/v2\/product_tag?post=75672"},{"taxonomy":"giftcard-category","embeddable":true,"href":"https:\/\/scramblestuff.com\/eu\/de\/wp-json\/wp\/v2\/giftcard-category?post=75672"}],"curies":[{"name":"wp","href":"https:\/\/api.w.org\/{rel}","templated":true}]}}