{"id":75763,"date":"2022-05-20T15:48:42","date_gmt":"2022-05-20T14:48:42","guid":{"rendered":"https:\/\/scramblestuff.com\/eu\/p\/scramble-ranked-rashguard-v5-black\/"},"modified":"2023-12-05T16:06:43","modified_gmt":"2023-12-05T16:06:43","slug":"scramble-ranked-rashguard-v5-black","status":"publish","type":"product","link":"https:\/\/scramblestuff.com\/eu\/de\/p\/scramble-ranked-rashguard-v5-black\/","title":{"rendered":"Scramble Ranked Rashguard V5 &#8211; Schwarz"},"content":{"rendered":"<p>Diese Rashguards wurden unter Ber\u00fccksichtigung der Richtlinien der International Brazilian Jiu-Jitsu Federation (IBJJF) f\u00fcr No-Gi-Grappling-Wettbewerbe entwickelt. Sie sind in Wei\u00df, Blau, Lila, Braun und Schwarz erh\u00e4ltlich und ideal f\u00fcr Wettk\u00e4mpfe sowie das t\u00e4gliche Training.<\/p>\n<p>Sie sind so ein bisschen an Fu\u00dfballtrikots angelehnt, was meiner Meinung nach ziemlich cool ist. Und das sage ich, weil ich sie so entworfen habe. So ist es.<\/p>\n<p>Hergestellt aus hochwertigen Materialien und sogar mit einem kleinen Gummistreifen am inneren Bund, um zu verhindern, dass dein Bauch herausspringt, wenn du einen Berimbolo oder \u00e4hnliches machst.<\/p>\n","protected":false},"excerpt":{"rendered":"<p>Schwarze Rank-Rashguards f\u00fcr IBJJF-Wettk\u00e4mpfe<br \/>\nSieht verdammt cool aus, um ehrlich zu sein<br \/>\nKompressionspassform, haftender Bund, um unerwartete Bauchentbl\u00f6\u00dfung zu verhindern<\/p>\n","protected":false},"featured_media":69629,"comment_status":"open","ping_status":"closed","template":"","meta":{"_editorskit_title_hidden":false,"_editorskit_reading_time":0,"_editorskit_is_block_options_detached":false,"_editorskit_block_options_position":"{}"},"product_brand":[],"product_cat":[185,213,405,231],"product_tag":[],"giftcard-category":[],"class_list":{"0":"post-75763","1":"product","2":"type-product","3":"status-publish","4":"has-post-thumbnail","6":"product_cat-alle-produkte","7":"product_cat-kampfwear","8":"product_cat-rashguards-de","9":"product_cat-verkauf","11":"first","12":"outofstock","13":"taxable","14":"shipping-taxable","15":"purchasable","16":"product-type-variable"},"_links":{"self":[{"href":"https:\/\/scramblestuff.com\/eu\/de\/wp-json\/wp\/v2\/product\/75763","targetHints":{"allow":["GET"]}}],"collection":[{"href":"https:\/\/scramblestuff.com\/eu\/de\/wp-json\/wp\/v2\/product"}],"about":[{"href":"https:\/\/scramblestuff.com\/eu\/de\/wp-json\/wp\/v2\/types\/product"}],"replies":[{"embeddable":true,"href":"https:\/\/scramblestuff.com\/eu\/de\/wp-json\/wp\/v2\/comments?post=75763"}],"wp:featuredmedia":[{"embeddable":true,"href":"https:\/\/scramblestuff.com\/eu\/de\/wp-json\/wp\/v2\/media\/69629"}],"wp:attachment":[{"href":"https:\/\/scramblestuff.com\/eu\/de\/wp-json\/wp\/v2\/media?parent=75763"}],"wp:term":[{"taxonomy":"product_brand","embeddable":true,"href":"https:\/\/scramblestuff.com\/eu\/de\/wp-json\/wp\/v2\/product_brand?post=75763"},{"taxonomy":"product_cat","embeddable":true,"href":"https:\/\/scramblestuff.com\/eu\/de\/wp-json\/wp\/v2\/product_cat?post=75763"},{"taxonomy":"product_tag","embeddable":true,"href":"https:\/\/scramblestuff.com\/eu\/de\/wp-json\/wp\/v2\/product_tag?post=75763"},{"taxonomy":"giftcard-category","embeddable":true,"href":"https:\/\/scramblestuff.com\/eu\/de\/wp-json\/wp\/v2\/giftcard-category?post=75763"}],"curies":[{"name":"wp","href":"https:\/\/api.w.org\/{rel}","templated":true}]}}