{"id":79682,"date":"2023-05-03T12:25:06","date_gmt":"2023-12-07T06:47:45","guid":{"rendered":"https:\/\/scramblestuff.com\/eu\/p\/reorg-x-scramble-peace-t-shirt\/"},"modified":"2024-07-21T19:39:37","modified_gmt":"2024-07-21T18:39:37","slug":"reorg-x-scramble-peace-t-shirt","status":"publish","type":"product","link":"https:\/\/scramblestuff.com\/eu\/de\/p\/reorg-x-scramble-peace-t-shirt\/","title":{"rendered":"Reorg X Scramble Peace &#8211; T-Shirt"},"content":{"rendered":"<p>Teil der limitierten Scramble x Reorg Kollektion.<\/p>\n<p>100% Baumwolle, hergestellt in der EU.<\/p>\n<p>Ein Teil des Verkaufserl\u00f6ses jedes Artikels dieser Kollektion wird gespendet und dazu beitragen, die k\u00f6rperliche und mentale Gesundheit von Veteranen, Milit\u00e4r- und Rettungsdienstpersonal durch die Arbeit von REORG zu unterst\u00fctzen.<\/p>\n<p>Wir freuen uns, unsere erste Zusammenarbeit mit der Wohlt\u00e4tigkeitsorganisation Reorg vorstellen zu k\u00f6nnen. In enger Zusammenarbeit mit wichtigen Mitgliedern von Reorg, darunter der Treuh\u00e4nder und Jiu-Jitsu-Bef\u00fcrworter Tom Hardy, wurde dieses Design entworfen. Es enth\u00e4lt auch die Kunstwerke unseres Freundes Nemanja Bogdanov sowie des Design-Teams von Scramble. Diese Kollektion ist schlicht, aber gleichzeitig selbstbewusst genug, um hervorzustechen.<\/p>\n<p><a class=\"autolinked\" href=\"https:\/\/reorgcharity.com\/\" target=\"_blank\" rel=\"noopener noreferrer\" data-behavior=\"truncate\">https:\/\/reorgcharity.com\/<\/a><\/p>\n<p>Reorg unterst\u00fctzt Veteranen und Angeh\u00f6rige der Streitkr\u00e4fte in ihrer k\u00f6rperlichen und mentalen Gesundheit, unter anderem indem sie ihnen hilft, Orte zu finden, an denen sie die Kunst des Jiu-Jitsu trainieren k\u00f6nnen, was viele von ihnen als \u00e4u\u00dferst f\u00f6rderlich empfinden.<\/p>\n","protected":false},"excerpt":{"rendered":"<p>Limitierte Kollektion &#8222;Reorg x Scramble-Zusammenarbeit&#8220;<br \/>\nK\u00f6rperbetont, hergestellt in der EU<br \/>\nKunstwerk von Nemanja Bogdanov<\/p>\n","protected":false},"featured_media":76020,"comment_status":"open","ping_status":"closed","template":"","meta":{"_editorskit_title_hidden":false,"_editorskit_reading_time":0,"_editorskit_is_block_options_detached":false,"_editorskit_block_options_position":"{}"},"product_brand":[],"product_cat":[185,209,231,485],"product_tag":[486],"giftcard-category":[],"class_list":{"0":"post-79682","1":"product","2":"type-product","3":"status-publish","4":"has-post-thumbnail","6":"product_cat-alle-produkte","7":"product_cat-t-shirts-de","8":"product_cat-verkauf","9":"product_cat-wohltatigkeit","10":"product_tag-reorg-de","12":"first","13":"outofstock","14":"taxable","15":"shipping-taxable","16":"purchasable","17":"product-type-variable"},"_links":{"self":[{"href":"https:\/\/scramblestuff.com\/eu\/de\/wp-json\/wp\/v2\/product\/79682","targetHints":{"allow":["GET"]}}],"collection":[{"href":"https:\/\/scramblestuff.com\/eu\/de\/wp-json\/wp\/v2\/product"}],"about":[{"href":"https:\/\/scramblestuff.com\/eu\/de\/wp-json\/wp\/v2\/types\/product"}],"replies":[{"embeddable":true,"href":"https:\/\/scramblestuff.com\/eu\/de\/wp-json\/wp\/v2\/comments?post=79682"}],"wp:featuredmedia":[{"embeddable":true,"href":"https:\/\/scramblestuff.com\/eu\/de\/wp-json\/wp\/v2\/media\/76020"}],"wp:attachment":[{"href":"https:\/\/scramblestuff.com\/eu\/de\/wp-json\/wp\/v2\/media?parent=79682"}],"wp:term":[{"taxonomy":"product_brand","embeddable":true,"href":"https:\/\/scramblestuff.com\/eu\/de\/wp-json\/wp\/v2\/product_brand?post=79682"},{"taxonomy":"product_cat","embeddable":true,"href":"https:\/\/scramblestuff.com\/eu\/de\/wp-json\/wp\/v2\/product_cat?post=79682"},{"taxonomy":"product_tag","embeddable":true,"href":"https:\/\/scramblestuff.com\/eu\/de\/wp-json\/wp\/v2\/product_tag?post=79682"},{"taxonomy":"giftcard-category","embeddable":true,"href":"https:\/\/scramblestuff.com\/eu\/de\/wp-json\/wp\/v2\/giftcard-category?post=79682"}],"curies":[{"name":"wp","href":"https:\/\/api.w.org\/{rel}","templated":true}]}}