{"id":79688,"date":"2023-05-03T12:34:02","date_gmt":"2023-05-03T11:34:02","guid":{"rendered":"https:\/\/scramblestuff.com\/eu\/p\/reorg-x-scramble-high-seas-shorts\/"},"modified":"2025-08-09T13:33:41","modified_gmt":"2025-08-09T12:33:41","slug":"reorg-x-scramble-high-seas-shorts","status":"publish","type":"product","link":"https:\/\/scramblestuff.com\/eu\/de\/p\/reorg-x-scramble-high-seas-shorts\/","title":{"rendered":"Reorg x Scramble High Seas &#8211; Shorts"},"content":{"rendered":"<p>Teil der limitierten Scramble x Reorg Kollektion.<\/p>\n<p>100% Polyester Stretch-Shorts, ideal f\u00fcr Grappling und andere k\u00f6rperliche Aktivit\u00e4ten.<\/p>\n<p>Ein Teil des Verkaufserl\u00f6ses jedes Artikels dieser Kollektion wird gespendet und dazu beitragen, die k\u00f6rperliche und mentale Gesundheit von Veteranen, Milit\u00e4r- und Rettungsdienstpersonal durch die Arbeit von REORG zu unterst\u00fctzen.<\/p>\n<p>Wir freuen uns, unsere erste Zusammenarbeit mit der Wohlt\u00e4tigkeitsorganisation Reorg vorstellen zu k\u00f6nnen. In enger Zusammenarbeit mit wichtigen Mitgliedern von Reorg wurde dieses Design entworfen. Es enth\u00e4lt auch die Kunstwerke unseres Freundes Nemanja Bogdanov sowie des Design-Teams von Scramble. Diese Kollektion ist schlicht, aber gleichzeitig selbstbewusst genug, um hervorzustechen.<\/p>\n<p>https:\/\/reorgcharity.com\/<\/p>\n<p>Reorg unterst\u00fctzt Veteranen und Angeh\u00f6rige der Streitkr\u00e4fte in ihrer k\u00f6rperlichen und mentalen Gesundheit, unter anderem indem sie ihnen hilft, Orte zu finden, an denen sie die Kunst des Jiu-Jitsu trainieren k\u00f6nnen, was viele von ihnen als \u00e4u\u00dferst f\u00f6rderlich empfinden.<\/p>\n","protected":false},"excerpt":{"rendered":"<p>Limitierte Auflage der Reorg x Scramble Zusammenarbeit<br \/>\nGrappling \/ MMA \/ Workout Shorts<br \/>\nArtwork von Nemanja Bogdanov<\/p>\n","protected":false},"featured_media":76131,"comment_status":"open","ping_status":"closed","template":"","meta":{"_editorskit_title_hidden":false,"_editorskit_reading_time":0,"_editorskit_is_block_options_detached":false,"_editorskit_block_options_position":"{}"},"product_brand":[],"product_cat":[185,410,213,485],"product_tag":[486],"giftcard-category":[],"class_list":{"0":"post-79688","1":"product","2":"type-product","3":"status-publish","4":"has-post-thumbnail","6":"product_cat-alle-produkte","7":"product_cat-grappling-shorts-de","8":"product_cat-kampfwear","9":"product_cat-wohltatigkeit","10":"product_tag-reorg-de","12":"first","13":"outofstock","14":"taxable","15":"shipping-taxable","16":"purchasable","17":"product-type-variable"},"_links":{"self":[{"href":"https:\/\/scramblestuff.com\/eu\/de\/wp-json\/wp\/v2\/product\/79688","targetHints":{"allow":["GET"]}}],"collection":[{"href":"https:\/\/scramblestuff.com\/eu\/de\/wp-json\/wp\/v2\/product"}],"about":[{"href":"https:\/\/scramblestuff.com\/eu\/de\/wp-json\/wp\/v2\/types\/product"}],"replies":[{"embeddable":true,"href":"https:\/\/scramblestuff.com\/eu\/de\/wp-json\/wp\/v2\/comments?post=79688"}],"wp:featuredmedia":[{"embeddable":true,"href":"https:\/\/scramblestuff.com\/eu\/de\/wp-json\/wp\/v2\/media\/76131"}],"wp:attachment":[{"href":"https:\/\/scramblestuff.com\/eu\/de\/wp-json\/wp\/v2\/media?parent=79688"}],"wp:term":[{"taxonomy":"product_brand","embeddable":true,"href":"https:\/\/scramblestuff.com\/eu\/de\/wp-json\/wp\/v2\/product_brand?post=79688"},{"taxonomy":"product_cat","embeddable":true,"href":"https:\/\/scramblestuff.com\/eu\/de\/wp-json\/wp\/v2\/product_cat?post=79688"},{"taxonomy":"product_tag","embeddable":true,"href":"https:\/\/scramblestuff.com\/eu\/de\/wp-json\/wp\/v2\/product_tag?post=79688"},{"taxonomy":"giftcard-category","embeddable":true,"href":"https:\/\/scramblestuff.com\/eu\/de\/wp-json\/wp\/v2\/giftcard-category?post=79688"}],"curies":[{"name":"wp","href":"https:\/\/api.w.org\/{rel}","templated":true}]}}