{"id":79772,"date":"2023-05-25T14:30:17","date_gmt":"2023-12-12T13:18:03","guid":{"rendered":"https:\/\/scramblestuff.com\/eu\/p\/athlite-6-schwarz\/"},"modified":"2025-08-28T12:50:19","modified_gmt":"2025-08-28T11:50:19","slug":"athlite-6-schwarz","status":"publish","type":"product","link":"https:\/\/scramblestuff.com\/eu\/de\/p\/athlite-6-schwarz\/","title":{"rendered":"Athlite Gi 6 &#8211; Schwarz"},"content":{"rendered":"<p>Das Athlite ist das Flaggschiff-Wettkampf-Gi von Scramble, eine dezente, aber stilvolle Interpretation des Wettkampf-Kimonos, mit einer klaren und frischen \u00c4sthetik. Handwerklich auf hohem Niveau gefertigt, ist das Gi leicht, aber dennoch robust und in der Lage, jeglichem Training und den Wettkampfmatten standzuhalten. In drei Farben erh\u00e4ltlich, passend f\u00fcr jede Gelegenheit und jeden Wettbewerb. Dies ist bereits die sechste Generation des Athlite und bringt daher unsere vielen Jahre an Innovation und fortschrittlichem Design mit sich. Da dieser Gi deutlich leichter und d\u00fcnner ist als andere Modelle, wird er nicht f\u00fcr das t\u00e4gliche Training empfohlen, da er sich etwas schneller abnutzt und st\u00e4rker einlaufen kann als die robusteren Versionen des Athlete.<\/p>\n","protected":false},"excerpt":{"rendered":"<ul>\n<li>Jacke aus 350 g\/m\u00b2 Baumwoll-Perlwebmuster (Pearl Weave)<\/li>\n<li>10 oz Riptop-Hose<\/li>\n<\/ul>\n","protected":false},"featured_media":86549,"comment_status":"open","ping_status":"closed","template":"","meta":{"_editorskit_title_hidden":false,"_editorskit_reading_time":0,"_editorskit_is_block_options_detached":false,"_editorskit_block_options_position":"{}"},"product_brand":[],"product_cat":[185,381,213,27,231],"product_tag":[491],"giftcard-category":[],"class_list":{"0":"post-79772","1":"product","2":"type-product","3":"status-publish","4":"has-post-thumbnail","6":"product_cat-alle-produkte","7":"product_cat-bjj-gi-de","8":"product_cat-kampfwear","9":"product_cat-sale","10":"product_cat-verkauf","11":"product_tag-athlite6-de","13":"first","14":"outofstock","15":"taxable","16":"shipping-taxable","17":"purchasable","18":"product-type-variable"},"_links":{"self":[{"href":"https:\/\/scramblestuff.com\/eu\/de\/wp-json\/wp\/v2\/product\/79772","targetHints":{"allow":["GET"]}}],"collection":[{"href":"https:\/\/scramblestuff.com\/eu\/de\/wp-json\/wp\/v2\/product"}],"about":[{"href":"https:\/\/scramblestuff.com\/eu\/de\/wp-json\/wp\/v2\/types\/product"}],"replies":[{"embeddable":true,"href":"https:\/\/scramblestuff.com\/eu\/de\/wp-json\/wp\/v2\/comments?post=79772"}],"wp:featuredmedia":[{"embeddable":true,"href":"https:\/\/scramblestuff.com\/eu\/de\/wp-json\/wp\/v2\/media\/86549"}],"wp:attachment":[{"href":"https:\/\/scramblestuff.com\/eu\/de\/wp-json\/wp\/v2\/media?parent=79772"}],"wp:term":[{"taxonomy":"product_brand","embeddable":true,"href":"https:\/\/scramblestuff.com\/eu\/de\/wp-json\/wp\/v2\/product_brand?post=79772"},{"taxonomy":"product_cat","embeddable":true,"href":"https:\/\/scramblestuff.com\/eu\/de\/wp-json\/wp\/v2\/product_cat?post=79772"},{"taxonomy":"product_tag","embeddable":true,"href":"https:\/\/scramblestuff.com\/eu\/de\/wp-json\/wp\/v2\/product_tag?post=79772"},{"taxonomy":"giftcard-category","embeddable":true,"href":"https:\/\/scramblestuff.com\/eu\/de\/wp-json\/wp\/v2\/giftcard-category?post=79772"}],"curies":[{"name":"wp","href":"https:\/\/api.w.org\/{rel}","templated":true}]}}