{"id":79884,"date":"2023-06-22T11:54:28","date_gmt":"2023-12-14T12:20:50","guid":{"rendered":"https:\/\/scramblestuff.com\/eu\/p\/scramble-fischerhut-wendbar\/"},"modified":"2023-12-17T14:38:26","modified_gmt":"2023-12-17T14:38:26","slug":"scramble-fischerhut-wendbar","status":"publish","type":"product","link":"https:\/\/scramblestuff.com\/eu\/de\/p\/scramble-fischerhut-wendbar\/","title":{"rendered":"Scramble Fischerhut &#8211; wendbar"},"content":{"rendered":"<p>Inspiriert von mir, als ich in den 90er Jahren bei Konzerten von &#8222;Ocean Colour Scene&#8220; Fischerh\u00fcte getragen habe, okay?&#8220; Wir haben das Wagnis eingegangen, dass Fischerh\u00fcte cool sein k\u00f6nnten, und es stellt sich heraus, sie sind DEFINITIV im Trend und IN. Das ist wirklich eines der besten Beispiele f\u00fcr einen Fischerhut \u00fcberhaupt. Er wechselt von einer sch\u00f6nen Tarnfarbe blitzschnell zu Tiger-Camo &#8211; einfach SO (schnipst mit den Fingern). Keine Ahnung, was man noch dazu sagen soll, es ist einfach&#8230;ein Hut.<\/p>\n","protected":false},"excerpt":{"rendered":"<p>Fischerh\u00fcte sind IN<br \/>\nWendbare Fischerh\u00fcte sogar noch mehr<br \/>\nErgo, das ist eine leichte Entscheidung.<\/p>\n<p>Sanfte Handw\u00e4sche empfohlen<\/p>\n","protected":false},"featured_media":77224,"comment_status":"open","ping_status":"closed","template":"","meta":{"_editorskit_title_hidden":false,"_editorskit_reading_time":0,"_editorskit_is_block_options_detached":false,"_editorskit_block_options_position":"{}"},"product_brand":[],"product_cat":[185,197,181],"product_tag":[],"giftcard-category":[],"class_list":{"0":"post-79884","1":"product","2":"type-product","3":"status-publish","4":"has-post-thumbnail","6":"product_cat-alle-produkte","7":"product_cat-hute","8":"product_cat-zubehor","10":"first","11":"outofstock","12":"taxable","13":"shipping-taxable","14":"purchasable","15":"product-type-simple"},"_links":{"self":[{"href":"https:\/\/scramblestuff.com\/eu\/de\/wp-json\/wp\/v2\/product\/79884","targetHints":{"allow":["GET"]}}],"collection":[{"href":"https:\/\/scramblestuff.com\/eu\/de\/wp-json\/wp\/v2\/product"}],"about":[{"href":"https:\/\/scramblestuff.com\/eu\/de\/wp-json\/wp\/v2\/types\/product"}],"replies":[{"embeddable":true,"href":"https:\/\/scramblestuff.com\/eu\/de\/wp-json\/wp\/v2\/comments?post=79884"}],"wp:featuredmedia":[{"embeddable":true,"href":"https:\/\/scramblestuff.com\/eu\/de\/wp-json\/wp\/v2\/media\/77224"}],"wp:attachment":[{"href":"https:\/\/scramblestuff.com\/eu\/de\/wp-json\/wp\/v2\/media?parent=79884"}],"wp:term":[{"taxonomy":"product_brand","embeddable":true,"href":"https:\/\/scramblestuff.com\/eu\/de\/wp-json\/wp\/v2\/product_brand?post=79884"},{"taxonomy":"product_cat","embeddable":true,"href":"https:\/\/scramblestuff.com\/eu\/de\/wp-json\/wp\/v2\/product_cat?post=79884"},{"taxonomy":"product_tag","embeddable":true,"href":"https:\/\/scramblestuff.com\/eu\/de\/wp-json\/wp\/v2\/product_tag?post=79884"},{"taxonomy":"giftcard-category","embeddable":true,"href":"https:\/\/scramblestuff.com\/eu\/de\/wp-json\/wp\/v2\/giftcard-category?post=79884"}],"curies":[{"name":"wp","href":"https:\/\/api.w.org\/{rel}","templated":true}]}}