{"id":80230,"date":"2023-06-30T15:08:18","date_gmt":"2023-06-30T14:08:18","guid":{"rendered":"https:\/\/scramblestuff.com\/eu\/p\/kombinations-shorts-khaki-gruen-schwarz\/"},"modified":"2026-02-19T13:53:41","modified_gmt":"2026-02-19T13:53:41","slug":"kombinations-shorts-khaki-gruen-schwarz","status":"publish","type":"product","link":"https:\/\/scramblestuff.com\/eu\/de\/p\/kombinations-shorts-khaki-gruen-schwarz\/","title":{"rendered":"Kombinations-Shorts &#8211; Khaki Gr\u00fcn \/ Schwarz"},"content":{"rendered":"<p>Unsere preisgekr\u00f6nten* Kombinations-Shorts sind jetzt in Khaki-Gr\u00fcn mit einem schwarzen Innenfutter aus Lycra erh\u00e4ltlich. Die Kombinations-Shorts sind eine ausgezeichnete Trainingshose, geeignet f\u00fcr Jiu-Jitsu und Grappling (No-Gi), aber auch zum Laufen und f\u00fcr Fitnesstraining. Mit einer inneren Lycra-Schicht und einem kurzen, \u00fcber dem Oberschenkel endenden Abschluss auf der Au\u00dfenschicht.<\/p>\n","protected":false},"excerpt":{"rendered":"<p>\u00dcberarbeitete Gr\u00f6\u00dfe: sollte der Gr\u00f6\u00dfe entsprechen.<\/p>\n<p>Doppellagig mit schwarzem Innen-Lycra darunter<\/p>\n<p>M\u00f6glicherweise die beste Trainingsshort aller Zeiten<\/p>\n","protected":false},"featured_media":87419,"comment_status":"open","ping_status":"closed","template":"","meta":{"_editorskit_title_hidden":false,"_editorskit_reading_time":0,"_editorskit_is_block_options_detached":false,"_editorskit_block_options_position":"{}"},"product_brand":[],"product_cat":[185,410,213,27,231],"product_tag":[516],"giftcard-category":[],"class_list":{"0":"post-80230","1":"product","2":"type-product","3":"status-publish","4":"has-post-thumbnail","6":"product_cat-alle-produkte","7":"product_cat-grappling-shorts-de","8":"product_cat-kampfwear","9":"product_cat-sale","10":"product_cat-verkauf","11":"product_tag-comboshorts-de","13":"first","14":"instock","15":"sale","16":"taxable","17":"shipping-taxable","18":"purchasable","19":"product-type-variable"},"_links":{"self":[{"href":"https:\/\/scramblestuff.com\/eu\/de\/wp-json\/wp\/v2\/product\/80230","targetHints":{"allow":["GET"]}}],"collection":[{"href":"https:\/\/scramblestuff.com\/eu\/de\/wp-json\/wp\/v2\/product"}],"about":[{"href":"https:\/\/scramblestuff.com\/eu\/de\/wp-json\/wp\/v2\/types\/product"}],"replies":[{"embeddable":true,"href":"https:\/\/scramblestuff.com\/eu\/de\/wp-json\/wp\/v2\/comments?post=80230"}],"wp:featuredmedia":[{"embeddable":true,"href":"https:\/\/scramblestuff.com\/eu\/de\/wp-json\/wp\/v2\/media\/87419"}],"wp:attachment":[{"href":"https:\/\/scramblestuff.com\/eu\/de\/wp-json\/wp\/v2\/media?parent=80230"}],"wp:term":[{"taxonomy":"product_brand","embeddable":true,"href":"https:\/\/scramblestuff.com\/eu\/de\/wp-json\/wp\/v2\/product_brand?post=80230"},{"taxonomy":"product_cat","embeddable":true,"href":"https:\/\/scramblestuff.com\/eu\/de\/wp-json\/wp\/v2\/product_cat?post=80230"},{"taxonomy":"product_tag","embeddable":true,"href":"https:\/\/scramblestuff.com\/eu\/de\/wp-json\/wp\/v2\/product_tag?post=80230"},{"taxonomy":"giftcard-category","embeddable":true,"href":"https:\/\/scramblestuff.com\/eu\/de\/wp-json\/wp\/v2\/giftcard-category?post=80230"}],"curies":[{"name":"wp","href":"https:\/\/api.w.org\/{rel}","templated":true}]}}