{"id":80250,"date":"2023-09-19T13:40:39","date_gmt":"2023-09-19T12:40:39","guid":{"rendered":"https:\/\/scramblestuff.com\/eu\/p\/scramble-or-dead-shorts\/"},"modified":"2025-08-09T13:36:57","modified_gmt":"2025-08-09T12:36:57","slug":"scramble-or-dead-shorts","status":"publish","type":"product","link":"https:\/\/scramblestuff.com\/eu\/de\/p\/scramble-or-dead-shorts\/","title":{"rendered":"Scramble or Dead-Shorts"},"content":{"rendered":"<p>Mit unserer beliebten &#8222;Base&#8220;-Passform, die wir k\u00fcrzlich optimiert haben, um rundum besser zu sitzen, gehen diese Shorts richtig ab. Wir haben die Base-Shorts etwas verbessert, sie ein wenig verk\u00fcrzt und die Taillengr\u00f6\u00dfe intuitiver gestaltet.<\/p>\n<p>Aber die Hauptsache ist, SCHLANGEN und BLITZE sind eine unschlagbare Kombination.<\/p>\n<p>Passt hervorragend zum Scramble- oder Dead-Rashguard (nat\u00fcrlich)<\/p>\n","protected":false},"excerpt":{"rendered":"<p>Schlangen &amp; Blitze sind #1<br \/>\nAktualisierte, k\u00fcrzere und engere &#8222;Base&#8220;-Passform<br \/>\nAchte auf echte Schlangen<\/p>\n","protected":false},"featured_media":88811,"comment_status":"open","ping_status":"closed","template":"","meta":{"_editorskit_title_hidden":false,"_editorskit_reading_time":0,"_editorskit_is_block_options_detached":false,"_editorskit_block_options_position":"{}"},"product_brand":[],"product_cat":[185,410,27,231],"product_tag":[],"giftcard-category":[],"class_list":{"0":"post-80250","1":"product","2":"type-product","3":"status-publish","4":"has-post-thumbnail","6":"product_cat-alle-produkte","7":"product_cat-grappling-shorts-de","8":"product_cat-sale","9":"product_cat-verkauf","11":"first","12":"outofstock","13":"taxable","14":"shipping-taxable","15":"purchasable","16":"product-type-variable"},"_links":{"self":[{"href":"https:\/\/scramblestuff.com\/eu\/de\/wp-json\/wp\/v2\/product\/80250","targetHints":{"allow":["GET"]}}],"collection":[{"href":"https:\/\/scramblestuff.com\/eu\/de\/wp-json\/wp\/v2\/product"}],"about":[{"href":"https:\/\/scramblestuff.com\/eu\/de\/wp-json\/wp\/v2\/types\/product"}],"replies":[{"embeddable":true,"href":"https:\/\/scramblestuff.com\/eu\/de\/wp-json\/wp\/v2\/comments?post=80250"}],"wp:featuredmedia":[{"embeddable":true,"href":"https:\/\/scramblestuff.com\/eu\/de\/wp-json\/wp\/v2\/media\/88811"}],"wp:attachment":[{"href":"https:\/\/scramblestuff.com\/eu\/de\/wp-json\/wp\/v2\/media?parent=80250"}],"wp:term":[{"taxonomy":"product_brand","embeddable":true,"href":"https:\/\/scramblestuff.com\/eu\/de\/wp-json\/wp\/v2\/product_brand?post=80250"},{"taxonomy":"product_cat","embeddable":true,"href":"https:\/\/scramblestuff.com\/eu\/de\/wp-json\/wp\/v2\/product_cat?post=80250"},{"taxonomy":"product_tag","embeddable":true,"href":"https:\/\/scramblestuff.com\/eu\/de\/wp-json\/wp\/v2\/product_tag?post=80250"},{"taxonomy":"giftcard-category","embeddable":true,"href":"https:\/\/scramblestuff.com\/eu\/de\/wp-json\/wp\/v2\/giftcard-category?post=80250"}],"curies":[{"name":"wp","href":"https:\/\/api.w.org\/{rel}","templated":true}]}}