{"id":80257,"date":"2023-09-19T13:23:20","date_gmt":"2023-09-19T12:23:20","guid":{"rendered":"https:\/\/scramblestuff.com\/eu\/p\/scramble-or-dead-rashguard\/"},"modified":"2025-08-09T13:38:43","modified_gmt":"2025-08-09T12:38:43","slug":"scramble-or-dead-rashguard","status":"publish","type":"product","link":"https:\/\/scramblestuff.com\/eu\/de\/p\/scramble-or-dead-rashguard\/","title":{"rendered":"Scramble or Dead-Rashguard"},"content":{"rendered":"<p>Mit unserer beliebten &#8222;Tactic&#8220;-Passform versehen, hat dieses Rashguard mehrere Eins\u00e4tze, was bedeutet, dass das Rashguard bequem ist und volle Bewegungsfreiheit erm\u00f6glicht. Ein kleines Geheimnis &#8211; das gilt auch f\u00fcr jedes andere dehnbare Material, aber das ist einfach das, was Marken tun &#8211; sie erfinden Dinge, die cool klingen. Volle Bewegungsfreiheit! Wow. Als ob du nicht den vollen Bewegungsradius haben k\u00f6nntest, w\u00e4hrend du ein T-Shirt oder was auch immer tr\u00e4gst.<br \/>\nAber die Hauptsache ist, dass SCHLANGEN und BLITZE eine unschlagbare Kombination sind.<\/p>\n","protected":false},"excerpt":{"rendered":"<p>Schlangen und Blitze<br \/>\nIm wahrsten Sinne des Wortes unschlagbar<br \/>\nHochwertiges Multi-Panel-Design<br \/>\nAchte auf die Schlangen<\/p>\n","protected":false},"featured_media":88770,"comment_status":"open","ping_status":"closed","template":"","meta":{"_editorskit_title_hidden":false,"_editorskit_reading_time":0,"_editorskit_is_block_options_detached":false,"_editorskit_block_options_position":"{}"},"product_brand":[],"product_cat":[185,405,27,231],"product_tag":[],"giftcard-category":[],"class_list":{"0":"post-80257","1":"product","2":"type-product","3":"status-publish","4":"has-post-thumbnail","6":"product_cat-alle-produkte","7":"product_cat-rashguards-de","8":"product_cat-sale","9":"product_cat-verkauf","11":"first","12":"instock","13":"sale","14":"taxable","15":"shipping-taxable","16":"product-type-variable"},"_links":{"self":[{"href":"https:\/\/scramblestuff.com\/eu\/de\/wp-json\/wp\/v2\/product\/80257","targetHints":{"allow":["GET"]}}],"collection":[{"href":"https:\/\/scramblestuff.com\/eu\/de\/wp-json\/wp\/v2\/product"}],"about":[{"href":"https:\/\/scramblestuff.com\/eu\/de\/wp-json\/wp\/v2\/types\/product"}],"replies":[{"embeddable":true,"href":"https:\/\/scramblestuff.com\/eu\/de\/wp-json\/wp\/v2\/comments?post=80257"}],"wp:featuredmedia":[{"embeddable":true,"href":"https:\/\/scramblestuff.com\/eu\/de\/wp-json\/wp\/v2\/media\/88770"}],"wp:attachment":[{"href":"https:\/\/scramblestuff.com\/eu\/de\/wp-json\/wp\/v2\/media?parent=80257"}],"wp:term":[{"taxonomy":"product_brand","embeddable":true,"href":"https:\/\/scramblestuff.com\/eu\/de\/wp-json\/wp\/v2\/product_brand?post=80257"},{"taxonomy":"product_cat","embeddable":true,"href":"https:\/\/scramblestuff.com\/eu\/de\/wp-json\/wp\/v2\/product_cat?post=80257"},{"taxonomy":"product_tag","embeddable":true,"href":"https:\/\/scramblestuff.com\/eu\/de\/wp-json\/wp\/v2\/product_tag?post=80257"},{"taxonomy":"giftcard-category","embeddable":true,"href":"https:\/\/scramblestuff.com\/eu\/de\/wp-json\/wp\/v2\/giftcard-category?post=80257"}],"curies":[{"name":"wp","href":"https:\/\/api.w.org\/{rel}","templated":true}]}}