{"id":80297,"date":"2023-09-19T13:46:23","date_gmt":"2023-09-19T12:46:23","guid":{"rendered":"https:\/\/scramblestuff.com\/eu\/p\/burning-tiger-rashguard\/"},"modified":"2025-10-20T10:03:57","modified_gmt":"2025-10-20T09:03:57","slug":"burning-tiger-rashguard","status":"publish","type":"product","link":"https:\/\/scramblestuff.com\/eu\/de\/p\/burning-tiger-rashguard\/","title":{"rendered":"Burning Tiger Rashguard"},"content":{"rendered":"<p>Mit unserer beliebten &#8222;Tactic&#8220;-Passform versehen, hat dieses Rashguard mehrere Eins\u00e4tze, was bedeutet, dass das Rashguard bequem ist und volle Bewegungsfreiheit erm\u00f6glicht. Ein kleines Geheimnis &#8211; das gilt auch f\u00fcr jedes andere dehnbare Material, aber das ist einfach das, was Marken tun &#8211; sie erfinden Dinge, die cool klingen. Volle Bewegungsfreiheit! Wow. Als ob Sie nicht den vollen Bewegungsradius haben k\u00f6nnten, w\u00e4hrend Sie ein T-Shirt oder was auch immer tragen.<br \/>\nAber die Hauptsache ist, dass TIGER, die brennen, COOL AF aussehen.<\/p>\n","protected":false},"excerpt":{"rendered":"<p>Tiger sind cool, und Flammen auch<br \/>\nErgo, dieser Rashguard<br \/>\nPremium-Multipanel-Konstruktion<br \/>\nHot<\/p>\n","protected":false},"featured_media":87259,"comment_status":"open","ping_status":"closed","template":"","meta":{"_editorskit_title_hidden":false,"_editorskit_reading_time":0,"_editorskit_is_block_options_detached":false,"_editorskit_block_options_position":"{}"},"product_brand":[],"product_cat":[185,405],"product_tag":[549],"giftcard-category":[],"class_list":{"0":"post-80297","1":"product","2":"type-product","3":"status-publish","4":"has-post-thumbnail","6":"product_cat-alle-produkte","7":"product_cat-rashguards-de","8":"product_tag-burning-tiger-de","10":"first","11":"outofstock","12":"taxable","13":"shipping-taxable","14":"purchasable","15":"product-type-variable"},"_links":{"self":[{"href":"https:\/\/scramblestuff.com\/eu\/de\/wp-json\/wp\/v2\/product\/80297","targetHints":{"allow":["GET"]}}],"collection":[{"href":"https:\/\/scramblestuff.com\/eu\/de\/wp-json\/wp\/v2\/product"}],"about":[{"href":"https:\/\/scramblestuff.com\/eu\/de\/wp-json\/wp\/v2\/types\/product"}],"replies":[{"embeddable":true,"href":"https:\/\/scramblestuff.com\/eu\/de\/wp-json\/wp\/v2\/comments?post=80297"}],"wp:featuredmedia":[{"embeddable":true,"href":"https:\/\/scramblestuff.com\/eu\/de\/wp-json\/wp\/v2\/media\/87259"}],"wp:attachment":[{"href":"https:\/\/scramblestuff.com\/eu\/de\/wp-json\/wp\/v2\/media?parent=80297"}],"wp:term":[{"taxonomy":"product_brand","embeddable":true,"href":"https:\/\/scramblestuff.com\/eu\/de\/wp-json\/wp\/v2\/product_brand?post=80297"},{"taxonomy":"product_cat","embeddable":true,"href":"https:\/\/scramblestuff.com\/eu\/de\/wp-json\/wp\/v2\/product_cat?post=80297"},{"taxonomy":"product_tag","embeddable":true,"href":"https:\/\/scramblestuff.com\/eu\/de\/wp-json\/wp\/v2\/product_tag?post=80297"},{"taxonomy":"giftcard-category","embeddable":true,"href":"https:\/\/scramblestuff.com\/eu\/de\/wp-json\/wp\/v2\/giftcard-category?post=80297"}],"curies":[{"name":"wp","href":"https:\/\/api.w.org\/{rel}","templated":true}]}}