{"id":80304,"date":"2023-09-19T13:55:01","date_gmt":"2023-09-19T12:55:01","guid":{"rendered":"https:\/\/scramblestuff.com\/eu\/p\/burning-tiger-shorts\/"},"modified":"2025-08-09T13:39:44","modified_gmt":"2025-08-09T12:39:44","slug":"burning-tiger-shorts","status":"publish","type":"product","link":"https:\/\/scramblestuff.com\/eu\/de\/p\/burning-tiger-shorts\/","title":{"rendered":"Burning Tiger Shorts"},"content":{"rendered":"<p>Mit unserer beliebten &#8222;Base&#8220;-Passform, die wir k\u00fcrzlich optimiert haben, um rundum besser zu sitzen, gehen diese Shorts richtig ab. Wir haben die Base-Shorts etwas verbessert, sie ein wenig verk\u00fcrzt und die Taillengr\u00f6\u00dfe intuitiver gestaltet.<\/p>\n<p>Aber die Hauptsache ist, dass TIGER, die BRENNEN, cool ausschauen.<\/p>\n<p>Passt hervorragend zum Burning Tiger Rashguard (nat\u00fcrlich)<\/p>\n<p>Scramble or Dead Rashguard<\/p>\n","protected":false},"excerpt":{"rendered":"<p>Tiger sind cool, und Flammen auch<br \/>\nDiese Shorts sind ein Muss<br \/>\nAktualisierte, k\u00fcrzere und engere Passform<br \/>\nHot<\/p>\n","protected":false},"featured_media":87299,"comment_status":"open","ping_status":"closed","template":"","meta":{"_editorskit_title_hidden":false,"_editorskit_reading_time":0,"_editorskit_is_block_options_detached":false,"_editorskit_block_options_position":"{}"},"product_brand":[],"product_cat":[185,410],"product_tag":[549],"giftcard-category":[],"class_list":{"0":"post-80304","1":"product","2":"type-product","3":"status-publish","4":"has-post-thumbnail","6":"product_cat-alle-produkte","7":"product_cat-grappling-shorts-de","8":"product_tag-burning-tiger-de","10":"first","11":"instock","12":"taxable","13":"shipping-taxable","14":"purchasable","15":"product-type-variable"},"_links":{"self":[{"href":"https:\/\/scramblestuff.com\/eu\/de\/wp-json\/wp\/v2\/product\/80304","targetHints":{"allow":["GET"]}}],"collection":[{"href":"https:\/\/scramblestuff.com\/eu\/de\/wp-json\/wp\/v2\/product"}],"about":[{"href":"https:\/\/scramblestuff.com\/eu\/de\/wp-json\/wp\/v2\/types\/product"}],"replies":[{"embeddable":true,"href":"https:\/\/scramblestuff.com\/eu\/de\/wp-json\/wp\/v2\/comments?post=80304"}],"wp:featuredmedia":[{"embeddable":true,"href":"https:\/\/scramblestuff.com\/eu\/de\/wp-json\/wp\/v2\/media\/87299"}],"wp:attachment":[{"href":"https:\/\/scramblestuff.com\/eu\/de\/wp-json\/wp\/v2\/media?parent=80304"}],"wp:term":[{"taxonomy":"product_brand","embeddable":true,"href":"https:\/\/scramblestuff.com\/eu\/de\/wp-json\/wp\/v2\/product_brand?post=80304"},{"taxonomy":"product_cat","embeddable":true,"href":"https:\/\/scramblestuff.com\/eu\/de\/wp-json\/wp\/v2\/product_cat?post=80304"},{"taxonomy":"product_tag","embeddable":true,"href":"https:\/\/scramblestuff.com\/eu\/de\/wp-json\/wp\/v2\/product_tag?post=80304"},{"taxonomy":"giftcard-category","embeddable":true,"href":"https:\/\/scramblestuff.com\/eu\/de\/wp-json\/wp\/v2\/giftcard-category?post=80304"}],"curies":[{"name":"wp","href":"https:\/\/api.w.org\/{rel}","templated":true}]}}