{"id":80311,"date":"2023-09-25T14:56:26","date_gmt":"2023-09-25T13:56:26","guid":{"rendered":"https:\/\/scramblestuff.com\/eu\/p\/shinobi-kompressions-leggings\/"},"modified":"2026-02-24T00:10:49","modified_gmt":"2026-02-24T00:10:49","slug":"shinobi-kompressions-leggings","status":"publish","type":"product","link":"https:\/\/scramblestuff.com\/eu\/de\/p\/shinobi-kompressions-leggings\/","title":{"rendered":"Shinobi Kompressions-Leggings"},"content":{"rendered":"<p>Die Shinobi-Kollektion ist unsere Interpretation von hochwertiger, dezenter Kompressionskleidung. Mit Fokus auf feinen Materialien und hochwertiger Verarbeitung ist das Design einfach und dennoch elegant, erm\u00f6glicht eine perfekte Bewegungsfreiheit und verf\u00fcgt \u00fcber atmungsaktive Mesh-Eins\u00e4tze an Stellen, die deinem K\u00f6rper erm\u00f6glichen zu atmen, wenn du trainierst. Das Set eignet sich f\u00fcr Fitnessstudio, No-Gi Grappling, MMA usw.<\/p>\n","protected":false},"excerpt":{"rendered":"<p>Hochwertige Kompressionskleidung<br \/>\nKomfortable Kleidung und atmungsaktives Mesh<br \/>\nSchlichter Multisport-Look<\/p>\n","protected":false},"featured_media":88926,"comment_status":"open","ping_status":"closed","template":"","meta":{"_editorskit_title_hidden":false,"_editorskit_reading_time":0,"_editorskit_is_block_options_detached":false,"_editorskit_block_options_position":"{}"},"product_brand":[],"product_cat":[185,213,416],"product_tag":[],"giftcard-category":[],"class_list":{"0":"post-80311","1":"product","2":"type-product","3":"status-publish","4":"has-post-thumbnail","6":"product_cat-alle-produkte","7":"product_cat-kampfwear","8":"product_cat-spats-tights-de","10":"first","11":"instock","12":"taxable","13":"shipping-taxable","14":"purchasable","15":"product-type-variable"},"_links":{"self":[{"href":"https:\/\/scramblestuff.com\/eu\/de\/wp-json\/wp\/v2\/product\/80311","targetHints":{"allow":["GET"]}}],"collection":[{"href":"https:\/\/scramblestuff.com\/eu\/de\/wp-json\/wp\/v2\/product"}],"about":[{"href":"https:\/\/scramblestuff.com\/eu\/de\/wp-json\/wp\/v2\/types\/product"}],"replies":[{"embeddable":true,"href":"https:\/\/scramblestuff.com\/eu\/de\/wp-json\/wp\/v2\/comments?post=80311"}],"wp:featuredmedia":[{"embeddable":true,"href":"https:\/\/scramblestuff.com\/eu\/de\/wp-json\/wp\/v2\/media\/88926"}],"wp:attachment":[{"href":"https:\/\/scramblestuff.com\/eu\/de\/wp-json\/wp\/v2\/media?parent=80311"}],"wp:term":[{"taxonomy":"product_brand","embeddable":true,"href":"https:\/\/scramblestuff.com\/eu\/de\/wp-json\/wp\/v2\/product_brand?post=80311"},{"taxonomy":"product_cat","embeddable":true,"href":"https:\/\/scramblestuff.com\/eu\/de\/wp-json\/wp\/v2\/product_cat?post=80311"},{"taxonomy":"product_tag","embeddable":true,"href":"https:\/\/scramblestuff.com\/eu\/de\/wp-json\/wp\/v2\/product_tag?post=80311"},{"taxonomy":"giftcard-category","embeddable":true,"href":"https:\/\/scramblestuff.com\/eu\/de\/wp-json\/wp\/v2\/giftcard-category?post=80311"}],"curies":[{"name":"wp","href":"https:\/\/api.w.org\/{rel}","templated":true}]}}