{"id":80333,"date":"2023-10-19T09:40:04","date_gmt":"2023-10-19T08:40:04","guid":{"rendered":"https:\/\/scramblestuff.com\/eu\/p\/kombinations-shorts-schwarz-logotypen\/"},"modified":"2025-11-02T23:22:50","modified_gmt":"2025-11-02T23:22:50","slug":"kombinations-shorts-schwarz-logotypen","status":"publish","type":"product","link":"https:\/\/scramblestuff.com\/eu\/de\/p\/kombinations-shorts-schwarz-logotypen\/","title":{"rendered":"Kombinations-Shorts &#8211; Schwarz \/ Logotypen"},"content":{"rendered":"<p>Vorstellung des neuesten Zugangs zu unserer Kollektion: die schwarzen Kombinations-Shorts, bekannt f\u00fcr ihre Exzellenz. Diese Shorts sind mit einer geschmeidigen &#8222;Scramble everywhere&#8220; Innen-Lycra-Schicht ausgestattet und wurden f\u00fcr verschiedene Trainingszwecke konzipiert, einschlie\u00dflich Jiu-Jitsu, No-Gi-Grappling, Laufen und Fitnesstraining. Ihr Design umfasst eine innere Lycra-Schicht und eine kurze \u00e4u\u00dfere Schicht \u00fcber dem Oberschenkel f\u00fcr maximalen Komfort und Leistung.<\/p>\n","protected":false},"excerpt":{"rendered":"<p>\u00dcberarbeitete Gr\u00f6\u00dfe: sollte der Gr\u00f6\u00dfe entsprechen.<\/p>\n<p>Doppellagig mit schwarzem Innen-Lycra darunter<\/p>\n<p>M\u00f6glicherweise die beste Trainingsshort aller Zeiten<\/p>\n","protected":false},"featured_media":96454,"comment_status":"open","ping_status":"closed","template":"","meta":{"_editorskit_title_hidden":false,"_editorskit_reading_time":0,"_editorskit_is_block_options_detached":false,"_editorskit_block_options_position":"{}"},"product_brand":[],"product_cat":[185,410,213,231],"product_tag":[516],"giftcard-category":[],"class_list":{"0":"post-80333","1":"product","2":"type-product","3":"status-publish","4":"has-post-thumbnail","6":"product_cat-alle-produkte","7":"product_cat-grappling-shorts-de","8":"product_cat-kampfwear","9":"product_cat-verkauf","10":"product_tag-comboshorts-de","12":"first","13":"outofstock","14":"taxable","15":"shipping-taxable","16":"product-type-variable"},"_links":{"self":[{"href":"https:\/\/scramblestuff.com\/eu\/de\/wp-json\/wp\/v2\/product\/80333","targetHints":{"allow":["GET"]}}],"collection":[{"href":"https:\/\/scramblestuff.com\/eu\/de\/wp-json\/wp\/v2\/product"}],"about":[{"href":"https:\/\/scramblestuff.com\/eu\/de\/wp-json\/wp\/v2\/types\/product"}],"replies":[{"embeddable":true,"href":"https:\/\/scramblestuff.com\/eu\/de\/wp-json\/wp\/v2\/comments?post=80333"}],"wp:featuredmedia":[{"embeddable":true,"href":"https:\/\/scramblestuff.com\/eu\/de\/wp-json\/wp\/v2\/media\/96454"}],"wp:attachment":[{"href":"https:\/\/scramblestuff.com\/eu\/de\/wp-json\/wp\/v2\/media?parent=80333"}],"wp:term":[{"taxonomy":"product_brand","embeddable":true,"href":"https:\/\/scramblestuff.com\/eu\/de\/wp-json\/wp\/v2\/product_brand?post=80333"},{"taxonomy":"product_cat","embeddable":true,"href":"https:\/\/scramblestuff.com\/eu\/de\/wp-json\/wp\/v2\/product_cat?post=80333"},{"taxonomy":"product_tag","embeddable":true,"href":"https:\/\/scramblestuff.com\/eu\/de\/wp-json\/wp\/v2\/product_tag?post=80333"},{"taxonomy":"giftcard-category","embeddable":true,"href":"https:\/\/scramblestuff.com\/eu\/de\/wp-json\/wp\/v2\/giftcard-category?post=80333"}],"curies":[{"name":"wp","href":"https:\/\/api.w.org\/{rel}","templated":true}]}}