{"id":80489,"date":"2023-11-07T12:59:20","date_gmt":"2023-11-07T12:59:20","guid":{"rendered":"https:\/\/scramblestuff.com\/eu\/p\/scramble-glyph-gi-fuer-damen-schwarz\/"},"modified":"2025-08-09T12:45:09","modified_gmt":"2025-08-09T11:45:09","slug":"scramble-glyph-gi-fuer-damen-schwarz","status":"publish","type":"product","link":"https:\/\/scramblestuff.com\/eu\/de\/p\/scramble-glyph-gi-fuer-damen-schwarz\/","title":{"rendered":"Scramble Glyph GI f\u00fcr Damen &#8211; Schwarz"},"content":{"rendered":"<p>Der Glyph-Kimono von Scramble verwendet die Buchstaben des Markennamens &#8222;Scramble&#8220; und setzt sie in einer gro\u00dfen, mutigen altenglischen Typografie \u00fcber den gesamten Kimono hinweg ein. Dieses Gi hat ein mittleres Gewicht und eignet sich gut f\u00fcr das t\u00e4gliche Training. Es ist mit hochwertiger, dichter Stickerei gefertigt. Mit zahlreichen kleinen Details und Akzenten versehen wird dies sicherlich ein Sammlerst\u00fcck. Stolz NICHT den IBJJF-Richtlinien entsprechend.<\/p>\n","protected":false},"excerpt":{"rendered":"<p>Mutiges, originelles Design<\/p>\n<p>Oberteil aus 450 g\/m\u00b2 Perlgewebe<\/p>\n<p>Unterteil aus Ripstop<\/p>\n","protected":false},"featured_media":79121,"comment_status":"open","ping_status":"closed","template":"","meta":{"_editorskit_title_hidden":false,"_editorskit_reading_time":0,"_editorskit_is_block_options_detached":false,"_editorskit_block_options_position":"{}"},"product_brand":[],"product_cat":[185,381,242,238,27,231],"product_tag":[],"giftcard-category":[],"class_list":{"0":"post-80489","1":"product","2":"type-product","3":"status-publish","4":"has-post-thumbnail","6":"product_cat-alle-produkte","7":"product_cat-bjj-gi-de","8":"product_cat-damen-bjj-gi","9":"product_cat-frauen","10":"product_cat-sale","11":"product_cat-verkauf","13":"first","14":"outofstock","15":"taxable","16":"shipping-taxable","17":"purchasable","18":"product-type-variable"},"_links":{"self":[{"href":"https:\/\/scramblestuff.com\/eu\/de\/wp-json\/wp\/v2\/product\/80489","targetHints":{"allow":["GET"]}}],"collection":[{"href":"https:\/\/scramblestuff.com\/eu\/de\/wp-json\/wp\/v2\/product"}],"about":[{"href":"https:\/\/scramblestuff.com\/eu\/de\/wp-json\/wp\/v2\/types\/product"}],"replies":[{"embeddable":true,"href":"https:\/\/scramblestuff.com\/eu\/de\/wp-json\/wp\/v2\/comments?post=80489"}],"wp:featuredmedia":[{"embeddable":true,"href":"https:\/\/scramblestuff.com\/eu\/de\/wp-json\/wp\/v2\/media\/79121"}],"wp:attachment":[{"href":"https:\/\/scramblestuff.com\/eu\/de\/wp-json\/wp\/v2\/media?parent=80489"}],"wp:term":[{"taxonomy":"product_brand","embeddable":true,"href":"https:\/\/scramblestuff.com\/eu\/de\/wp-json\/wp\/v2\/product_brand?post=80489"},{"taxonomy":"product_cat","embeddable":true,"href":"https:\/\/scramblestuff.com\/eu\/de\/wp-json\/wp\/v2\/product_cat?post=80489"},{"taxonomy":"product_tag","embeddable":true,"href":"https:\/\/scramblestuff.com\/eu\/de\/wp-json\/wp\/v2\/product_tag?post=80489"},{"taxonomy":"giftcard-category","embeddable":true,"href":"https:\/\/scramblestuff.com\/eu\/de\/wp-json\/wp\/v2\/giftcard-category?post=80489"}],"curies":[{"name":"wp","href":"https:\/\/api.w.org\/{rel}","templated":true}]}}