{"id":82881,"date":"2023-09-25T14:33:33","date_gmt":"2023-09-25T13:33:33","guid":{"rendered":"https:\/\/scramblestuff.com\/eu\/p\/mund-und-zahnschutz\/"},"modified":"2026-02-24T00:10:47","modified_gmt":"2026-02-24T00:10:47","slug":"mund-und-zahnschutz","status":"publish","type":"product","link":"https:\/\/scramblestuff.com\/eu\/de\/p\/mund-und-zahnschutz\/","title":{"rendered":"Mund- und Zahnschutz"},"content":{"rendered":"<p>Es gibt nichts Schlimmeres, als von einem vorbeiziehenden Knie gerammt zu werden und zu sp\u00fcren, wie deine Z\u00e4hne wie Sandpapier zusammenknirschen, und dann den Rest des Kurses mit dem Gedanken zu verbringen: &#8222;Ach, Mist, ich h\u00e4tte den Mouthgum Shieldguard von Scramble kaufen sollen (trauriges Gesicht). Worauf zum Teufel wartest du also noch? Kaufe es jetzt, es ist ein absoluter Brianer. Ja, ich sagte &#8222;Brianer&#8220;. Dies ist ein &#8222;No-Brians&#8220;-Club.<br \/>\nSpa\u00df beiseite, dies ist ein epischer Mundschutz von Scramble.<\/p>\n","protected":false},"excerpt":{"rendered":"<p>Mundschutz &amp; Zahnfleischschutz in einem<br \/>\nH\u00f6re auf, deine Z\u00e4hne zu zerst\u00f6ren<br \/>\nBoil and Bite<\/p>\n","protected":false},"featured_media":87639,"comment_status":"open","ping_status":"closed","template":"","meta":{"_editorskit_title_hidden":false,"_editorskit_reading_time":0,"_editorskit_is_block_options_detached":false,"_editorskit_block_options_position":"{}"},"product_brand":[],"product_cat":[185,404,181],"product_tag":[],"giftcard-category":[],"class_list":{"0":"post-82881","1":"product","2":"type-product","3":"status-publish","4":"has-post-thumbnail","6":"product_cat-alle-produkte","7":"product_cat-mma-de","8":"product_cat-zubehor","10":"first","11":"instock","12":"taxable","13":"shipping-taxable","14":"purchasable","15":"product-type-simple"},"_links":{"self":[{"href":"https:\/\/scramblestuff.com\/eu\/de\/wp-json\/wp\/v2\/product\/82881","targetHints":{"allow":["GET"]}}],"collection":[{"href":"https:\/\/scramblestuff.com\/eu\/de\/wp-json\/wp\/v2\/product"}],"about":[{"href":"https:\/\/scramblestuff.com\/eu\/de\/wp-json\/wp\/v2\/types\/product"}],"replies":[{"embeddable":true,"href":"https:\/\/scramblestuff.com\/eu\/de\/wp-json\/wp\/v2\/comments?post=82881"}],"wp:featuredmedia":[{"embeddable":true,"href":"https:\/\/scramblestuff.com\/eu\/de\/wp-json\/wp\/v2\/media\/87639"}],"wp:attachment":[{"href":"https:\/\/scramblestuff.com\/eu\/de\/wp-json\/wp\/v2\/media?parent=82881"}],"wp:term":[{"taxonomy":"product_brand","embeddable":true,"href":"https:\/\/scramblestuff.com\/eu\/de\/wp-json\/wp\/v2\/product_brand?post=82881"},{"taxonomy":"product_cat","embeddable":true,"href":"https:\/\/scramblestuff.com\/eu\/de\/wp-json\/wp\/v2\/product_cat?post=82881"},{"taxonomy":"product_tag","embeddable":true,"href":"https:\/\/scramblestuff.com\/eu\/de\/wp-json\/wp\/v2\/product_tag?post=82881"},{"taxonomy":"giftcard-category","embeddable":true,"href":"https:\/\/scramblestuff.com\/eu\/de\/wp-json\/wp\/v2\/giftcard-category?post=82881"}],"curies":[{"name":"wp","href":"https:\/\/api.w.org\/{rel}","templated":true}]}}