{"id":82941,"date":"2023-12-14T13:13:28","date_gmt":"2023-12-14T13:13:28","guid":{"rendered":"https:\/\/scramblestuff.com\/eu\/p\/guertel-fuer-kinder-schwarzer-streifen\/"},"modified":"2025-08-09T12:50:00","modified_gmt":"2025-08-09T11:50:00","slug":"guertel-fuer-kinder-schwarzer-streifen","status":"publish","type":"product","link":"https:\/\/scramblestuff.com\/eu\/de\/p\/guertel-fuer-kinder-schwarzer-streifen\/","title":{"rendered":"IBJJF Ranglisten-G\u00fcrtel Kinder- Schwarzer Streifen"},"content":{"rendered":"<p>Wir wenden unsere hohen Standards auch auf Kinderprodukte an. Wir bieten eine Auswahl von G\u00fcrteln f\u00fcr Kinder an, die den IBJJF-Standards f\u00fcr Kinder-Jiujitsu entsprechen. Das Branding zeigt das &#8222;tanren&#8220; Kanji &#8211; eine fantastische Botschaft f\u00fcr aufstrebende Jiujitsu-Kinder. &#8222;Tanren&#8220; bedeutet Schmieden, wie Stahl im Feuer geschmiedet wird, um ein Schwert herzustellen. <\/p>\n<p>G\u00fcrtelgr\u00f6\u00dfen in cm:<\/p>\n<p>M000 \u2013 185<\/p>\n<p>M00 \u2013 195<\/p>\n<p>M0 \u2013 205<\/p>\n<p>M1 \u2013 215<\/p>\n<p>M2 \u2013 230<\/p>\n<p>M3 \u2013 245<\/p>\n<p>M4 \u2013 260<\/p>\n","protected":false},"excerpt":{"rendered":"<p>Hochwertige Kinderg\u00fcrtel<\/p>\n<p>Entspricht den IBJJF Standards <\/p>\n<p>Scramble &#8222;Tanren&#8220; Branding<\/p>\n","protected":false},"featured_media":87904,"comment_status":"closed","ping_status":"closed","template":"","meta":{"_editorskit_title_hidden":false,"_editorskit_reading_time":0,"_editorskit_is_block_options_detached":false,"_editorskit_block_options_position":"{}"},"product_brand":[],"product_cat":[185,217,213,227],"product_tag":[],"giftcard-category":[],"class_list":{"0":"post-82941","1":"product","2":"type-product","3":"status-publish","4":"has-post-thumbnail","6":"product_cat-alle-produkte","7":"product_cat-bjj-gurtel","8":"product_cat-kampfwear","9":"product_cat-kinder","11":"first","12":"instock","13":"purchasable","14":"product-type-variable"},"_links":{"self":[{"href":"https:\/\/scramblestuff.com\/eu\/de\/wp-json\/wp\/v2\/product\/82941","targetHints":{"allow":["GET"]}}],"collection":[{"href":"https:\/\/scramblestuff.com\/eu\/de\/wp-json\/wp\/v2\/product"}],"about":[{"href":"https:\/\/scramblestuff.com\/eu\/de\/wp-json\/wp\/v2\/types\/product"}],"replies":[{"embeddable":true,"href":"https:\/\/scramblestuff.com\/eu\/de\/wp-json\/wp\/v2\/comments?post=82941"}],"wp:featuredmedia":[{"embeddable":true,"href":"https:\/\/scramblestuff.com\/eu\/de\/wp-json\/wp\/v2\/media\/87904"}],"wp:attachment":[{"href":"https:\/\/scramblestuff.com\/eu\/de\/wp-json\/wp\/v2\/media?parent=82941"}],"wp:term":[{"taxonomy":"product_brand","embeddable":true,"href":"https:\/\/scramblestuff.com\/eu\/de\/wp-json\/wp\/v2\/product_brand?post=82941"},{"taxonomy":"product_cat","embeddable":true,"href":"https:\/\/scramblestuff.com\/eu\/de\/wp-json\/wp\/v2\/product_cat?post=82941"},{"taxonomy":"product_tag","embeddable":true,"href":"https:\/\/scramblestuff.com\/eu\/de\/wp-json\/wp\/v2\/product_tag?post=82941"},{"taxonomy":"giftcard-category","embeddable":true,"href":"https:\/\/scramblestuff.com\/eu\/de\/wp-json\/wp\/v2\/giftcard-category?post=82941"}],"curies":[{"name":"wp","href":"https:\/\/api.w.org\/{rel}","templated":true}]}}