{"id":82998,"date":"2023-12-14T13:13:29","date_gmt":"2023-12-14T13:13:29","guid":{"rendered":"https:\/\/scramblestuff.com\/eu\/p\/kids-athlite-6-blau\/"},"modified":"2025-08-09T12:32:41","modified_gmt":"2025-08-09T11:32:41","slug":"kids-athlite-6-blau","status":"publish","type":"product","link":"https:\/\/scramblestuff.com\/eu\/de\/p\/kids-athlite-6-blau\/","title":{"rendered":"Athlite Gi Kinder 6 &#8211; Blau"},"content":{"rendered":"<p>Aufgrund der gro\u00dfen Nachfrage bieten wir unseren meistverkauften Athlite BJJ Gi nun auch in Kindergr\u00f6\u00dfen an. Gem\u00e4\u00df der standardm\u00e4\u00dfigen unsinnigen Nomenklatur, die von der Kampfkunstgemeinschaft vereinbart wurde, passt dieser Gi sowohl den j\u00fcngsten Kindern, die gerade erst anfangen, als auch den bockigsten Jugendlichen im fr\u00fchen Teenageralter (du kennst den Typ, der gerade einen Wachstumsschub durchl\u00e4uft und alle Erwachsenen, die den Sport nur als Hobby betreiben, in die Tasche steckt). <\/p>\n<p>Verf\u00fcgt \u00fcber das gleiche Qualit\u00e4tsniveau und die gleiche Liebe zum Detail wie die Erwachsenenversion des Athlite und entspricht derzeit den Standards der IBJJF.<\/p>\n<p>Mit einem 375gsm Perlenwebstoff (pearl weave)-Oberteil und leichten Riptop-Hosen ist er robust genug f\u00fcr den t\u00e4glichen Gebrauch und gleichzeitig schlank genug f\u00fcr den Wettkampf.<\/p>\n","protected":false},"excerpt":{"rendered":"<p>Leichter Kinder-Gi<\/p>\n<p><strong>Mit kostenlosem wei\u00dfem G\u00fcrtel <\/strong><\/p>\n<p>Elastische Taille mit Kordelzug<\/p>\n","protected":false},"featured_media":87824,"comment_status":"open","ping_status":"closed","template":"","meta":{"_editorskit_title_hidden":false,"_editorskit_reading_time":0,"_editorskit_is_block_options_detached":false,"_editorskit_block_options_position":"{}"},"product_brand":[],"product_cat":[185,227],"product_tag":[],"giftcard-category":[],"class_list":{"0":"post-82998","1":"product","2":"type-product","3":"status-publish","4":"has-post-thumbnail","6":"product_cat-alle-produkte","7":"product_cat-kinder","9":"first","10":"outofstock","11":"purchasable","12":"product-type-variable"},"_links":{"self":[{"href":"https:\/\/scramblestuff.com\/eu\/de\/wp-json\/wp\/v2\/product\/82998","targetHints":{"allow":["GET"]}}],"collection":[{"href":"https:\/\/scramblestuff.com\/eu\/de\/wp-json\/wp\/v2\/product"}],"about":[{"href":"https:\/\/scramblestuff.com\/eu\/de\/wp-json\/wp\/v2\/types\/product"}],"replies":[{"embeddable":true,"href":"https:\/\/scramblestuff.com\/eu\/de\/wp-json\/wp\/v2\/comments?post=82998"}],"wp:featuredmedia":[{"embeddable":true,"href":"https:\/\/scramblestuff.com\/eu\/de\/wp-json\/wp\/v2\/media\/87824"}],"wp:attachment":[{"href":"https:\/\/scramblestuff.com\/eu\/de\/wp-json\/wp\/v2\/media?parent=82998"}],"wp:term":[{"taxonomy":"product_brand","embeddable":true,"href":"https:\/\/scramblestuff.com\/eu\/de\/wp-json\/wp\/v2\/product_brand?post=82998"},{"taxonomy":"product_cat","embeddable":true,"href":"https:\/\/scramblestuff.com\/eu\/de\/wp-json\/wp\/v2\/product_cat?post=82998"},{"taxonomy":"product_tag","embeddable":true,"href":"https:\/\/scramblestuff.com\/eu\/de\/wp-json\/wp\/v2\/product_tag?post=82998"},{"taxonomy":"giftcard-category","embeddable":true,"href":"https:\/\/scramblestuff.com\/eu\/de\/wp-json\/wp\/v2\/giftcard-category?post=82998"}],"curies":[{"name":"wp","href":"https:\/\/api.w.org\/{rel}","templated":true}]}}