{"id":83030,"date":"2023-12-14T15:04:04","date_gmt":"2023-12-14T15:04:04","guid":{"rendered":"https:\/\/scramblestuff.com\/eu\/p\/base-k-gi-fuer-damen-sandfarben\/"},"modified":"2025-08-09T12:16:39","modified_gmt":"2025-08-09T11:16:39","slug":"base-k-gi-fuer-damen-sandfarben","status":"publish","type":"product","link":"https:\/\/scramblestuff.com\/eu\/de\/p\/base-k-gi-fuer-damen-sandfarben\/","title":{"rendered":"Base-K Gi f\u00fcr Damen &#8211; Sandfarben"},"content":{"rendered":"<p>Der Base-K ist das Ergebnis von fast 12 Jahren in der Jiu-Jitsu-Branche. Ein schlichter, klassischer Look, der dezent ist und es dir erm\u00f6glicht, deinen Gi so viel oder so wenig anzupassen, wie du m\u00f6chtest. Das Scramble-Logo steht nach \u00fcber einem Jahrzehnt im Sport jetzt wirklich f\u00fcr etwas, deshalb haben wir die Verzierungen auf wenige schlichte Darstellungen des Logos selbst beschr\u00e4nkt.<\/p>\n<p>Der Verzicht auf unn\u00f6tige Verzierungen erm\u00f6glichte es uns, den Preis niedriger zu halten als bei unseren anderen Flaggschiff-Gis und gleichzeitig den Fokus auf Qualit\u00e4t beizubehalten. Die Materialien, Passform und Verarbeitung sprechen f\u00fcr sich selbst.<\/p>\n<p>Die Hose hat unser SK (Scramble Kimono) Logo direkt eingestickt.<\/p>\n","protected":false},"excerpt":{"rendered":"<p>Sauber, einfach und hochwertig<br \/>\n450gsm Oberteil, mittelschwere Ripstop-Hose<\/p>\n","protected":false},"featured_media":80277,"comment_status":"open","ping_status":"closed","template":"","meta":{"_editorskit_title_hidden":false,"_editorskit_reading_time":0,"_editorskit_is_block_options_detached":false,"_editorskit_block_options_position":"{}"},"product_brand":[],"product_cat":[185,242,238,213,27,231],"product_tag":[],"giftcard-category":[],"class_list":{"0":"post-83030","1":"product","2":"type-product","3":"status-publish","4":"has-post-thumbnail","6":"product_cat-alle-produkte","7":"product_cat-damen-bjj-gi","8":"product_cat-frauen","9":"product_cat-kampfwear","10":"product_cat-sale","11":"product_cat-verkauf","13":"first","14":"instock","15":"sale","16":"taxable","17":"shipping-taxable","18":"purchasable","19":"product-type-variable"},"_links":{"self":[{"href":"https:\/\/scramblestuff.com\/eu\/de\/wp-json\/wp\/v2\/product\/83030","targetHints":{"allow":["GET"]}}],"collection":[{"href":"https:\/\/scramblestuff.com\/eu\/de\/wp-json\/wp\/v2\/product"}],"about":[{"href":"https:\/\/scramblestuff.com\/eu\/de\/wp-json\/wp\/v2\/types\/product"}],"replies":[{"embeddable":true,"href":"https:\/\/scramblestuff.com\/eu\/de\/wp-json\/wp\/v2\/comments?post=83030"}],"wp:featuredmedia":[{"embeddable":true,"href":"https:\/\/scramblestuff.com\/eu\/de\/wp-json\/wp\/v2\/media\/80277"}],"wp:attachment":[{"href":"https:\/\/scramblestuff.com\/eu\/de\/wp-json\/wp\/v2\/media?parent=83030"}],"wp:term":[{"taxonomy":"product_brand","embeddable":true,"href":"https:\/\/scramblestuff.com\/eu\/de\/wp-json\/wp\/v2\/product_brand?post=83030"},{"taxonomy":"product_cat","embeddable":true,"href":"https:\/\/scramblestuff.com\/eu\/de\/wp-json\/wp\/v2\/product_cat?post=83030"},{"taxonomy":"product_tag","embeddable":true,"href":"https:\/\/scramblestuff.com\/eu\/de\/wp-json\/wp\/v2\/product_tag?post=83030"},{"taxonomy":"giftcard-category","embeddable":true,"href":"https:\/\/scramblestuff.com\/eu\/de\/wp-json\/wp\/v2\/giftcard-category?post=83030"}],"curies":[{"name":"wp","href":"https:\/\/api.w.org\/{rel}","templated":true}]}}