{"id":83036,"date":"2023-12-20T14:44:58","date_gmt":"2023-12-20T14:44:58","guid":{"rendered":"https:\/\/scramblestuff.com\/eu\/p\/jiu-jitsu-beanie\/"},"modified":"2025-08-09T12:23:13","modified_gmt":"2025-08-09T11:23:13","slug":"jiu-jitsu-beanie","status":"publish","type":"product","link":"https:\/\/scramblestuff.com\/eu\/de\/p\/jiu-jitsu-beanie\/","title":{"rendered":"Jiu-Jitsu Beanie"},"content":{"rendered":"<p>Diese Scramble-Beanies sind die perfekte Kopfbedeckung f\u00fcr einen Jiu-Jitsu- oder Scramble-Fan. Hergestellt aus hochwertigen Materialien und mit erstklassigen Details in der Verarbeitung, ist diese Beaniem\u00fctze f\u00fcr den Winter gemacht oder vielleicht sogar f\u00fcr den Sommer, wenn du absolut crazy bist. Jiu-Jitsu! Und andere relevante Stichw\u00f6rter.   <\/p>\n","protected":false},"excerpt":{"rendered":"<p>In den Stoff eingewebte Jiujitsu Kanji<br \/>\nEinheitsgr\u00f6\u00dfe (passt fast allen)<br \/>\nHochwertige Materialien und Verarbeitung<\/p>\n<p>22,5cm breit, 22,5cm tief.<\/p>\n<p>&nbsp;<\/p>\n","protected":false},"featured_media":92143,"comment_status":"open","ping_status":"closed","template":"","meta":{"_editorskit_title_hidden":false,"_editorskit_reading_time":0,"_editorskit_is_block_options_detached":false,"_editorskit_block_options_position":"{}"},"product_brand":[],"product_cat":[185,189,197,27,231,181],"product_tag":[],"giftcard-category":[],"class_list":{"0":"post-83036","1":"product","2":"type-product","3":"status-publish","4":"has-post-thumbnail","6":"product_cat-alle-produkte","7":"product_cat-freizeitkleidung","8":"product_cat-hute","9":"product_cat-sale","10":"product_cat-verkauf","11":"product_cat-zubehor","13":"first","14":"outofstock","15":"taxable","16":"shipping-taxable","17":"purchasable","18":"product-type-variable"},"_links":{"self":[{"href":"https:\/\/scramblestuff.com\/eu\/de\/wp-json\/wp\/v2\/product\/83036","targetHints":{"allow":["GET"]}}],"collection":[{"href":"https:\/\/scramblestuff.com\/eu\/de\/wp-json\/wp\/v2\/product"}],"about":[{"href":"https:\/\/scramblestuff.com\/eu\/de\/wp-json\/wp\/v2\/types\/product"}],"replies":[{"embeddable":true,"href":"https:\/\/scramblestuff.com\/eu\/de\/wp-json\/wp\/v2\/comments?post=83036"}],"wp:featuredmedia":[{"embeddable":true,"href":"https:\/\/scramblestuff.com\/eu\/de\/wp-json\/wp\/v2\/media\/92143"}],"wp:attachment":[{"href":"https:\/\/scramblestuff.com\/eu\/de\/wp-json\/wp\/v2\/media?parent=83036"}],"wp:term":[{"taxonomy":"product_brand","embeddable":true,"href":"https:\/\/scramblestuff.com\/eu\/de\/wp-json\/wp\/v2\/product_brand?post=83036"},{"taxonomy":"product_cat","embeddable":true,"href":"https:\/\/scramblestuff.com\/eu\/de\/wp-json\/wp\/v2\/product_cat?post=83036"},{"taxonomy":"product_tag","embeddable":true,"href":"https:\/\/scramblestuff.com\/eu\/de\/wp-json\/wp\/v2\/product_tag?post=83036"},{"taxonomy":"giftcard-category","embeddable":true,"href":"https:\/\/scramblestuff.com\/eu\/de\/wp-json\/wp\/v2\/giftcard-category?post=83036"}],"curies":[{"name":"wp","href":"https:\/\/api.w.org\/{rel}","templated":true}]}}