{"id":83091,"date":"2024-02-12T10:06:36","date_gmt":"2024-02-12T10:06:36","guid":{"rendered":"https:\/\/scramblestuff.com\/eu\/p\/viking-shorts\/"},"modified":"2026-03-16T09:49:01","modified_gmt":"2026-03-16T09:49:01","slug":"viking-shorts","status":"publish","type":"product","link":"https:\/\/scramblestuff.com\/eu\/de\/p\/viking-shorts\/","title":{"rendered":"Viking-Shorts"},"content":{"rendered":"<p>Wir verwenden unseren beliebten und perfektionierten Base-Schnitt bei diesen Grappling-\/MMA-\/Jiu-Jitsu-Shorts, die au\u00dferdem einen verdammt coolen Wikinger darauf haben. Schau, du kannst das tragen, wie du m\u00f6chtest. Ironisch? Du bist ein Weichei, aber du magst Wikinger. Nicht ironisch? Du bist tats\u00e4chlich ein Wikinger und wirst deine Trainingspartner ordentlich pl\u00fcndern. Post-ironisch? Du verstehst die Ironie, ein \u00fcbertriebenes Wikinger-Tough-Guy-No-Gi-Set als Pazifist zu tragen, kaufst es aber trotzdem, weil es einfach unglaublich ist. Au\u00dferdem: Wikinger sind cool.<\/p>\n","protected":false},"excerpt":{"rendered":"<p>\u201eBase&#8220; Cut &#8211; Shorts<br \/>\nWikinger-inspirierte Grafiken<br \/>\nHochwertigste Materialien<br \/>\nWirklich absolut wikingerhaft<\/p>\n","protected":false},"featured_media":89276,"comment_status":"open","ping_status":"closed","template":"","meta":{"_editorskit_title_hidden":false,"_editorskit_reading_time":0,"_editorskit_is_block_options_detached":false,"_editorskit_block_options_position":"{}"},"product_brand":[],"product_cat":[185,410,213,27,231],"product_tag":[],"giftcard-category":[],"class_list":{"0":"post-83091","1":"product","2":"type-product","3":"status-publish","4":"has-post-thumbnail","6":"product_cat-alle-produkte","7":"product_cat-grappling-shorts-de","8":"product_cat-kampfwear","9":"product_cat-sale","10":"product_cat-verkauf","12":"first","13":"instock","14":"sale","15":"taxable","16":"shipping-taxable","17":"purchasable","18":"product-type-variable"},"_links":{"self":[{"href":"https:\/\/scramblestuff.com\/eu\/de\/wp-json\/wp\/v2\/product\/83091","targetHints":{"allow":["GET"]}}],"collection":[{"href":"https:\/\/scramblestuff.com\/eu\/de\/wp-json\/wp\/v2\/product"}],"about":[{"href":"https:\/\/scramblestuff.com\/eu\/de\/wp-json\/wp\/v2\/types\/product"}],"replies":[{"embeddable":true,"href":"https:\/\/scramblestuff.com\/eu\/de\/wp-json\/wp\/v2\/comments?post=83091"}],"wp:featuredmedia":[{"embeddable":true,"href":"https:\/\/scramblestuff.com\/eu\/de\/wp-json\/wp\/v2\/media\/89276"}],"wp:attachment":[{"href":"https:\/\/scramblestuff.com\/eu\/de\/wp-json\/wp\/v2\/media?parent=83091"}],"wp:term":[{"taxonomy":"product_brand","embeddable":true,"href":"https:\/\/scramblestuff.com\/eu\/de\/wp-json\/wp\/v2\/product_brand?post=83091"},{"taxonomy":"product_cat","embeddable":true,"href":"https:\/\/scramblestuff.com\/eu\/de\/wp-json\/wp\/v2\/product_cat?post=83091"},{"taxonomy":"product_tag","embeddable":true,"href":"https:\/\/scramblestuff.com\/eu\/de\/wp-json\/wp\/v2\/product_tag?post=83091"},{"taxonomy":"giftcard-category","embeddable":true,"href":"https:\/\/scramblestuff.com\/eu\/de\/wp-json\/wp\/v2\/giftcard-category?post=83091"}],"curies":[{"name":"wp","href":"https:\/\/api.w.org\/{rel}","templated":true}]}}