{"id":83098,"date":"2024-02-12T10:35:19","date_gmt":"2024-04-27T07:39:54","guid":{"rendered":"https:\/\/scramblestuff.com\/eu\/p\/viking-rashguard\/"},"modified":"2025-05-04T19:43:22","modified_gmt":"2025-05-04T18:43:22","slug":"viking-rashguard","status":"publish","type":"product","link":"https:\/\/scramblestuff.com\/eu\/de\/p\/viking-rashguard\/","title":{"rendered":"Viking Rashguard"},"content":{"rendered":"<p>Unter Verwendung unseres beliebten Tactic-Schnitts, der mehrere k\u00f6rperangepasste Panels und atmungsaktive Mesh-Unterarmbereiche bietet, hat dieses Rashguard ein lebhaftes und markantes Wikinger-Design. Schau, du kannst das tragen, wie du m\u00f6chtest. Ironisch? Du bist ein Weichei, aber du magst Wikinger. Nicht ironisch? Du bist tats\u00e4chlich ein Wikinger und wirst deine Trainingspartner ordentlich pl\u00fcndern. Post-ironisch? Du verstehst die Ironie, ein \u00fcbertriebenes Wikinger-Tough-Guy-Rashguard als Pazifist zu tragen, kaufst es aber trotzdem, weil es einfach unglaublich ist. Au\u00dferdem: Wikinger sind cool.<\/p>\n","protected":false},"excerpt":{"rendered":"<p>\u201eTactic\u201c-Schnitt Rashguard<br \/>\nWikinger-inspirierte Grafiken<br \/>\nHochwertigste Materialien<br \/>\nWirklich absolut wikingerhaft<\/p>\n","protected":false},"featured_media":89241,"comment_status":"open","ping_status":"closed","template":"","meta":{"_editorskit_title_hidden":false,"_editorskit_reading_time":0,"_editorskit_is_block_options_detached":false,"_editorskit_block_options_position":"{}"},"product_brand":[],"product_cat":[185,213,405,27,231],"product_tag":[],"giftcard-category":[],"class_list":{"0":"post-83098","1":"product","2":"type-product","3":"status-publish","4":"has-post-thumbnail","6":"product_cat-alle-produkte","7":"product_cat-kampfwear","8":"product_cat-rashguards-de","9":"product_cat-sale","10":"product_cat-verkauf","12":"first","13":"outofstock","14":"taxable","15":"shipping-taxable","16":"purchasable","17":"product-type-variable"},"_links":{"self":[{"href":"https:\/\/scramblestuff.com\/eu\/de\/wp-json\/wp\/v2\/product\/83098","targetHints":{"allow":["GET"]}}],"collection":[{"href":"https:\/\/scramblestuff.com\/eu\/de\/wp-json\/wp\/v2\/product"}],"about":[{"href":"https:\/\/scramblestuff.com\/eu\/de\/wp-json\/wp\/v2\/types\/product"}],"replies":[{"embeddable":true,"href":"https:\/\/scramblestuff.com\/eu\/de\/wp-json\/wp\/v2\/comments?post=83098"}],"wp:featuredmedia":[{"embeddable":true,"href":"https:\/\/scramblestuff.com\/eu\/de\/wp-json\/wp\/v2\/media\/89241"}],"wp:attachment":[{"href":"https:\/\/scramblestuff.com\/eu\/de\/wp-json\/wp\/v2\/media?parent=83098"}],"wp:term":[{"taxonomy":"product_brand","embeddable":true,"href":"https:\/\/scramblestuff.com\/eu\/de\/wp-json\/wp\/v2\/product_brand?post=83098"},{"taxonomy":"product_cat","embeddable":true,"href":"https:\/\/scramblestuff.com\/eu\/de\/wp-json\/wp\/v2\/product_cat?post=83098"},{"taxonomy":"product_tag","embeddable":true,"href":"https:\/\/scramblestuff.com\/eu\/de\/wp-json\/wp\/v2\/product_tag?post=83098"},{"taxonomy":"giftcard-category","embeddable":true,"href":"https:\/\/scramblestuff.com\/eu\/de\/wp-json\/wp\/v2\/giftcard-category?post=83098"}],"curies":[{"name":"wp","href":"https:\/\/api.w.org\/{rel}","templated":true}]}}