{"id":83112,"date":"2024-02-20T14:34:00","date_gmt":"2024-02-20T14:34:00","guid":{"rendered":"https:\/\/scramblestuff.com\/eu\/p\/baka-shorts-rot\/"},"modified":"2025-12-30T21:56:04","modified_gmt":"2025-12-30T21:56:04","slug":"baka-shorts-rot","status":"publish","type":"product","link":"https:\/\/scramblestuff.com\/eu\/de\/p\/baka-shorts-rot\/","title":{"rendered":"Baka Shorts &#8211; Rot"},"content":{"rendered":"<p>Das Baka-Set sollte urspr\u00fcnglich Baku genannt werden, wie in Bakuhatsu, was auf Japanisch &#8222;Explosion&#8220; bedeutet, weil die Scramble-Logos &#8222;explodiert&#8220; sind. Aber wir haben uns f\u00fcr Baka entschieden, weil es lustig ist, da &#8222;baka&#8220; auf Japanisch &#8222;Dummkopf&#8220; oder &#8222;Idiot&#8220; bedeutet. &#8222;Baka survivor&#8220;! Ganz egal, denn dies ist eines der besten No-Gi-Sets, das wir je herausgebracht haben.<\/p>\n","protected":false},"excerpt":{"rendered":"<p>\u00dcberdimensionierte Scramble-Logos, die an den N\u00e4hten &#8222;platzen&#8220;<\/p>\n<p>Teil des BAKA No-Gi-Sets<\/p>\n<p>Wei\u00dft du, was &#8222;Baka&#8220; bedeutet?<\/p>\n<p>Sportlicher, figurbetonter Schnitt<\/p>\n<p>Die Gr\u00f6\u00dfen L, XL und XXL haben einen leicht schmaleren Bund als die erste Ausgabe der schwarzen und wei\u00dfen Baka-Sets.<\/p>\n","protected":false},"featured_media":86924,"comment_status":"open","ping_status":"closed","template":"","meta":{"_editorskit_title_hidden":false,"_editorskit_reading_time":0,"_editorskit_is_block_options_detached":false,"_editorskit_block_options_position":"{}"},"product_brand":[],"product_cat":[185,410,213],"product_tag":[447],"giftcard-category":[],"class_list":{"0":"post-83112","1":"product","2":"type-product","3":"status-publish","4":"has-post-thumbnail","6":"product_cat-alle-produkte","7":"product_cat-grappling-shorts-de","8":"product_cat-kampfwear","9":"product_tag-baka-de","11":"first","12":"instock","13":"taxable","14":"shipping-taxable","15":"purchasable","16":"product-type-variable"},"_links":{"self":[{"href":"https:\/\/scramblestuff.com\/eu\/de\/wp-json\/wp\/v2\/product\/83112","targetHints":{"allow":["GET"]}}],"collection":[{"href":"https:\/\/scramblestuff.com\/eu\/de\/wp-json\/wp\/v2\/product"}],"about":[{"href":"https:\/\/scramblestuff.com\/eu\/de\/wp-json\/wp\/v2\/types\/product"}],"replies":[{"embeddable":true,"href":"https:\/\/scramblestuff.com\/eu\/de\/wp-json\/wp\/v2\/comments?post=83112"}],"wp:featuredmedia":[{"embeddable":true,"href":"https:\/\/scramblestuff.com\/eu\/de\/wp-json\/wp\/v2\/media\/86924"}],"wp:attachment":[{"href":"https:\/\/scramblestuff.com\/eu\/de\/wp-json\/wp\/v2\/media?parent=83112"}],"wp:term":[{"taxonomy":"product_brand","embeddable":true,"href":"https:\/\/scramblestuff.com\/eu\/de\/wp-json\/wp\/v2\/product_brand?post=83112"},{"taxonomy":"product_cat","embeddable":true,"href":"https:\/\/scramblestuff.com\/eu\/de\/wp-json\/wp\/v2\/product_cat?post=83112"},{"taxonomy":"product_tag","embeddable":true,"href":"https:\/\/scramblestuff.com\/eu\/de\/wp-json\/wp\/v2\/product_tag?post=83112"},{"taxonomy":"giftcard-category","embeddable":true,"href":"https:\/\/scramblestuff.com\/eu\/de\/wp-json\/wp\/v2\/giftcard-category?post=83112"}],"curies":[{"name":"wp","href":"https:\/\/api.w.org\/{rel}","templated":true}]}}