{"id":84755,"date":"2024-05-14T11:34:50","date_gmt":"2024-05-14T10:34:50","guid":{"rendered":"https:\/\/scramblestuff.com\/eu\/p\/rashguard-in-rangfarben-schwarz\/"},"modified":"2026-04-07T09:58:25","modified_gmt":"2026-04-07T08:58:25","slug":"rashguard-in-rangfarben-schwarz","status":"publish","type":"product","link":"https:\/\/scramblestuff.com\/eu\/de\/p\/rashguard-in-rangfarben-schwarz\/","title":{"rendered":"Rashguard in Rangfarben- Schwarz"},"content":{"rendered":"<p>Unsere Rang-Rashguards entsprechen allen IBJJF-Richtlinien f\u00fcr Rashguards in Rangfarben. Sie verf\u00fcgen \u00fcber Akzente in der G\u00fcrtelrangfarbe, die den erforderlichen Prozentsatz ausmachen, um an IBJJF-Wettk\u00e4mpfen teilzunehmen, oder einfach nur, um im No-Gi-Jiu-Jitsu mit Kleidung basierend auf deinem Rang zu trainieren und zu k\u00e4mpfen. Die Rashguards sind aus einer hochwertigen Polyester-Mischung gefertigt, die das Pilling reduziert, sowie mit erstklassigen N\u00e4hten und Panels, die sich mit deinem K\u00f6rper mitbewegen.<\/p>\n","protected":false},"excerpt":{"rendered":"<p>Entspricht den IBJJF-Richtlinien<\/p>\n<p>Hervorragende Material- und Verarbeitungsqualit\u00e4t<\/p>\n<p>Subtiles Design inspiriert von der Uniform der Feuerwehrm\u00e4nner der Edo-\u00c4ra<\/p>\n","protected":false},"featured_media":88500,"comment_status":"open","ping_status":"closed","template":"","meta":{"_editorskit_title_hidden":false,"_editorskit_reading_time":0,"_editorskit_is_block_options_detached":false,"_editorskit_block_options_position":"{}"},"product_brand":[],"product_cat":[185,213,405,27,231],"product_tag":[586],"giftcard-category":[],"class_list":{"0":"post-84755","1":"product","2":"type-product","3":"status-publish","4":"has-post-thumbnail","6":"product_cat-alle-produkte","7":"product_cat-kampfwear","8":"product_cat-rashguards-de","9":"product_cat-sale","10":"product_cat-verkauf","11":"product_tag-rashguard-in-rangfarben","13":"first","14":"instock","15":"sale","16":"taxable","17":"shipping-taxable","18":"purchasable","19":"product-type-variable"},"_links":{"self":[{"href":"https:\/\/scramblestuff.com\/eu\/de\/wp-json\/wp\/v2\/product\/84755","targetHints":{"allow":["GET"]}}],"collection":[{"href":"https:\/\/scramblestuff.com\/eu\/de\/wp-json\/wp\/v2\/product"}],"about":[{"href":"https:\/\/scramblestuff.com\/eu\/de\/wp-json\/wp\/v2\/types\/product"}],"replies":[{"embeddable":true,"href":"https:\/\/scramblestuff.com\/eu\/de\/wp-json\/wp\/v2\/comments?post=84755"}],"wp:featuredmedia":[{"embeddable":true,"href":"https:\/\/scramblestuff.com\/eu\/de\/wp-json\/wp\/v2\/media\/88500"}],"wp:attachment":[{"href":"https:\/\/scramblestuff.com\/eu\/de\/wp-json\/wp\/v2\/media?parent=84755"}],"wp:term":[{"taxonomy":"product_brand","embeddable":true,"href":"https:\/\/scramblestuff.com\/eu\/de\/wp-json\/wp\/v2\/product_brand?post=84755"},{"taxonomy":"product_cat","embeddable":true,"href":"https:\/\/scramblestuff.com\/eu\/de\/wp-json\/wp\/v2\/product_cat?post=84755"},{"taxonomy":"product_tag","embeddable":true,"href":"https:\/\/scramblestuff.com\/eu\/de\/wp-json\/wp\/v2\/product_tag?post=84755"},{"taxonomy":"giftcard-category","embeddable":true,"href":"https:\/\/scramblestuff.com\/eu\/de\/wp-json\/wp\/v2\/giftcard-category?post=84755"}],"curies":[{"name":"wp","href":"https:\/\/api.w.org\/{rel}","templated":true}]}}