{"id":84762,"date":"2024-05-20T11:32:07","date_gmt":"2024-07-19T10:44:16","guid":{"rendered":"https:\/\/scramblestuff.com\/eu\/p\/obi-bjj-finger-tape\/"},"modified":"2026-01-29T14:28:54","modified_gmt":"2026-01-29T14:28:54","slug":"obi-bjj-finger-tape","status":"publish","type":"product","link":"https:\/\/scramblestuff.com\/eu\/de\/p\/obi-bjj-finger-tape\/","title":{"rendered":"Obi BJJ Finger Tape"},"content":{"rendered":"<p>Dieses hochwertige Baumwoll-Tape wird in einer erstklassigen, wiederverwendbaren Dose geliefert, die dein Tape vor Schmutz und anderen Verunreinigungen in deiner Sporttasche sch\u00fctzt. Das Baumwoll-Tape ist selbstklebend und ideal, um deine Fingergelenke zu verst\u00e4rken oder Streifen auf deinem G\u00fcrtel anzubringen. Bitte beachte, dass du deine Streifen von deinem Instructor anbringen lassen musst.<\/p>\n","protected":false},"excerpt":{"rendered":"<p>3 Rollen Finger Tape \u00e0 1 cm x 10 m<br \/>\n100% Baumwolle<br \/>\nIdeal f\u00fcr Finger oder Streifen auf G\u00fcrtel<\/p>\n","protected":false},"featured_media":83767,"comment_status":"open","ping_status":"closed","template":"","meta":{"_editorskit_title_hidden":false,"_editorskit_reading_time":0,"_editorskit_is_block_options_detached":false,"_editorskit_block_options_position":"{}"},"product_brand":[],"product_cat":[185,181],"product_tag":[],"giftcard-category":[],"class_list":{"0":"post-84762","1":"product","2":"type-product","3":"status-publish","4":"has-post-thumbnail","6":"product_cat-alle-produkte","7":"product_cat-zubehor","9":"first","10":"instock","11":"taxable","12":"shipping-taxable","13":"purchasable","14":"product-type-simple"},"_links":{"self":[{"href":"https:\/\/scramblestuff.com\/eu\/de\/wp-json\/wp\/v2\/product\/84762","targetHints":{"allow":["GET"]}}],"collection":[{"href":"https:\/\/scramblestuff.com\/eu\/de\/wp-json\/wp\/v2\/product"}],"about":[{"href":"https:\/\/scramblestuff.com\/eu\/de\/wp-json\/wp\/v2\/types\/product"}],"replies":[{"embeddable":true,"href":"https:\/\/scramblestuff.com\/eu\/de\/wp-json\/wp\/v2\/comments?post=84762"}],"wp:featuredmedia":[{"embeddable":true,"href":"https:\/\/scramblestuff.com\/eu\/de\/wp-json\/wp\/v2\/media\/83767"}],"wp:attachment":[{"href":"https:\/\/scramblestuff.com\/eu\/de\/wp-json\/wp\/v2\/media?parent=84762"}],"wp:term":[{"taxonomy":"product_brand","embeddable":true,"href":"https:\/\/scramblestuff.com\/eu\/de\/wp-json\/wp\/v2\/product_brand?post=84762"},{"taxonomy":"product_cat","embeddable":true,"href":"https:\/\/scramblestuff.com\/eu\/de\/wp-json\/wp\/v2\/product_cat?post=84762"},{"taxonomy":"product_tag","embeddable":true,"href":"https:\/\/scramblestuff.com\/eu\/de\/wp-json\/wp\/v2\/product_tag?post=84762"},{"taxonomy":"giftcard-category","embeddable":true,"href":"https:\/\/scramblestuff.com\/eu\/de\/wp-json\/wp\/v2\/giftcard-category?post=84762"}],"curies":[{"name":"wp","href":"https:\/\/api.w.org\/{rel}","templated":true}]}}