{"id":84775,"date":"2024-05-28T11:16:19","date_gmt":"2024-07-20T08:10:41","guid":{"rendered":"https:\/\/scramblestuff.com\/eu\/p\/logo-oversized-t-shirt-marineblau\/"},"modified":"2025-03-08T11:20:40","modified_gmt":"2025-03-08T11:20:40","slug":"logo-oversized-t-shirt-marineblau","status":"publish","type":"product","link":"https:\/\/scramblestuff.com\/eu\/de\/p\/logo-oversized-t-shirt-marineblau\/","title":{"rendered":"Logo Oversized T-Shirt &#8211; Marineblau"},"content":{"rendered":"<p>Dieses einfache, dezente T-Shirt bietet eine bequeme, \u00fcbergro\u00dfe Passform und ein dezentes Scramble-Logo, das auf die Mitte der Brust gestickt ist. Alles ist nach h\u00f6chsten Standards gefertigt. Wenn T-Shirts Jiu-Jitsu-G\u00fcrtel w\u00e4ren, w\u00e4re dieses T-Shirt der schwarze G\u00fcrtel mit einigen Streifen. Kein Korallen-G\u00fcrtel, denn die sind super alt.<\/p>\n","protected":false},"excerpt":{"rendered":"<p>Ultra-Premium Materialien<\/p>\n<p>\u00dcbergro\u00dfe Passform<\/p>\n<p>Heavyweight T-Shirt<\/p>\n","protected":false},"featured_media":88140,"comment_status":"open","ping_status":"closed","template":"","meta":{"_editorskit_title_hidden":false,"_editorskit_reading_time":0,"_editorskit_is_block_options_detached":false,"_editorskit_block_options_position":"{}"},"product_brand":[],"product_cat":[185,189,27,209,231],"product_tag":[],"giftcard-category":[],"class_list":{"0":"post-84775","1":"product","2":"type-product","3":"status-publish","4":"has-post-thumbnail","6":"product_cat-alle-produkte","7":"product_cat-freizeitkleidung","8":"product_cat-sale","9":"product_cat-t-shirts-de","10":"product_cat-verkauf","12":"first","13":"outofstock","14":"taxable","15":"shipping-taxable","16":"purchasable","17":"product-type-variable"},"_links":{"self":[{"href":"https:\/\/scramblestuff.com\/eu\/de\/wp-json\/wp\/v2\/product\/84775","targetHints":{"allow":["GET"]}}],"collection":[{"href":"https:\/\/scramblestuff.com\/eu\/de\/wp-json\/wp\/v2\/product"}],"about":[{"href":"https:\/\/scramblestuff.com\/eu\/de\/wp-json\/wp\/v2\/types\/product"}],"replies":[{"embeddable":true,"href":"https:\/\/scramblestuff.com\/eu\/de\/wp-json\/wp\/v2\/comments?post=84775"}],"wp:featuredmedia":[{"embeddable":true,"href":"https:\/\/scramblestuff.com\/eu\/de\/wp-json\/wp\/v2\/media\/88140"}],"wp:attachment":[{"href":"https:\/\/scramblestuff.com\/eu\/de\/wp-json\/wp\/v2\/media?parent=84775"}],"wp:term":[{"taxonomy":"product_brand","embeddable":true,"href":"https:\/\/scramblestuff.com\/eu\/de\/wp-json\/wp\/v2\/product_brand?post=84775"},{"taxonomy":"product_cat","embeddable":true,"href":"https:\/\/scramblestuff.com\/eu\/de\/wp-json\/wp\/v2\/product_cat?post=84775"},{"taxonomy":"product_tag","embeddable":true,"href":"https:\/\/scramblestuff.com\/eu\/de\/wp-json\/wp\/v2\/product_tag?post=84775"},{"taxonomy":"giftcard-category","embeddable":true,"href":"https:\/\/scramblestuff.com\/eu\/de\/wp-json\/wp\/v2\/giftcard-category?post=84775"}],"curies":[{"name":"wp","href":"https:\/\/api.w.org\/{rel}","templated":true}]}}