{"id":92832,"date":"2024-09-03T12:39:12","date_gmt":"2024-09-03T11:39:12","guid":{"rendered":"https:\/\/scramblestuff.com\/eu\/p\/senshu-25-short-tights\/"},"modified":"2025-03-07T21:08:57","modified_gmt":"2025-03-07T21:08:57","slug":"senshu-25-short-tights","status":"publish","type":"product","link":"https:\/\/scramblestuff.com\/eu\/de\/p\/senshu-25-short-tights\/","title":{"rendered":"Senshu &#8217;25 Short Tights"},"content":{"rendered":"<p>Das neue Senshu-Kit f\u00fcr die Saison 2025. Dieses Set wurde von den besten Jiu-Jitsu- und Grappling-Athleten der Welt auf den gr\u00f6\u00dften B\u00fchnen wie Polaris, ADCC und CJI erprobt. <br \/>Diese kurzen Tights sind perfekt, um sie unter deinen Trainingsshorts oder deinem Gi zu tragen \u2013 f\u00fcr maximalen Komfort und eine kompakte Passform w\u00e4hrend des Trainings. Das hellblaue Ombre-Farbdesign passt perfekt zum restlichen Senshu No-Gi-Kit. <br \/>Mit integriertem Kordelzug f\u00fcr optimalen Halt.    <\/p>\n","protected":false},"excerpt":{"rendered":"<p>Senshu &#8217;25 Season Short Tights<br \/>\nPassendes Set erh\u00e4ltlich: Rashguard, Shorts, Short Tights<br \/>\nGetragen von Profi-Grapplern auf den gr\u00f6\u00dften B\u00fchnen<\/p>\n","protected":false},"featured_media":89527,"comment_status":"open","ping_status":"closed","template":"","meta":{"_editorskit_title_hidden":false,"_editorskit_reading_time":0,"_editorskit_is_block_options_detached":false,"_editorskit_block_options_position":"{}"},"product_brand":[600],"product_cat":[185,213,27,416,231],"product_tag":[449],"giftcard-category":[],"class_list":{"0":"post-92832","1":"product","2":"type-product","3":"status-publish","4":"has-post-thumbnail","6":"product_brand-scramble","7":"product_cat-alle-produkte","8":"product_cat-kampfwear","9":"product_cat-sale","10":"product_cat-spats-tights-de","11":"product_cat-verkauf","12":"product_tag-senshu-de","14":"first","15":"instock","16":"sale","17":"taxable","18":"shipping-taxable","19":"purchasable","20":"product-type-variable"},"_links":{"self":[{"href":"https:\/\/scramblestuff.com\/eu\/de\/wp-json\/wp\/v2\/product\/92832","targetHints":{"allow":["GET"]}}],"collection":[{"href":"https:\/\/scramblestuff.com\/eu\/de\/wp-json\/wp\/v2\/product"}],"about":[{"href":"https:\/\/scramblestuff.com\/eu\/de\/wp-json\/wp\/v2\/types\/product"}],"replies":[{"embeddable":true,"href":"https:\/\/scramblestuff.com\/eu\/de\/wp-json\/wp\/v2\/comments?post=92832"}],"wp:featuredmedia":[{"embeddable":true,"href":"https:\/\/scramblestuff.com\/eu\/de\/wp-json\/wp\/v2\/media\/89527"}],"wp:attachment":[{"href":"https:\/\/scramblestuff.com\/eu\/de\/wp-json\/wp\/v2\/media?parent=92832"}],"wp:term":[{"taxonomy":"product_brand","embeddable":true,"href":"https:\/\/scramblestuff.com\/eu\/de\/wp-json\/wp\/v2\/product_brand?post=92832"},{"taxonomy":"product_cat","embeddable":true,"href":"https:\/\/scramblestuff.com\/eu\/de\/wp-json\/wp\/v2\/product_cat?post=92832"},{"taxonomy":"product_tag","embeddable":true,"href":"https:\/\/scramblestuff.com\/eu\/de\/wp-json\/wp\/v2\/product_tag?post=92832"},{"taxonomy":"giftcard-category","embeddable":true,"href":"https:\/\/scramblestuff.com\/eu\/de\/wp-json\/wp\/v2\/giftcard-category?post=92832"}],"curies":[{"name":"wp","href":"https:\/\/api.w.org\/{rel}","templated":true}]}}