{"id":92839,"date":"2024-09-03T12:56:13","date_gmt":"2024-09-03T11:56:13","guid":{"rendered":"https:\/\/scramblestuff.com\/eu\/p\/senshu-25-shorts\/"},"modified":"2025-10-05T22:05:26","modified_gmt":"2025-10-05T21:05:26","slug":"senshu-25-shorts","status":"publish","type":"product","link":"https:\/\/scramblestuff.com\/eu\/de\/p\/senshu-25-shorts\/","title":{"rendered":"Senshu &#8217;25 Shorts"},"content":{"rendered":"<p>Das neue Senshu-Kit f\u00fcr die Saison 2025. Dieses Set wurde von den besten Jiu-Jitsu- und Grappling-Athleten der Welt auf den gr\u00f6\u00dften B\u00fchnen wie Polaris, ADCC und CJI erprobt. <br \/>Diese Grappling-Shorts sind mittellang und bieten die perfekte Balance zwischen Funktionalit\u00e4t und Style. Das hellblaue Ombre-Farbdesign passt perfekt zum restlichen Senshu No-Gi-Kit. Die Shorts sind mit einem markanten wei\u00dfen Saum und einem gewebten Senshu-Patch versehen. <br \/>Mit integriertem Kordelzug f\u00fcr optimalen Halt.     <\/p>\n","protected":false},"excerpt":{"rendered":"<p>Senshu &#8217;25 Season Grappling Shorts<br \/>\nPassendes Set erh\u00e4ltlich: Rashguard, Shorts, Short Tights<br \/>\nGetragen von Profi-Grapplern auf den gr\u00f6\u00dften B\u00fchnen<\/p>\n","protected":false},"featured_media":89555,"comment_status":"open","ping_status":"closed","template":"","meta":{"_editorskit_title_hidden":false,"_editorskit_reading_time":0,"_editorskit_is_block_options_detached":false,"_editorskit_block_options_position":"{}"},"product_brand":[600],"product_cat":[185,410,213,27,231],"product_tag":[449],"giftcard-category":[],"class_list":{"0":"post-92839","1":"product","2":"type-product","3":"status-publish","4":"has-post-thumbnail","6":"product_brand-scramble","7":"product_cat-alle-produkte","8":"product_cat-grappling-shorts-de","9":"product_cat-kampfwear","10":"product_cat-sale","11":"product_cat-verkauf","12":"product_tag-senshu-de","14":"first","15":"instock","16":"sale","17":"taxable","18":"shipping-taxable","19":"purchasable","20":"product-type-variable"},"_links":{"self":[{"href":"https:\/\/scramblestuff.com\/eu\/de\/wp-json\/wp\/v2\/product\/92839","targetHints":{"allow":["GET"]}}],"collection":[{"href":"https:\/\/scramblestuff.com\/eu\/de\/wp-json\/wp\/v2\/product"}],"about":[{"href":"https:\/\/scramblestuff.com\/eu\/de\/wp-json\/wp\/v2\/types\/product"}],"replies":[{"embeddable":true,"href":"https:\/\/scramblestuff.com\/eu\/de\/wp-json\/wp\/v2\/comments?post=92839"}],"wp:featuredmedia":[{"embeddable":true,"href":"https:\/\/scramblestuff.com\/eu\/de\/wp-json\/wp\/v2\/media\/89555"}],"wp:attachment":[{"href":"https:\/\/scramblestuff.com\/eu\/de\/wp-json\/wp\/v2\/media?parent=92839"}],"wp:term":[{"taxonomy":"product_brand","embeddable":true,"href":"https:\/\/scramblestuff.com\/eu\/de\/wp-json\/wp\/v2\/product_brand?post=92839"},{"taxonomy":"product_cat","embeddable":true,"href":"https:\/\/scramblestuff.com\/eu\/de\/wp-json\/wp\/v2\/product_cat?post=92839"},{"taxonomy":"product_tag","embeddable":true,"href":"https:\/\/scramblestuff.com\/eu\/de\/wp-json\/wp\/v2\/product_tag?post=92839"},{"taxonomy":"giftcard-category","embeddable":true,"href":"https:\/\/scramblestuff.com\/eu\/de\/wp-json\/wp\/v2\/giftcard-category?post=92839"}],"curies":[{"name":"wp","href":"https:\/\/api.w.org\/{rel}","templated":true}]}}