{"id":92847,"date":"2024-09-03T13:26:41","date_gmt":"2025-03-07T21:18:47","guid":{"rendered":"https:\/\/scramblestuff.com\/eu\/p\/senshu-25-rashguard\/"},"modified":"2025-03-07T21:18:47","modified_gmt":"2025-03-07T21:18:47","slug":"senshu-25-rashguard","status":"publish","type":"product","link":"https:\/\/scramblestuff.com\/eu\/de\/p\/senshu-25-rashguard\/","title":{"rendered":"Senshu &#8217;25 Rashguard"},"content":{"rendered":"<p>Das neue Senshu-Kit f\u00fcr die Saison 2025. Mit kr\u00e4ftigem, leuchtendem Wei\u00df auf einem neuen, hochwertigen Rashguard mit mattem Finish. <br \/>Dieses Kit wurde von den besten Jiu-Jitsu- und Grappling-Athleten der Welt auf den gr\u00f6\u00dften B\u00fchnen wie Polaris, ADCC und CJI erprobt. Der Rashguard tr\u00e4gt das bekannte Scramble Senshu-Logo \u2013 ein weltweit anerkanntes Qualit\u00e4tssiegel in der Jiu-Jitsu-Community. <br \/>Das Design kombiniert ein blaues Ombre-Farbspiel mit einem strahlend wei\u00dfen Hintergrund, der dezent mit einem geometrischen Muster in hellem Blau verziert ist.   <\/p>\n","protected":false},"excerpt":{"rendered":"<p>Senshu \u00b425 Season Rashguard<br \/>\nPassendes Set erh\u00e4ltlich: Rashguard, Shorts, Short Tights<br \/>\nGetragen von Profi-Grapplern auf den gr\u00f6\u00dften B\u00fchnen<\/p>\n","protected":false},"featured_media":89582,"comment_status":"open","ping_status":"closed","template":"","meta":{"_editorskit_title_hidden":false,"_editorskit_reading_time":0,"_editorskit_is_block_options_detached":false,"_editorskit_block_options_position":"{}"},"product_brand":[600],"product_cat":[185,213,405,231],"product_tag":[449],"giftcard-category":[],"class_list":{"0":"post-92847","1":"product","2":"type-product","3":"status-publish","4":"has-post-thumbnail","6":"product_brand-scramble","7":"product_cat-alle-produkte","8":"product_cat-kampfwear","9":"product_cat-rashguards-de","10":"product_cat-verkauf","11":"product_tag-senshu-de","13":"first","14":"instock","15":"taxable","16":"shipping-taxable","17":"purchasable","18":"product-type-variable"},"_links":{"self":[{"href":"https:\/\/scramblestuff.com\/eu\/de\/wp-json\/wp\/v2\/product\/92847","targetHints":{"allow":["GET"]}}],"collection":[{"href":"https:\/\/scramblestuff.com\/eu\/de\/wp-json\/wp\/v2\/product"}],"about":[{"href":"https:\/\/scramblestuff.com\/eu\/de\/wp-json\/wp\/v2\/types\/product"}],"replies":[{"embeddable":true,"href":"https:\/\/scramblestuff.com\/eu\/de\/wp-json\/wp\/v2\/comments?post=92847"}],"wp:featuredmedia":[{"embeddable":true,"href":"https:\/\/scramblestuff.com\/eu\/de\/wp-json\/wp\/v2\/media\/89582"}],"wp:attachment":[{"href":"https:\/\/scramblestuff.com\/eu\/de\/wp-json\/wp\/v2\/media?parent=92847"}],"wp:term":[{"taxonomy":"product_brand","embeddable":true,"href":"https:\/\/scramblestuff.com\/eu\/de\/wp-json\/wp\/v2\/product_brand?post=92847"},{"taxonomy":"product_cat","embeddable":true,"href":"https:\/\/scramblestuff.com\/eu\/de\/wp-json\/wp\/v2\/product_cat?post=92847"},{"taxonomy":"product_tag","embeddable":true,"href":"https:\/\/scramblestuff.com\/eu\/de\/wp-json\/wp\/v2\/product_tag?post=92847"},{"taxonomy":"giftcard-category","embeddable":true,"href":"https:\/\/scramblestuff.com\/eu\/de\/wp-json\/wp\/v2\/giftcard-category?post=92847"}],"curies":[{"name":"wp","href":"https:\/\/api.w.org\/{rel}","templated":true}]}}