{"id":92865,"date":"2024-09-26T14:21:05","date_gmt":"2024-09-26T13:21:05","guid":{"rendered":"https:\/\/scramblestuff.com\/eu\/p\/dorai-training-top\/"},"modified":"2026-03-25T22:42:35","modified_gmt":"2026-03-25T22:42:35","slug":"dorai-training-top","status":"publish","type":"product","link":"https:\/\/scramblestuff.com\/eu\/de\/p\/dorai-training-top\/","title":{"rendered":"Dorai Training-Top"},"content":{"rendered":"<p>Dieses leicht strukturierte \u201eDry-Fit\u201c-Training-Top ist weiter geschnitten als ein Rashguard, was dir mehr Bewegungsfreiheit bietet und zudem m\u00f6glicherweise einen Muffin-Top kaschiert \u2013 was nat\u00fcrlich gro\u00dfartig ist. Das Top ist au\u00dferdem l\u00e4nger geschnitten, ideal um es \u00fcberzuziehen oder in Shorts (oder Gi-Hosen) hineinzustecken. Es ist im Stil eines Fu\u00dfballtrikots gestaltet und tr\u00e4gt das Logo von Plus Alpha, einem geheimen Projekt, an dem wir derzeit arbeiten.<\/p>\n","protected":false},"excerpt":{"rendered":"<p>Midweight Training-Top mit leicht strukturiertem Stoff<br \/>\nNicht so figurbetont wie ein Rashguard<br \/>\nErinnert an ein Fu\u00dfballtrikot \u2013 nur noch cooler.<\/p>\n","protected":false},"featured_media":89892,"comment_status":"open","ping_status":"closed","template":"","meta":{"_editorskit_title_hidden":false,"_editorskit_reading_time":0,"_editorskit_is_block_options_detached":false,"_editorskit_block_options_position":"{}"},"product_brand":[600],"product_cat":[185,213,405],"product_tag":[],"giftcard-category":[],"class_list":{"0":"post-92865","1":"product","2":"type-product","3":"status-publish","4":"has-post-thumbnail","6":"product_brand-scramble","7":"product_cat-alle-produkte","8":"product_cat-kampfwear","9":"product_cat-rashguards-de","11":"first","12":"instock","13":"taxable","14":"shipping-taxable","15":"purchasable","16":"product-type-variable"},"_links":{"self":[{"href":"https:\/\/scramblestuff.com\/eu\/de\/wp-json\/wp\/v2\/product\/92865","targetHints":{"allow":["GET"]}}],"collection":[{"href":"https:\/\/scramblestuff.com\/eu\/de\/wp-json\/wp\/v2\/product"}],"about":[{"href":"https:\/\/scramblestuff.com\/eu\/de\/wp-json\/wp\/v2\/types\/product"}],"replies":[{"embeddable":true,"href":"https:\/\/scramblestuff.com\/eu\/de\/wp-json\/wp\/v2\/comments?post=92865"}],"wp:featuredmedia":[{"embeddable":true,"href":"https:\/\/scramblestuff.com\/eu\/de\/wp-json\/wp\/v2\/media\/89892"}],"wp:attachment":[{"href":"https:\/\/scramblestuff.com\/eu\/de\/wp-json\/wp\/v2\/media?parent=92865"}],"wp:term":[{"taxonomy":"product_brand","embeddable":true,"href":"https:\/\/scramblestuff.com\/eu\/de\/wp-json\/wp\/v2\/product_brand?post=92865"},{"taxonomy":"product_cat","embeddable":true,"href":"https:\/\/scramblestuff.com\/eu\/de\/wp-json\/wp\/v2\/product_cat?post=92865"},{"taxonomy":"product_tag","embeddable":true,"href":"https:\/\/scramblestuff.com\/eu\/de\/wp-json\/wp\/v2\/product_tag?post=92865"},{"taxonomy":"giftcard-category","embeddable":true,"href":"https:\/\/scramblestuff.com\/eu\/de\/wp-json\/wp\/v2\/giftcard-category?post=92865"}],"curies":[{"name":"wp","href":"https:\/\/api.w.org\/{rel}","templated":true}]}}