{"id":92900,"date":"2024-10-23T15:09:04","date_gmt":"2024-10-23T14:09:04","guid":{"rendered":"https:\/\/scramblestuff.com\/eu\/p\/mushin-fleece-schwarz\/"},"modified":"2026-02-09T14:11:19","modified_gmt":"2026-02-09T14:11:19","slug":"mushin-fleece-schwarz","status":"publish","type":"product","link":"https:\/\/scramblestuff.com\/eu\/de\/p\/mushin-fleece-schwarz\/","title":{"rendered":"Mushin Fleece &#8211; Schwarz"},"content":{"rendered":"<p>Bequeme, hochwertige Streetwear von Scramble. Hergestellt aus hochwertigem Polyester-Fleece mit einer weichen und warmen Innenseite. Diese Fleecejacken haben eine regul\u00e4re Passform, die Platz f\u00fcr zus\u00e4tzliche Schichten darunter l\u00e4sst. <br \/>Jede Jacke verf\u00fcgt \u00fcber drei Rei\u00dfverschlusstaschen und ein dezentes Scramble-Logo aus Gummi auf der Brust.  <\/p>\n","protected":false},"excerpt":{"rendered":"<p>Mittelschweres Polyester-Fleece (frei von tierischen Produkten)<\/p>\n<p>Bequemer Schnitt erm\u00f6glicht Schichtenlook<\/p>\n<p>Drei Rei\u00dfverschlusstaschen<\/p>\n","protected":false},"featured_media":90366,"comment_status":"open","ping_status":"closed","template":"","meta":{"_editorskit_title_hidden":false,"_editorskit_reading_time":0,"_editorskit_is_block_options_detached":false,"_editorskit_block_options_position":"{}"},"product_brand":[600],"product_cat":[185,189,201,27,231],"product_tag":[],"giftcard-category":[],"class_list":{"0":"post-92900","1":"product","2":"type-product","3":"status-publish","4":"has-post-thumbnail","6":"product_brand-scramble","7":"product_cat-alle-produkte","8":"product_cat-freizeitkleidung","9":"product_cat-jacken","10":"product_cat-sale","11":"product_cat-verkauf","13":"first","14":"instock","15":"sale","16":"taxable","17":"shipping-taxable","18":"purchasable","19":"product-type-variable"},"_links":{"self":[{"href":"https:\/\/scramblestuff.com\/eu\/de\/wp-json\/wp\/v2\/product\/92900","targetHints":{"allow":["GET"]}}],"collection":[{"href":"https:\/\/scramblestuff.com\/eu\/de\/wp-json\/wp\/v2\/product"}],"about":[{"href":"https:\/\/scramblestuff.com\/eu\/de\/wp-json\/wp\/v2\/types\/product"}],"replies":[{"embeddable":true,"href":"https:\/\/scramblestuff.com\/eu\/de\/wp-json\/wp\/v2\/comments?post=92900"}],"wp:featuredmedia":[{"embeddable":true,"href":"https:\/\/scramblestuff.com\/eu\/de\/wp-json\/wp\/v2\/media\/90366"}],"wp:attachment":[{"href":"https:\/\/scramblestuff.com\/eu\/de\/wp-json\/wp\/v2\/media?parent=92900"}],"wp:term":[{"taxonomy":"product_brand","embeddable":true,"href":"https:\/\/scramblestuff.com\/eu\/de\/wp-json\/wp\/v2\/product_brand?post=92900"},{"taxonomy":"product_cat","embeddable":true,"href":"https:\/\/scramblestuff.com\/eu\/de\/wp-json\/wp\/v2\/product_cat?post=92900"},{"taxonomy":"product_tag","embeddable":true,"href":"https:\/\/scramblestuff.com\/eu\/de\/wp-json\/wp\/v2\/product_tag?post=92900"},{"taxonomy":"giftcard-category","embeddable":true,"href":"https:\/\/scramblestuff.com\/eu\/de\/wp-json\/wp\/v2\/giftcard-category?post=92900"}],"curies":[{"name":"wp","href":"https:\/\/api.w.org\/{rel}","templated":true}]}}