{"id":92912,"date":"2024-10-24T14:35:47","date_gmt":"2024-10-24T13:35:47","guid":{"rendered":"https:\/\/scramblestuff.com\/eu\/p\/athlete-gi-weiss\/"},"modified":"2026-03-02T15:18:54","modified_gmt":"2026-03-02T15:18:54","slug":"athlete-gi-weiss","status":"publish","type":"product","link":"https:\/\/scramblestuff.com\/eu\/de\/p\/athlete-gi-weiss\/","title":{"rendered":"Athlete Gi &#8211; Wei\u00df"},"content":{"rendered":"<p>Der Athlete-Gi ist seit jeher das Flaggschiff von Scramble im Brazilian Jiu-Jitsu. Dieser Kimono wurde \u00fcber die Jahre hinweg mit viel Sorgfalt entwickelt und verfeinert \u2013 basierend auf dem Feedback von Athleten, Kunden sowie den Gr\u00fcndern und Mitarbeitern von Scramble, die fast alle selbst trainieren. <br \/>Der Gi besticht durch dezentes Scramble-Branding an wichtigen Stellen und entspricht vollst\u00e4ndig den IBJJF-Richtlinien. Zudem haben wir das GSM-Gewicht von Jacke und Hose klar angegeben, damit du problemlos die IBJJF-Inspektion bestehen kannst.   <\/p>\n<p>Und f\u00fcr diejenigen, die nicht an Wettk\u00e4mpfen teilnehmen, ist dieser Gi eine ausgezeichnete Wahl f\u00fcr den Alltag \u2013 robust genug, um intensivem t\u00e4glichem Training standzuhalten.<\/p>\n<p>Viele andere Marken mischen Baumwolle mit Polyester, da es g\u00fcnstiger ist und das Einlaufen reduziert. Wir hingegen setzen konsequent auf 100 % Baumwolle. Das ist nicht nur hautfreundlicher und bequemer, sondern auch atmungsaktiver, besonders wenn du schwitzt. <br \/>Dadurch kann der Gi m\u00f6glicherweise etwas einlaufen \u2013 aber nicht mehr als \u00fcblich. Du kannst dir sicher sein, dass dies ausschlie\u00dflich auf die reine Baumwollqualit\u00e4t zur\u00fcckzuf\u00fchren ist.  <\/p>\n<p>Dieser Gi wird ohne Gi-Tasche geliefert.<\/p>\n","protected":false},"excerpt":{"rendered":"<p>100% IBJJF &#8211; konform<\/p>\n<p>Passform und Tragegef\u00fchl in Premium-Qualit\u00e4t<\/p>\n<p>290 GSM Ripstop-Hose \/ 450 GSM Pearl-Weave-Jacke<\/p>\n<p>100% reine Baumwolle<\/p>\n","protected":false},"featured_media":90478,"comment_status":"open","ping_status":"closed","template":"","meta":{"_editorskit_title_hidden":false,"_editorskit_reading_time":0,"_editorskit_is_block_options_detached":false,"_editorskit_block_options_position":"{}"},"product_brand":[600],"product_cat":[185,381,213,27,231],"product_tag":[607],"giftcard-category":[],"class_list":{"0":"post-92912","1":"product","2":"type-product","3":"status-publish","4":"has-post-thumbnail","6":"product_brand-scramble","7":"product_cat-alle-produkte","8":"product_cat-bjj-gi-de","9":"product_cat-kampfwear","10":"product_cat-sale","11":"product_cat-verkauf","12":"product_tag-athlete-gi-de","14":"first","15":"instock","16":"sale","17":"taxable","18":"shipping-taxable","19":"purchasable","20":"product-type-variable"},"_links":{"self":[{"href":"https:\/\/scramblestuff.com\/eu\/de\/wp-json\/wp\/v2\/product\/92912","targetHints":{"allow":["GET"]}}],"collection":[{"href":"https:\/\/scramblestuff.com\/eu\/de\/wp-json\/wp\/v2\/product"}],"about":[{"href":"https:\/\/scramblestuff.com\/eu\/de\/wp-json\/wp\/v2\/types\/product"}],"replies":[{"embeddable":true,"href":"https:\/\/scramblestuff.com\/eu\/de\/wp-json\/wp\/v2\/comments?post=92912"}],"wp:featuredmedia":[{"embeddable":true,"href":"https:\/\/scramblestuff.com\/eu\/de\/wp-json\/wp\/v2\/media\/90478"}],"wp:attachment":[{"href":"https:\/\/scramblestuff.com\/eu\/de\/wp-json\/wp\/v2\/media?parent=92912"}],"wp:term":[{"taxonomy":"product_brand","embeddable":true,"href":"https:\/\/scramblestuff.com\/eu\/de\/wp-json\/wp\/v2\/product_brand?post=92912"},{"taxonomy":"product_cat","embeddable":true,"href":"https:\/\/scramblestuff.com\/eu\/de\/wp-json\/wp\/v2\/product_cat?post=92912"},{"taxonomy":"product_tag","embeddable":true,"href":"https:\/\/scramblestuff.com\/eu\/de\/wp-json\/wp\/v2\/product_tag?post=92912"},{"taxonomy":"giftcard-category","embeddable":true,"href":"https:\/\/scramblestuff.com\/eu\/de\/wp-json\/wp\/v2\/giftcard-category?post=92912"}],"curies":[{"name":"wp","href":"https:\/\/api.w.org\/{rel}","templated":true}]}}