{"id":92964,"date":"2024-10-23T15:09:04","date_gmt":"2024-10-23T14:09:04","guid":{"rendered":"https:\/\/scramblestuff.com\/eu\/p\/ame-jacket-tiger-camo-schwarz\/"},"modified":"2025-12-15T13:22:48","modified_gmt":"2025-12-15T13:22:48","slug":"ame-jacket-tiger-camo-schwarz","status":"publish","type":"product","link":"https:\/\/scramblestuff.com\/eu\/de\/p\/ame-jacket-tiger-camo-schwarz\/","title":{"rendered":"Ame Jacket &#8211; Tiger Camo \/ Schwarz"},"content":{"rendered":"<p>\u00dcberlegene Verarbeitung, Passform und Tragegef\u00fchl.<br \/>Diese leichte Regenjacke besteht aus exzellent wasserabweisendem Nylon mit spezieller Beschichtung sowie wasserdichten Rei\u00dfverschl\u00fcssen und einem leichten Mesh-Futter.<br \/>Ein elastischer Bund und Klettverschl\u00fcsse an den \u00c4rmeln erm\u00f6glichen eine individuelle Anpassung. <br \/>Das Design setzt auf markante Farbbl\u00f6cke in unserer beliebten Rot\/Marineblau-Kombination und ist mit reflektierenden Scramble-Logos f\u00fcr n\u00e4chtliche Abenteuer veredelt. Ein kleines, gepr\u00e4gtes Scramble-Logo aus Gummi auf der Brust rundet das Ganze ab. Einfach beeindruckend.     <\/p>\n","protected":false},"excerpt":{"rendered":"<p>Leichte Regenjacke<\/p>\n<p>Stark wasserabweisend<\/p>\n<p>Aktualisierte Verzierungen\/Details<\/p>\n","protected":false},"featured_media":90321,"comment_status":"open","ping_status":"closed","template":"","meta":{"_editorskit_title_hidden":false,"_editorskit_reading_time":0,"_editorskit_is_block_options_detached":false,"_editorskit_block_options_position":"{}"},"product_brand":[600],"product_cat":[185,201,27,231],"product_tag":[],"giftcard-category":[],"class_list":{"0":"post-92964","1":"product","2":"type-product","3":"status-publish","4":"has-post-thumbnail","6":"product_brand-scramble","7":"product_cat-alle-produkte","8":"product_cat-jacken","9":"product_cat-sale","10":"product_cat-verkauf","12":"first","13":"outofstock","14":"taxable","15":"shipping-taxable","16":"purchasable","17":"product-type-variable"},"_links":{"self":[{"href":"https:\/\/scramblestuff.com\/eu\/de\/wp-json\/wp\/v2\/product\/92964","targetHints":{"allow":["GET"]}}],"collection":[{"href":"https:\/\/scramblestuff.com\/eu\/de\/wp-json\/wp\/v2\/product"}],"about":[{"href":"https:\/\/scramblestuff.com\/eu\/de\/wp-json\/wp\/v2\/types\/product"}],"replies":[{"embeddable":true,"href":"https:\/\/scramblestuff.com\/eu\/de\/wp-json\/wp\/v2\/comments?post=92964"}],"wp:featuredmedia":[{"embeddable":true,"href":"https:\/\/scramblestuff.com\/eu\/de\/wp-json\/wp\/v2\/media\/90321"}],"wp:attachment":[{"href":"https:\/\/scramblestuff.com\/eu\/de\/wp-json\/wp\/v2\/media?parent=92964"}],"wp:term":[{"taxonomy":"product_brand","embeddable":true,"href":"https:\/\/scramblestuff.com\/eu\/de\/wp-json\/wp\/v2\/product_brand?post=92964"},{"taxonomy":"product_cat","embeddable":true,"href":"https:\/\/scramblestuff.com\/eu\/de\/wp-json\/wp\/v2\/product_cat?post=92964"},{"taxonomy":"product_tag","embeddable":true,"href":"https:\/\/scramblestuff.com\/eu\/de\/wp-json\/wp\/v2\/product_tag?post=92964"},{"taxonomy":"giftcard-category","embeddable":true,"href":"https:\/\/scramblestuff.com\/eu\/de\/wp-json\/wp\/v2\/giftcard-category?post=92964"}],"curies":[{"name":"wp","href":"https:\/\/api.w.org\/{rel}","templated":true}]}}