{"id":92970,"date":"2024-11-07T09:48:31","date_gmt":"2024-11-07T09:48:31","guid":{"rendered":"https:\/\/scramblestuff.com\/eu\/p\/fate-gi-schwarz\/"},"modified":"2026-03-02T11:10:26","modified_gmt":"2026-03-02T11:10:26","slug":"fate-gi-schwarz","status":"publish","type":"product","link":"https:\/\/scramblestuff.com\/eu\/de\/p\/fate-gi-schwarz\/","title":{"rendered":"Fate Gi &#8211; Schwarz"},"content":{"rendered":"<p>Das Konzept von FATE steht f\u00fcr &#8222;From Amateur to Expert&#8220; und richtet sich sowohl an absolute Anf\u00e4nger als auch an professionelle Wettk\u00e4mpfer \u2013 ein kompromissloser Gi mit einem unschlagbaren Preis-Leistungs-Verh\u00e4ltnis.<br \/>\nDer Gi hat die gleiche Passform wie unsere regul\u00e4ren Gis und besteht aus einer leichten Pearl-Weave-Jacke sowie bequemen Baumwoll-Twill-Hosen (kein Ripstop).<br \/>\nHergestellt aus 100 % hochwertiger Baumwolle (kein billiges Polyester) und 100 % IBJJF-konform. <\/p>\n<p>Der Gi wird mit einem kostenlosen wei\u00dfen G\u00fcrtel geliefert und ist somit die perfekte Wahl f\u00fcr alle, die gerade mit Jiu-Jitsu beginnen oder einen hochwertigen Anf\u00e4nger-BJJ-Gi suchen.<br \/>Falls du den wei\u00dfen G\u00fcrtel nicht ben\u00f6tigst, spende ihn einfach an dein lokales BJJ-Gym \u2013 dort wird er sicher einem Anf\u00e4nger zugutekommen. <\/p>\n","protected":false},"excerpt":{"rendered":"<p>100 % Baumwolle \u2013 Schwarzer Gi<br \/>\nIBJJF-konform<br \/>\nKostenloser wei\u00dfer G\u00fcrtel inklusive<br \/>\n380 GSM Pearl-Weave-Jacke, 230 GSM Baumwoll-Twill-Hose<\/p>\n","protected":false},"featured_media":92473,"comment_status":"open","ping_status":"closed","template":"","meta":{"_editorskit_title_hidden":false,"_editorskit_reading_time":0,"_editorskit_is_block_options_detached":false,"_editorskit_block_options_position":"{}"},"product_brand":[600],"product_cat":[185,381],"product_tag":[1120],"giftcard-category":[],"class_list":{"0":"post-92970","1":"product","2":"type-product","3":"status-publish","4":"has-post-thumbnail","6":"product_brand-scramble","7":"product_cat-alle-produkte","8":"product_cat-bjj-gi-de","9":"product_tag-das-schicksal","11":"first","12":"outofstock","13":"taxable","14":"shipping-taxable","15":"purchasable","16":"product-type-variable"},"_links":{"self":[{"href":"https:\/\/scramblestuff.com\/eu\/de\/wp-json\/wp\/v2\/product\/92970","targetHints":{"allow":["GET"]}}],"collection":[{"href":"https:\/\/scramblestuff.com\/eu\/de\/wp-json\/wp\/v2\/product"}],"about":[{"href":"https:\/\/scramblestuff.com\/eu\/de\/wp-json\/wp\/v2\/types\/product"}],"replies":[{"embeddable":true,"href":"https:\/\/scramblestuff.com\/eu\/de\/wp-json\/wp\/v2\/comments?post=92970"}],"wp:featuredmedia":[{"embeddable":true,"href":"https:\/\/scramblestuff.com\/eu\/de\/wp-json\/wp\/v2\/media\/92473"}],"wp:attachment":[{"href":"https:\/\/scramblestuff.com\/eu\/de\/wp-json\/wp\/v2\/media?parent=92970"}],"wp:term":[{"taxonomy":"product_brand","embeddable":true,"href":"https:\/\/scramblestuff.com\/eu\/de\/wp-json\/wp\/v2\/product_brand?post=92970"},{"taxonomy":"product_cat","embeddable":true,"href":"https:\/\/scramblestuff.com\/eu\/de\/wp-json\/wp\/v2\/product_cat?post=92970"},{"taxonomy":"product_tag","embeddable":true,"href":"https:\/\/scramblestuff.com\/eu\/de\/wp-json\/wp\/v2\/product_tag?post=92970"},{"taxonomy":"giftcard-category","embeddable":true,"href":"https:\/\/scramblestuff.com\/eu\/de\/wp-json\/wp\/v2\/giftcard-category?post=92970"}],"curies":[{"name":"wp","href":"https:\/\/api.w.org\/{rel}","templated":true}]}}