{"id":92995,"date":"2024-11-07T10:26:54","date_gmt":"2025-03-09T11:25:30","guid":{"rendered":"https:\/\/scramblestuff.com\/eu\/p\/furinkazan-t-shirt-schwarz\/"},"modified":"2025-03-09T11:29:43","modified_gmt":"2025-03-09T11:29:43","slug":"furinkazan-t-shirt-schwarz","status":"publish","type":"product","link":"https:\/\/scramblestuff.com\/eu\/de\/p\/furinkazan-t-shirt-schwarz\/","title":{"rendered":"Furinkazan T-Shirt &#8211; Schwarz"},"content":{"rendered":"<p>Unsere \u201eFurinkazan\u201c-T-Shirts aus schwerer, oversized Baumwolle pr\u00e4sentieren die originale Kalligrafiekunst von Shisamu Iwase aus der japanischen Kreativagentur A DESIGN LAB.<\/p>\n<p>Dieses hochwertige schwarze T-Shirt ist mit einem speziellen Wappen verziert, das die Phrase FURINKAZAN (\u98a8\u6797\u706b\u5c71) zeigt. Ein dezenter Washed-Effekt sorgt f\u00fcr eine leicht verwaschene Optik.<\/p>\n<p>FURINKAZAN war einst das Schlachtbanner des legend\u00e4ren Sengoku-Daimyo Takeda Shingen. Der Ausdruck verk\u00fcrzt ein Zitat von Sun Tzu, wobei jedes Kanji f\u00fcr ein Element steht: Wind, Wald, Feuer, Berg. Die vollst\u00e4ndige Bedeutung des Kriegsschreis lautet:<br \/>\n&#8222;So schnell wie der Wind, so sanft wie der Wald, so wild wie das Feuer, so unersch\u00fctterlich wie der Berg.&#8220;<br \/>\n<br \/>Diese T-Shirts sind nur in limitierter St\u00fcckzahl erh\u00e4ltlich und eignen sich perfekt als Sammlerst\u00fcck oder Geschenk.<\/p>\n<p>\u2060<\/p>\n<p>\u2060<\/p>\n","protected":false},"excerpt":{"rendered":"<p>Ultra-Premium Oversized T-Shirt in Schwarz<br \/>\nOriginal japanische Kalligrafiekunst<br \/>\nFurinkazan \u2013 Ein Kriegsschrei der Sengoku-\u00c4ra<\/p>\n","protected":false},"featured_media":91081,"comment_status":"open","ping_status":"closed","template":"","meta":{"_editorskit_title_hidden":false,"_editorskit_reading_time":0,"_editorskit_is_block_options_detached":false,"_editorskit_block_options_position":"{}"},"product_brand":[600],"product_cat":[185,209,231],"product_tag":[],"giftcard-category":[],"class_list":{"0":"post-92995","1":"product","2":"type-product","3":"status-publish","4":"has-post-thumbnail","6":"product_brand-scramble","7":"product_cat-alle-produkte","8":"product_cat-t-shirts-de","9":"product_cat-verkauf","11":"first","12":"outofstock","13":"taxable","14":"shipping-taxable","15":"purchasable","16":"product-type-variable"},"_links":{"self":[{"href":"https:\/\/scramblestuff.com\/eu\/de\/wp-json\/wp\/v2\/product\/92995","targetHints":{"allow":["GET"]}}],"collection":[{"href":"https:\/\/scramblestuff.com\/eu\/de\/wp-json\/wp\/v2\/product"}],"about":[{"href":"https:\/\/scramblestuff.com\/eu\/de\/wp-json\/wp\/v2\/types\/product"}],"replies":[{"embeddable":true,"href":"https:\/\/scramblestuff.com\/eu\/de\/wp-json\/wp\/v2\/comments?post=92995"}],"wp:featuredmedia":[{"embeddable":true,"href":"https:\/\/scramblestuff.com\/eu\/de\/wp-json\/wp\/v2\/media\/91081"}],"wp:attachment":[{"href":"https:\/\/scramblestuff.com\/eu\/de\/wp-json\/wp\/v2\/media?parent=92995"}],"wp:term":[{"taxonomy":"product_brand","embeddable":true,"href":"https:\/\/scramblestuff.com\/eu\/de\/wp-json\/wp\/v2\/product_brand?post=92995"},{"taxonomy":"product_cat","embeddable":true,"href":"https:\/\/scramblestuff.com\/eu\/de\/wp-json\/wp\/v2\/product_cat?post=92995"},{"taxonomy":"product_tag","embeddable":true,"href":"https:\/\/scramblestuff.com\/eu\/de\/wp-json\/wp\/v2\/product_tag?post=92995"},{"taxonomy":"giftcard-category","embeddable":true,"href":"https:\/\/scramblestuff.com\/eu\/de\/wp-json\/wp\/v2\/giftcard-category?post=92995"}],"curies":[{"name":"wp","href":"https:\/\/api.w.org\/{rel}","templated":true}]}}