{"id":93002,"date":"2024-11-07T10:39:21","date_gmt":"2024-11-07T10:39:21","guid":{"rendered":"https:\/\/scramblestuff.com\/eu\/p\/furinkazan-t-shirt-weiss\/"},"modified":"2025-09-07T21:07:54","modified_gmt":"2025-09-07T20:07:54","slug":"furinkazan-t-shirt-weiss","status":"publish","type":"product","link":"https:\/\/scramblestuff.com\/eu\/de\/p\/furinkazan-t-shirt-weiss\/","title":{"rendered":"Furinkazan T-Shirt &#8211; Wei\u00df"},"content":{"rendered":"<p>Unsere \u201eFurinkazan\u201c-T-Shirts aus schwerer, oversized Baumwolle pr\u00e4sentieren die originale Kalligrafiekunst von Shisamu Iwase aus der japanischen Kreativagentur A DESIGN LAB.\u2060<\/p>\n<p>Dieses hochwertige wei\u00dfe T-Shirt ist mit einem speziellen Wappen verziert, das die Phrase FURINKAZAN (\u98a8\u6797\u706b\u5c71) zeigt. Ein dezenter Washed-Effekt sorgt f\u00fcr eine leicht verwaschene Optik.<\/p>\n<p>FURINKAZAN war einst das Schlachtbanner des legend\u00e4ren Sengoku-Daimyo Takeda Shingen. Der Ausdruck verk\u00fcrzt ein Zitat von Sun Tzu, wobei jedes Kanji f\u00fcr ein Element steht: Wind, Wald, Feuer, Berg. Die vollst\u00e4ndige Bedeutung des Kriegsschreis lautet:<br \/>\n&#8222;So schnell wie der Wind, so sanft wie der Wald, so wild wie das Feuer, so unersch\u00fctterlich wie der Berg.&#8220;<br \/>\n<br \/>Diese T-Shirts sind nur in limitierter St\u00fcckzahl erh\u00e4ltlich und eignen sich perfekt als Sammlerst\u00fcck oder Geschenk.<\/p>\n<p>\u2060<\/p>\n<p>\u2060<\/p>\n","protected":false},"excerpt":{"rendered":"<p>Ultra-Premium Oversized T-Shirt in Wei\u00df<br \/>\nOriginal japanische Kalligrafiekunst<br \/>\nFurinkazan \u2013 Ein Kriegsschrei der Sengoku-\u00c4ra<\/p>\n","protected":false},"featured_media":91123,"comment_status":"open","ping_status":"closed","template":"","meta":{"_editorskit_title_hidden":false,"_editorskit_reading_time":0,"_editorskit_is_block_options_detached":false,"_editorskit_block_options_position":"{}"},"product_brand":[600],"product_cat":[185,27,209,231],"product_tag":[],"giftcard-category":[],"class_list":{"0":"post-93002","1":"product","2":"type-product","3":"status-publish","4":"has-post-thumbnail","6":"product_brand-scramble","7":"product_cat-alle-produkte","8":"product_cat-sale","9":"product_cat-t-shirts-de","10":"product_cat-verkauf","12":"first","13":"outofstock","14":"taxable","15":"shipping-taxable","16":"product-type-variable"},"_links":{"self":[{"href":"https:\/\/scramblestuff.com\/eu\/de\/wp-json\/wp\/v2\/product\/93002","targetHints":{"allow":["GET"]}}],"collection":[{"href":"https:\/\/scramblestuff.com\/eu\/de\/wp-json\/wp\/v2\/product"}],"about":[{"href":"https:\/\/scramblestuff.com\/eu\/de\/wp-json\/wp\/v2\/types\/product"}],"replies":[{"embeddable":true,"href":"https:\/\/scramblestuff.com\/eu\/de\/wp-json\/wp\/v2\/comments?post=93002"}],"wp:featuredmedia":[{"embeddable":true,"href":"https:\/\/scramblestuff.com\/eu\/de\/wp-json\/wp\/v2\/media\/91123"}],"wp:attachment":[{"href":"https:\/\/scramblestuff.com\/eu\/de\/wp-json\/wp\/v2\/media?parent=93002"}],"wp:term":[{"taxonomy":"product_brand","embeddable":true,"href":"https:\/\/scramblestuff.com\/eu\/de\/wp-json\/wp\/v2\/product_brand?post=93002"},{"taxonomy":"product_cat","embeddable":true,"href":"https:\/\/scramblestuff.com\/eu\/de\/wp-json\/wp\/v2\/product_cat?post=93002"},{"taxonomy":"product_tag","embeddable":true,"href":"https:\/\/scramblestuff.com\/eu\/de\/wp-json\/wp\/v2\/product_tag?post=93002"},{"taxonomy":"giftcard-category","embeddable":true,"href":"https:\/\/scramblestuff.com\/eu\/de\/wp-json\/wp\/v2\/giftcard-category?post=93002"}],"curies":[{"name":"wp","href":"https:\/\/api.w.org\/{rel}","templated":true}]}}