{"id":93016,"date":"2024-12-05T09:21:06","date_gmt":"2024-12-05T09:21:06","guid":{"rendered":"https:\/\/scramblestuff.com\/eu\/p\/scramble-x-pancrase-pankration-tee\/"},"modified":"2026-02-26T19:25:57","modified_gmt":"2026-02-26T19:25:57","slug":"scramble-x-pancrase-pankration-tee","status":"publish","type":"product","link":"https:\/\/scramblestuff.com\/eu\/de\/p\/scramble-x-pancrase-pankration-tee\/","title":{"rendered":"Scramble x Pancrase Pankration Tee"},"content":{"rendered":"<p>Das Scramble x Pancrase Pankration Tee ist ein schweres, oversized T-Shirt aus einer robusten und bequemen Baumwollmischung \u2013 perfekt f\u00fcr Training und Alltag.<br \/>Das markante Design ist inspiriert von Pancrase, der legend\u00e4ren Organisation, die seit 1993 mit ihrem hybriden Wrestling-Stil die Entwicklung von MMA und Grappling gepr\u00e4gt hat.<br \/>Dieses T-Shirt bietet eine lockere Passform, ideal f\u00fcr leichte Workouts, Freizeitkleidung oder als Layer \u00fcber der Trainingsausr\u00fcstung.<br \/>Dank der robusten Verarbeitung h\u00e4lt es wiederholtem Tragen und Waschen stand \u2013 eine vielseitige Wahl f\u00fcr Kampfsportler, Grappler und alle, die sich f\u00fcr die Geschichte des Kampfsports interessieren.   <\/p>\n","protected":false},"excerpt":{"rendered":"<p>Limited Edition Collaboration<br \/>\nOffiziell lizenziert von Pancrase<br \/>\nSchweres, oversized Design<\/p>\n","protected":false},"featured_media":91504,"comment_status":"open","ping_status":"closed","template":"","meta":{"_editorskit_title_hidden":false,"_editorskit_reading_time":0,"_editorskit_is_block_options_detached":false,"_editorskit_block_options_position":"{}"},"product_brand":[600],"product_cat":[185,189,209],"product_tag":[609],"giftcard-category":[],"class_list":{"0":"post-93016","1":"product","2":"type-product","3":"status-publish","4":"has-post-thumbnail","6":"product_brand-scramble","7":"product_cat-alle-produkte","8":"product_cat-freizeitkleidung","9":"product_cat-t-shirts-de","10":"product_tag-pancrase-de","12":"first","13":"instock","14":"taxable","15":"shipping-taxable","16":"purchasable","17":"product-type-variable"},"_links":{"self":[{"href":"https:\/\/scramblestuff.com\/eu\/de\/wp-json\/wp\/v2\/product\/93016","targetHints":{"allow":["GET"]}}],"collection":[{"href":"https:\/\/scramblestuff.com\/eu\/de\/wp-json\/wp\/v2\/product"}],"about":[{"href":"https:\/\/scramblestuff.com\/eu\/de\/wp-json\/wp\/v2\/types\/product"}],"replies":[{"embeddable":true,"href":"https:\/\/scramblestuff.com\/eu\/de\/wp-json\/wp\/v2\/comments?post=93016"}],"wp:featuredmedia":[{"embeddable":true,"href":"https:\/\/scramblestuff.com\/eu\/de\/wp-json\/wp\/v2\/media\/91504"}],"wp:attachment":[{"href":"https:\/\/scramblestuff.com\/eu\/de\/wp-json\/wp\/v2\/media?parent=93016"}],"wp:term":[{"taxonomy":"product_brand","embeddable":true,"href":"https:\/\/scramblestuff.com\/eu\/de\/wp-json\/wp\/v2\/product_brand?post=93016"},{"taxonomy":"product_cat","embeddable":true,"href":"https:\/\/scramblestuff.com\/eu\/de\/wp-json\/wp\/v2\/product_cat?post=93016"},{"taxonomy":"product_tag","embeddable":true,"href":"https:\/\/scramblestuff.com\/eu\/de\/wp-json\/wp\/v2\/product_tag?post=93016"},{"taxonomy":"giftcard-category","embeddable":true,"href":"https:\/\/scramblestuff.com\/eu\/de\/wp-json\/wp\/v2\/giftcard-category?post=93016"}],"curies":[{"name":"wp","href":"https:\/\/api.w.org\/{rel}","templated":true}]}}