{"id":93053,"date":"2025-01-23T09:30:08","date_gmt":"2025-03-09T12:48:20","guid":{"rendered":"https:\/\/scramblestuff.com\/eu\/p\/scramble-x-bad-hand-coffee-rashguard-weiss\/"},"modified":"2025-03-09T12:48:20","modified_gmt":"2025-03-09T12:48:20","slug":"scramble-x-bad-hand-coffee-rashguard-weiss","status":"publish","type":"product","link":"https:\/\/scramblestuff.com\/eu\/de\/p\/scramble-x-bad-hand-coffee-rashguard-weiss\/","title":{"rendered":"Scramble x Bad Hand Coffee Rashguard &#8211; Wei\u00df"},"content":{"rendered":"<p>Die Bad Hand x Scramble Kollaboration feiert zwei unserer gr\u00f6\u00dften Leidenschaften \u2013 Kaffee und Jiu-Jitsu.<br \/>Bad Hand ist eine R\u00f6sterei in der N\u00e4he des Scramble HQ, und Mitglieder beider Teams trainieren gemeinsam Jiu-Jitsu im Ippon Gym. Eine perfekte Verbindung, die in der Welt des Kaffees nicht besser sein k\u00f6nnte!<br \/>Diese Kollektion w\u00fcrdigt beide Marken und umfasst ein T-Shirt und ein Rashguard, beide mit handgezeichneten Designs. Zudem gibt es eine Spezialauswahl ihrer besten Kaffeebohnen.<br \/>Solange der Vorrat reicht, legen wir ein Probierpaket der Bohnen gratis zu jedem regul\u00e4r gekauften T-Shirt oder Rashguard dazu.    <\/p>\n<p>Die Kollektion wurde auch mit einem Open Mat im Ippon Gym und einem Popup-Store in der Bad Hand R\u00f6sterei offiziell vorgestellt.<br \/>Das Event war ein voller Erfolg und zog \u00fcber 100 Teilnehmer an. <\/p>\n<p>Dieses kurz\u00e4rmelige Rashguard pr\u00e4sentiert unser handgezeichnetes Kollaborations-Design, einen hochwertigen Multi-Panel-Schnitt und erstklassige Materialien.<\/p>\n","protected":false},"excerpt":{"rendered":"<p>Exklusive Limited Edition Kollaboration<br \/>\nKurz\u00e4rmlig mit einzigartiger Farbgebung.<\/p>\n","protected":false},"featured_media":92165,"comment_status":"open","ping_status":"closed","template":"","meta":{"_editorskit_title_hidden":false,"_editorskit_reading_time":0,"_editorskit_is_block_options_detached":false,"_editorskit_block_options_position":"{}"},"product_brand":[600],"product_cat":[185,213,405],"product_tag":[610],"giftcard-category":[],"class_list":{"0":"post-93053","1":"product","2":"type-product","3":"status-publish","4":"has-post-thumbnail","6":"product_brand-scramble","7":"product_cat-alle-produkte","8":"product_cat-kampfwear","9":"product_cat-rashguards-de","10":"product_tag-bad-hand-de","12":"first","13":"outofstock","14":"taxable","15":"shipping-taxable","16":"purchasable","17":"product-type-variable"},"_links":{"self":[{"href":"https:\/\/scramblestuff.com\/eu\/de\/wp-json\/wp\/v2\/product\/93053","targetHints":{"allow":["GET"]}}],"collection":[{"href":"https:\/\/scramblestuff.com\/eu\/de\/wp-json\/wp\/v2\/product"}],"about":[{"href":"https:\/\/scramblestuff.com\/eu\/de\/wp-json\/wp\/v2\/types\/product"}],"replies":[{"embeddable":true,"href":"https:\/\/scramblestuff.com\/eu\/de\/wp-json\/wp\/v2\/comments?post=93053"}],"wp:featuredmedia":[{"embeddable":true,"href":"https:\/\/scramblestuff.com\/eu\/de\/wp-json\/wp\/v2\/media\/92165"}],"wp:attachment":[{"href":"https:\/\/scramblestuff.com\/eu\/de\/wp-json\/wp\/v2\/media?parent=93053"}],"wp:term":[{"taxonomy":"product_brand","embeddable":true,"href":"https:\/\/scramblestuff.com\/eu\/de\/wp-json\/wp\/v2\/product_brand?post=93053"},{"taxonomy":"product_cat","embeddable":true,"href":"https:\/\/scramblestuff.com\/eu\/de\/wp-json\/wp\/v2\/product_cat?post=93053"},{"taxonomy":"product_tag","embeddable":true,"href":"https:\/\/scramblestuff.com\/eu\/de\/wp-json\/wp\/v2\/product_tag?post=93053"},{"taxonomy":"giftcard-category","embeddable":true,"href":"https:\/\/scramblestuff.com\/eu\/de\/wp-json\/wp\/v2\/giftcard-category?post=93053"}],"curies":[{"name":"wp","href":"https:\/\/api.w.org\/{rel}","templated":true}]}}