{"id":97686,"date":"2025-05-22T12:56:44","date_gmt":"2025-05-22T11:56:44","guid":{"rendered":"https:\/\/scramblestuff.com\/eu\/p\/dojo-gi-weiss-weiblicher-schnitt\/"},"modified":"2025-08-18T15:42:34","modified_gmt":"2025-08-18T14:42:34","slug":"dojo-gi-weiss-weiblicher-schnitt","status":"publish","type":"product","link":"https:\/\/scramblestuff.com\/eu\/de\/p\/dojo-gi-weiss-weiblicher-schnitt\/","title":{"rendered":"Dojo Gi &#8211; Wei\u00df &#8211; Weiblicher Schnitt"},"content":{"rendered":"<p>Der Dojo Gi ist der leichte, individuell anpassbare BJJ-Akademie-Kimono von Scramble. Dies ist das erste Modell, das wir aus Gr\u00fcnden der Bestandsverwaltung ausmustern, um Platz f\u00fcr eine aktualisierte Version zu schaffen. Das bedeutet eine gro\u00dfartige Gelegenheit, einen leichten, erschwinglichen BJJ-Kimono als zweiten oder dritten Kimono in Ihrer Rotation oder f\u00fcr Wettkampftage usw. zu erwerben.  <\/p>\n<p>Das Oberteil besteht aus 350 g\/m\u00b2 Perlgewebe und die Hose aus leichtem Ripstop.<\/p>\n","protected":false},"excerpt":{"rendered":"<p>Leichter Academy Gi<\/p>\n<p>Viel Platz f\u00fcr individuelle Gestaltung<\/p>\n<p>Restposten<\/p>\n","protected":false},"featured_media":95269,"comment_status":"open","ping_status":"closed","template":"","meta":{"_editorskit_title_hidden":false,"_editorskit_reading_time":0,"_editorskit_is_block_options_detached":false,"_editorskit_block_options_position":"{}"},"product_brand":[600],"product_cat":[185,242,238],"product_tag":[],"giftcard-category":[],"class_list":{"0":"post-97686","1":"product","2":"type-product","3":"status-publish","4":"has-post-thumbnail","6":"product_brand-scramble","7":"product_cat-alle-produkte","8":"product_cat-damen-bjj-gi","9":"product_cat-frauen","11":"first","12":"instock","13":"taxable","14":"shipping-taxable","15":"purchasable","16":"product-type-variable"},"_links":{"self":[{"href":"https:\/\/scramblestuff.com\/eu\/de\/wp-json\/wp\/v2\/product\/97686","targetHints":{"allow":["GET"]}}],"collection":[{"href":"https:\/\/scramblestuff.com\/eu\/de\/wp-json\/wp\/v2\/product"}],"about":[{"href":"https:\/\/scramblestuff.com\/eu\/de\/wp-json\/wp\/v2\/types\/product"}],"replies":[{"embeddable":true,"href":"https:\/\/scramblestuff.com\/eu\/de\/wp-json\/wp\/v2\/comments?post=97686"}],"wp:featuredmedia":[{"embeddable":true,"href":"https:\/\/scramblestuff.com\/eu\/de\/wp-json\/wp\/v2\/media\/95269"}],"wp:attachment":[{"href":"https:\/\/scramblestuff.com\/eu\/de\/wp-json\/wp\/v2\/media?parent=97686"}],"wp:term":[{"taxonomy":"product_brand","embeddable":true,"href":"https:\/\/scramblestuff.com\/eu\/de\/wp-json\/wp\/v2\/product_brand?post=97686"},{"taxonomy":"product_cat","embeddable":true,"href":"https:\/\/scramblestuff.com\/eu\/de\/wp-json\/wp\/v2\/product_cat?post=97686"},{"taxonomy":"product_tag","embeddable":true,"href":"https:\/\/scramblestuff.com\/eu\/de\/wp-json\/wp\/v2\/product_tag?post=97686"},{"taxonomy":"giftcard-category","embeddable":true,"href":"https:\/\/scramblestuff.com\/eu\/de\/wp-json\/wp\/v2\/giftcard-category?post=97686"}],"curies":[{"name":"wp","href":"https:\/\/api.w.org\/{rel}","templated":true}]}}