{"id":97725,"date":"2025-04-17T09:48:00","date_gmt":"2025-04-17T08:48:00","guid":{"rendered":"https:\/\/scramblestuff.com\/eu\/p\/fate-tanto-spats\/"},"modified":"2026-03-25T22:42:35","modified_gmt":"2026-03-25T22:42:35","slug":"fate-tanto-spats","status":"publish","type":"product","link":"https:\/\/scramblestuff.com\/eu\/de\/p\/fate-tanto-spats\/","title":{"rendered":"Fate Tanto Spats"},"content":{"rendered":"<div>\n<p>Die Tanto Spats bieten Kompressionsschutz in voller L\u00e4nge f\u00fcr das No-Gi-Training. Sie bestehen aus einem weichen, dehnbaren Material, das sich deinem K\u00f6rper anpasst, so dass die Spats an Ort und Stelle bleiben, ohne dass du sie st\u00e4ndig anpassen musst. Verst\u00e4rkte N\u00e4hte und strapazierf\u00e4hige Materialien sorgen daf\u00fcr, dass sie dem Druck standhalten, egal ob du trainierst, sparring machst oder an Wettk\u00e4mpfen teilnimmst.  <\/p>\n<\/div>\n<div>Wie der Rest der Kollektion ist das Branding dezent und die Details sind durchdacht &#8211; ein innenliegender Kordelzug h\u00e4lt die Passform eng, w\u00e4hrend Flatlock-N\u00e4hte Reibung und Hautirritationen reduzieren.<\/div>\n<div><\/div>\n<div>Die Fate-Serie reduziert alles auf das Wesentliche: hochwertige Materialien, zuverl\u00e4ssige Ausf\u00fchrung und ein fairer Preis. Einfach ist stark. <\/div>\n","protected":false},"excerpt":{"rendered":"<p>Kompressionspassform<\/p>\n<p>Elastischer Bund mit innenliegendem Kordelzug<\/p>\n<p>Sublimierte Grafiken, kein Abbl\u00e4ttern oder Verblassen<\/p>\n<p>Verst\u00e4rkte N\u00e4hte f\u00fcr Langlebigkeit beim Grappling<\/p>\n","protected":false},"featured_media":94107,"comment_status":"open","ping_status":"closed","template":"","meta":{"_editorskit_title_hidden":false,"_editorskit_reading_time":0,"_editorskit_is_block_options_detached":false,"_editorskit_block_options_position":"{}"},"product_brand":[],"product_cat":[185,213,416],"product_tag":[1120],"giftcard-category":[],"class_list":{"0":"post-97725","1":"product","2":"type-product","3":"status-publish","4":"has-post-thumbnail","6":"product_cat-alle-produkte","7":"product_cat-kampfwear","8":"product_cat-spats-tights-de","9":"product_tag-das-schicksal","11":"first","12":"instock","13":"taxable","14":"shipping-taxable","15":"purchasable","16":"product-type-variable"},"_links":{"self":[{"href":"https:\/\/scramblestuff.com\/eu\/de\/wp-json\/wp\/v2\/product\/97725","targetHints":{"allow":["GET"]}}],"collection":[{"href":"https:\/\/scramblestuff.com\/eu\/de\/wp-json\/wp\/v2\/product"}],"about":[{"href":"https:\/\/scramblestuff.com\/eu\/de\/wp-json\/wp\/v2\/types\/product"}],"replies":[{"embeddable":true,"href":"https:\/\/scramblestuff.com\/eu\/de\/wp-json\/wp\/v2\/comments?post=97725"}],"wp:featuredmedia":[{"embeddable":true,"href":"https:\/\/scramblestuff.com\/eu\/de\/wp-json\/wp\/v2\/media\/94107"}],"wp:attachment":[{"href":"https:\/\/scramblestuff.com\/eu\/de\/wp-json\/wp\/v2\/media?parent=97725"}],"wp:term":[{"taxonomy":"product_brand","embeddable":true,"href":"https:\/\/scramblestuff.com\/eu\/de\/wp-json\/wp\/v2\/product_brand?post=97725"},{"taxonomy":"product_cat","embeddable":true,"href":"https:\/\/scramblestuff.com\/eu\/de\/wp-json\/wp\/v2\/product_cat?post=97725"},{"taxonomy":"product_tag","embeddable":true,"href":"https:\/\/scramblestuff.com\/eu\/de\/wp-json\/wp\/v2\/product_tag?post=97725"},{"taxonomy":"giftcard-category","embeddable":true,"href":"https:\/\/scramblestuff.com\/eu\/de\/wp-json\/wp\/v2\/giftcard-category?post=97725"}],"curies":[{"name":"wp","href":"https:\/\/api.w.org\/{rel}","templated":true}]}}