{"id":97732,"date":"2025-04-17T09:48:00","date_gmt":"2025-04-17T08:48:00","guid":{"rendered":"https:\/\/scramblestuff.com\/eu\/p\/fate-tanto-rashguard-kurzarm\/"},"modified":"2026-02-01T22:40:56","modified_gmt":"2026-02-01T22:40:56","slug":"fate-tanto-rashguard-kurzarm","status":"publish","type":"product","link":"https:\/\/scramblestuff.com\/eu\/de\/p\/fate-tanto-rashguard-kurzarm\/","title":{"rendered":"Fate Tanto Rashguard &#8211; Kurzarm"},"content":{"rendered":"<div>\n<p>Die Tanto Rashguards sind f\u00fcr das Grappling ohne Schnickschnack konzipiert. Sie sind sowohl in einer kurz- als auch in einer lang\u00e4rmeligen Version erh\u00e4ltlich und bestehen aus einem weichen Poly-Elastan-Gemisch, das gleicherma\u00dfen dehnbar, komprimierbar und atmungsaktiv ist. Die Flatlock-N\u00e4hte verhindern Irritationen und halten lange, egal ob du t\u00e4glich trainierst oder regelm\u00e4\u00dfig an Wettk\u00e4mpfen teilnimmst.  <\/p>\n<\/div>\n<div>Die Grafiken sind vollst\u00e4ndig in den Stoff sublimiert &#8211; kein Rei\u00dfen, Abbl\u00e4ttern oder Verblassen mit der Zeit. Die Passform ist sportlich, ohne einzuengen. Sie liegt eng am K\u00f6rper an, um unn\u00f6tiges Greifen oder Verrutschen beim Rollen zu verhindern. <\/div>\n<div><\/div>\n<div>Die Fate-Serie reduziert alles auf das Wesentliche: hochwertige Materialien, zuverl\u00e4ssige Ausf\u00fchrung und ein fairer Preis. Einfach ist stark. <\/div>\n","protected":false},"excerpt":{"rendered":"<p>Teil der Fate Range<\/p>\n<p>Strapazierf\u00e4hige Flatlock-N\u00e4hte<\/p>\n<p>Sportlicher Schnitt<\/p>\n<p>Sublimierte Grafiken, die nicht abbl\u00e4ttern oder rei\u00dfen<\/p>\n","protected":false},"featured_media":94137,"comment_status":"open","ping_status":"closed","template":"","meta":{"_editorskit_title_hidden":false,"_editorskit_reading_time":0,"_editorskit_is_block_options_detached":false,"_editorskit_block_options_position":"{}"},"product_brand":[],"product_cat":[185,213,405],"product_tag":[1120],"giftcard-category":[],"class_list":{"0":"post-97732","1":"product","2":"type-product","3":"status-publish","4":"has-post-thumbnail","6":"product_cat-alle-produkte","7":"product_cat-kampfwear","8":"product_cat-rashguards-de","9":"product_tag-das-schicksal","11":"first","12":"instock","13":"taxable","14":"shipping-taxable","15":"purchasable","16":"product-type-variable"},"_links":{"self":[{"href":"https:\/\/scramblestuff.com\/eu\/de\/wp-json\/wp\/v2\/product\/97732","targetHints":{"allow":["GET"]}}],"collection":[{"href":"https:\/\/scramblestuff.com\/eu\/de\/wp-json\/wp\/v2\/product"}],"about":[{"href":"https:\/\/scramblestuff.com\/eu\/de\/wp-json\/wp\/v2\/types\/product"}],"replies":[{"embeddable":true,"href":"https:\/\/scramblestuff.com\/eu\/de\/wp-json\/wp\/v2\/comments?post=97732"}],"wp:featuredmedia":[{"embeddable":true,"href":"https:\/\/scramblestuff.com\/eu\/de\/wp-json\/wp\/v2\/media\/94137"}],"wp:attachment":[{"href":"https:\/\/scramblestuff.com\/eu\/de\/wp-json\/wp\/v2\/media?parent=97732"}],"wp:term":[{"taxonomy":"product_brand","embeddable":true,"href":"https:\/\/scramblestuff.com\/eu\/de\/wp-json\/wp\/v2\/product_brand?post=97732"},{"taxonomy":"product_cat","embeddable":true,"href":"https:\/\/scramblestuff.com\/eu\/de\/wp-json\/wp\/v2\/product_cat?post=97732"},{"taxonomy":"product_tag","embeddable":true,"href":"https:\/\/scramblestuff.com\/eu\/de\/wp-json\/wp\/v2\/product_tag?post=97732"},{"taxonomy":"giftcard-category","embeddable":true,"href":"https:\/\/scramblestuff.com\/eu\/de\/wp-json\/wp\/v2\/giftcard-category?post=97732"}],"curies":[{"name":"wp","href":"https:\/\/api.w.org\/{rel}","templated":true}]}}