{"id":97789,"date":"2025-05-27T13:32:22","date_gmt":"2025-05-27T12:32:22","guid":{"rendered":"https:\/\/scramblestuff.com\/eu\/p\/burning-tiger-rashguard-kinder\/"},"modified":"2025-08-09T11:49:04","modified_gmt":"2025-08-09T10:49:04","slug":"burning-tiger-rashguard-kinder","status":"publish","type":"product","link":"https:\/\/scramblestuff.com\/eu\/de\/p\/burning-tiger-rashguard-kinder\/","title":{"rendered":"Burning Tiger Rashguard &#8211; Kinder"},"content":{"rendered":"<p>Der Rashguard ist bequem und bietet volle Bewegungsfreiheit. Ein kleines Geheimnis &#8211; das gilt auch f\u00fcr jedes andere dehnbare Material, aber das ist es, was Marken tun &#8211; sie erfinden Dinge, die cool klingen.  Volle Bewegungsfreiheit! Wow. Als ob man nicht den vollen Bewegungsradius haben k\u00f6nnte, w\u00e4hrend man ein T-Shirt oder was auch immer tr\u00e4gt.<\/p>\n<p>Aber die Hauptsache ist, dass TIGER, die brennen, COOL aussehen&#8230;SEHR!<\/p>\n","protected":false},"excerpt":{"rendered":"<p>Tiger sind cool, und Flammen auch<\/p>\n<p>Ergo, dieser Rashguard<\/p>\n<p>Premium Qualit\u00e4t<\/p>\n","protected":false},"featured_media":95444,"comment_status":"open","ping_status":"closed","template":"","meta":{"_editorskit_title_hidden":false,"_editorskit_reading_time":0,"_editorskit_is_block_options_detached":false,"_editorskit_block_options_position":"{}"},"product_brand":[600],"product_cat":[185,227],"product_tag":[],"giftcard-category":[],"class_list":{"0":"post-97789","1":"product","2":"type-product","3":"status-publish","4":"has-post-thumbnail","6":"product_brand-scramble","7":"product_cat-alle-produkte","8":"product_cat-kinder","10":"first","11":"instock","12":"taxable","13":"shipping-taxable","14":"purchasable","15":"product-type-variable"},"_links":{"self":[{"href":"https:\/\/scramblestuff.com\/eu\/de\/wp-json\/wp\/v2\/product\/97789","targetHints":{"allow":["GET"]}}],"collection":[{"href":"https:\/\/scramblestuff.com\/eu\/de\/wp-json\/wp\/v2\/product"}],"about":[{"href":"https:\/\/scramblestuff.com\/eu\/de\/wp-json\/wp\/v2\/types\/product"}],"replies":[{"embeddable":true,"href":"https:\/\/scramblestuff.com\/eu\/de\/wp-json\/wp\/v2\/comments?post=97789"}],"wp:featuredmedia":[{"embeddable":true,"href":"https:\/\/scramblestuff.com\/eu\/de\/wp-json\/wp\/v2\/media\/95444"}],"wp:attachment":[{"href":"https:\/\/scramblestuff.com\/eu\/de\/wp-json\/wp\/v2\/media?parent=97789"}],"wp:term":[{"taxonomy":"product_brand","embeddable":true,"href":"https:\/\/scramblestuff.com\/eu\/de\/wp-json\/wp\/v2\/product_brand?post=97789"},{"taxonomy":"product_cat","embeddable":true,"href":"https:\/\/scramblestuff.com\/eu\/de\/wp-json\/wp\/v2\/product_cat?post=97789"},{"taxonomy":"product_tag","embeddable":true,"href":"https:\/\/scramblestuff.com\/eu\/de\/wp-json\/wp\/v2\/product_tag?post=97789"},{"taxonomy":"giftcard-category","embeddable":true,"href":"https:\/\/scramblestuff.com\/eu\/de\/wp-json\/wp\/v2\/giftcard-category?post=97789"}],"curies":[{"name":"wp","href":"https:\/\/api.w.org\/{rel}","templated":true}]}}