{"id":97799,"date":"2025-05-27T13:32:23","date_gmt":"2025-05-27T12:32:23","guid":{"rendered":"https:\/\/scramblestuff.com\/eu\/p\/baka-shorts-kinder-schwarz-gold\/"},"modified":"2025-08-09T11:52:38","modified_gmt":"2025-08-09T10:52:38","slug":"baka-shorts-kinder-schwarz-gold","status":"publish","type":"product","link":"https:\/\/scramblestuff.com\/eu\/de\/p\/baka-shorts-kinder-schwarz-gold\/","title":{"rendered":"Baka Shorts Kinder &#8211; Schwarz\/Gold"},"content":{"rendered":"<p>Das Baka-Set sollte urspr\u00fcnglich Baku hei\u00dfen, wie in bakuhatsu, was japanisch f\u00fcr Explosion ist, weil die Scramble-Logos &#8218;explodiert&#8216; sind. Aber wir haben uns f\u00fcr Baka entschieden, weil es lustig ist, denn &#8218;baka&#8216; bedeutet auf Japanisch dummer Idiot. &#8222;Baka survivor&#8220;! Wie dem auch sei, es spielt keine Rolle, denn dies ist eines der besten No-Gi-Sets, das wir je herausgebracht haben.<\/p>\n","protected":false},"excerpt":{"rendered":"<p>\u00dcbergro\u00dfe Scramble-Logos, die aus den N\u00e4hten platzen<\/p>\n<p>Teil des BAKA No-Gi-Sets<\/p>\n<p>Wei\u00dft du, was Baka bedeutet?<\/p>\n<p>Athletischer, taillierter Schnitt<\/p>\n","protected":false},"featured_media":95489,"comment_status":"open","ping_status":"closed","template":"","meta":{"_editorskit_title_hidden":false,"_editorskit_reading_time":0,"_editorskit_is_block_options_detached":false,"_editorskit_block_options_position":"{}"},"product_brand":[600],"product_cat":[185,227],"product_tag":[],"giftcard-category":[],"class_list":{"0":"post-97799","1":"product","2":"type-product","3":"status-publish","4":"has-post-thumbnail","6":"product_brand-scramble","7":"product_cat-alle-produkte","8":"product_cat-kinder","10":"first","11":"instock","12":"taxable","13":"shipping-taxable","14":"purchasable","15":"product-type-variable"},"_links":{"self":[{"href":"https:\/\/scramblestuff.com\/eu\/de\/wp-json\/wp\/v2\/product\/97799","targetHints":{"allow":["GET"]}}],"collection":[{"href":"https:\/\/scramblestuff.com\/eu\/de\/wp-json\/wp\/v2\/product"}],"about":[{"href":"https:\/\/scramblestuff.com\/eu\/de\/wp-json\/wp\/v2\/types\/product"}],"replies":[{"embeddable":true,"href":"https:\/\/scramblestuff.com\/eu\/de\/wp-json\/wp\/v2\/comments?post=97799"}],"wp:featuredmedia":[{"embeddable":true,"href":"https:\/\/scramblestuff.com\/eu\/de\/wp-json\/wp\/v2\/media\/95489"}],"wp:attachment":[{"href":"https:\/\/scramblestuff.com\/eu\/de\/wp-json\/wp\/v2\/media?parent=97799"}],"wp:term":[{"taxonomy":"product_brand","embeddable":true,"href":"https:\/\/scramblestuff.com\/eu\/de\/wp-json\/wp\/v2\/product_brand?post=97799"},{"taxonomy":"product_cat","embeddable":true,"href":"https:\/\/scramblestuff.com\/eu\/de\/wp-json\/wp\/v2\/product_cat?post=97799"},{"taxonomy":"product_tag","embeddable":true,"href":"https:\/\/scramblestuff.com\/eu\/de\/wp-json\/wp\/v2\/product_tag?post=97799"},{"taxonomy":"giftcard-category","embeddable":true,"href":"https:\/\/scramblestuff.com\/eu\/de\/wp-json\/wp\/v2\/giftcard-category?post=97799"}],"curies":[{"name":"wp","href":"https:\/\/api.w.org\/{rel}","templated":true}]}}